{"id":709030,"date":"2025-08-27T16:20:38","date_gmt":"2025-08-27T13:20:38","guid":{"rendered":"https:\/\/roveyayinevi.com.tr\/index.php\/urun\/oasis\/"},"modified":"2026-04-16T02:17:39","modified_gmt":"2026-04-15T23:17:39","slug":"oasis","status":"publish","type":"product","link":"https:\/\/roveyayinevi.com.tr\/index.php\/urun\/oasis\/","title":{"rendered":"Oasis"},"content":{"rendered":"<p>Yak\u0131n bir gelecekte, bir vir\u00fcs insan \u0131rk\u0131n\u0131 yok olman\u0131n e\u015fi\u011fine s\u00fcr\u00fckleyecek. Kontrol giri\u015fimlerimizden daha h\u0131zl\u0131 yay\u0131lan hastal\u0131\u011f\u0131n getirdi\u011fi \u00e7aresizlikle \u00e7\u00f6k\u00fc\u015fe s\u00fcr\u00fcklenen bir toplumda, ayakta kalan son \u015fehir ya\u015famay\u0131 ba\u015faranlar\u0131n umut \u0131\u015f\u0131\u011f\u0131 olacak. D\u0131\u015f d\u00fcnyadan etraf\u0131n\u0131 \u00e7eviren duvarlarla ayr\u0131lan insanl\u0131\u011f\u0131n son kalesi bu \u015fehrin ad\u0131 Oasis. \u0130ktidar\u0131n ne pahas\u0131na olursa olsun uygulamaya ba\u015flad\u0131\u011f\u0131 g\u00fcvenlik politikas\u0131 \u015fehir sakinlerinin ya\u015fam\u0131n\u0131 yeni ve tekinsiz bir yolculu\u011fa s\u00fcr\u00fckler. B\u00f6ylesi bir d\u00fcnyaya g\u00f6zlerini Seylan \u015eehri&#8217;nde bir Safkan olarak a\u00e7an Quincy Emerson, yedi ya\u015f\u0131nda Oasis&#8217;in t\u00fcm gen\u00e7lerine uygulanan genetik teste tabi tutulur. Test sonucu Quincy&#8217;nin potansiyel vir\u00fcs ta\u015f\u0131y\u0131c\u0131s\u0131 olma ihtimali bar\u0131nd\u0131ran genetik i\u015faretlere sahip oldu\u011funu g\u00f6sterir. Ailesinden kopar\u0131larak Oasis&#8217;in alt s\u0131n\u0131f gen\u00e7lerini bar\u0131nd\u0131rmak \u00fczere in\u015fa edilmi\u015f ac\u0131mas\u0131z Uzak B\u00f6lge Yurtlar\u0131&#8217;na g\u00f6nderilen Quincy&#8217;nin hayat\u0131, fiziksel \u015fiddet, ayr\u0131mc\u0131l\u0131k ve elektrik santralindeki beden i\u015f\u00e7ili\u011finin inan\u0131lmaz yorgunlu\u011fundan olu\u015fan bir rutine d\u00f6n\u00fc\u015f\u00fcr.  Fakat Oasis&#8217;in duvarlar\u0131 ard\u0131nda bir \u015feyler k\u00f6k salmakta ve Quincy&#8217;i al\u0131p g\u00f6t\u00fcrmek i\u00e7in haz\u0131rlanmaktad\u0131r. Kaderin genlerde yazm\u0131yor olma ihtimali yepyeni d\u00fcnyalara bir kap\u0131 a\u00e7ar&#8230; <\/p>\n","protected":false},"excerpt":{"rendered":"<p>Yak\u0131n bir gelecekte, bir vir\u00fcs insan \u0131rk\u0131n\u0131 yok olman\u0131n e\u015fi\u011fine s\u00fcr\u00fckleyecek. Kontrol giri\u015fimlerimizden daha h\u0131zl\u0131 yay\u0131lan hastal\u0131\u011f\u0131n getirdi\u011fi \u00e7aresizlikle \u00e7\u00f6k\u00fc\u015fe s\u00fcr\u00fcklenen bir toplumda, ayakta kalan son<span class=\"excerpt-hellip\"> [\u2026]<\/span><\/p>\n","protected":false},"featured_media":0,"template":"","meta":{"_monsterinsights_skip_tracking":false,"_monsterinsights_sitenote_active":false,"_monsterinsights_sitenote_note":"","_monsterinsights_sitenote_category":0},"product_brand":[],"product_cat":[12540,12291],"product_tag":[],"class_list":{"0":"post-709030","1":"product","2":"type-product","3":"status-publish","5":"product_cat-bilim-kurgu","6":"product_cat-edebiyat","7":"pa_cilt-ciltsiz","8":"pa_tur-kitap","9":"pa_yayinevi-timas-yayinlari","10":"pa_yazar-eilis-barrett","12":"first","13":"instock","14":"sale","15":"shipping-taxable","16":"purchasable","17":"product-type-simple"},"_links":{"self":[{"href":"https:\/\/roveyayinevi.com.tr\/index.php\/wp-json\/wp\/v2\/product\/709030","targetHints":{"allow":["GET"]}}],"collection":[{"href":"https:\/\/roveyayinevi.com.tr\/index.php\/wp-json\/wp\/v2\/product"}],"about":[{"href":"https:\/\/roveyayinevi.com.tr\/index.php\/wp-json\/wp\/v2\/types\/product"}],"wp:attachment":[{"href":"https:\/\/roveyayinevi.com.tr\/index.php\/wp-json\/wp\/v2\/media?parent=709030"}],"wp:term":[{"taxonomy":"product_brand","embeddable":true,"href":"https:\/\/roveyayinevi.com.tr\/index.php\/wp-json\/wp\/v2\/product_brand?post=709030"},{"taxonomy":"product_cat","embeddable":true,"href":"https:\/\/roveyayinevi.com.tr\/index.php\/wp-json\/wp\/v2\/product_cat?post=709030"},{"taxonomy":"product_tag","embeddable":true,"href":"https:\/\/roveyayinevi.com.tr\/index.php\/wp-json\/wp\/v2\/product_tag?post=709030"}],"curies":[{"name":"wp","href":"https:\/\/api.w.org\/{rel}","templated":true}]}}