{"id":709028,"date":"2025-08-27T16:20:37","date_gmt":"2025-08-27T13:20:37","guid":{"rendered":"https:\/\/roveyayinevi.com.tr\/index.php\/urun\/psikanaliz-ve-savas-nevrozlari\/"},"modified":"2026-04-16T02:17:39","modified_gmt":"2026-04-15T23:17:39","slug":"psikanaliz-ve-savas-nevrozlari","status":"publish","type":"product","link":"https:\/\/roveyayinevi.com.tr\/index.php\/urun\/psikanaliz-ve-savas-nevrozlari\/","title":{"rendered":"Psikanaliz ve Sava\u015f Nevrozlar\u0131"},"content":{"rendered":"<p>Freud\u2019un en yak\u0131n\u0131ndaki \u00f6\u011frencilerinin her biri, 1. D\u00fcnya Sava\u015f\u0131 s\u0131ras\u0131nda doktorluk yapmaya ve hastalar\u0131 psikanaliz yoluyla iyile\u015ftirmeye devam etti. Sava\u015f sona ererken de Budape\u015fte\u2019de bir araya geldiler ve Psikanaliz Kongresinde tecr\u00fcbelerini payla\u015ft\u0131lar. Bu \u00e7al\u0131\u015fma, di\u011fer nevrozlarla birlikte sava\u015f nevrozlar\u0131 i\u00e7in de en uygun tedavi yolunun psikanaliz oldu\u011funu g\u00f6sterir. <\/p>\n","protected":false},"excerpt":{"rendered":"<p>Freud\u2019un en yak\u0131n\u0131ndaki \u00f6\u011frencilerinin her biri, 1. D\u00fcnya Sava\u015f\u0131 s\u0131ras\u0131nda doktorluk yapmaya ve hastalar\u0131 psikanaliz yoluyla iyile\u015ftirmeye devam etti. Sava\u015f sona ererken de Budape\u015fte\u2019de bir araya<span class=\"excerpt-hellip\"> [\u2026]<\/span><\/p>\n","protected":false},"featured_media":0,"template":"","meta":{"_monsterinsights_skip_tracking":false,"_monsterinsights_sitenote_active":false,"_monsterinsights_sitenote_note":"","_monsterinsights_sitenote_category":0},"product_brand":[],"product_cat":[13772,12364],"product_tag":[],"class_list":{"0":"post-709028","1":"product","2":"type-product","3":"status-publish","5":"product_cat-basvuru-kitaplari","6":"product_cat-genel-konular","7":"pa_cilt-ciltsiz","8":"pa_tur-kitap","9":"pa_yayinevi-pinhan-yayincilik","10":"pa_yazar-ernest-jones","11":"pa_yazar-ernst-simmel","12":"pa_yazar-karl-abraham","13":"pa_yazar-sandor-ferenczi","14":"pa_yazar-sigmund-freud","16":"first","17":"instock","18":"sale","19":"shipping-taxable","20":"purchasable","21":"product-type-simple"},"_links":{"self":[{"href":"https:\/\/roveyayinevi.com.tr\/index.php\/wp-json\/wp\/v2\/product\/709028","targetHints":{"allow":["GET"]}}],"collection":[{"href":"https:\/\/roveyayinevi.com.tr\/index.php\/wp-json\/wp\/v2\/product"}],"about":[{"href":"https:\/\/roveyayinevi.com.tr\/index.php\/wp-json\/wp\/v2\/types\/product"}],"wp:attachment":[{"href":"https:\/\/roveyayinevi.com.tr\/index.php\/wp-json\/wp\/v2\/media?parent=709028"}],"wp:term":[{"taxonomy":"product_brand","embeddable":true,"href":"https:\/\/roveyayinevi.com.tr\/index.php\/wp-json\/wp\/v2\/product_brand?post=709028"},{"taxonomy":"product_cat","embeddable":true,"href":"https:\/\/roveyayinevi.com.tr\/index.php\/wp-json\/wp\/v2\/product_cat?post=709028"},{"taxonomy":"product_tag","embeddable":true,"href":"https:\/\/roveyayinevi.com.tr\/index.php\/wp-json\/wp\/v2\/product_tag?post=709028"}],"curies":[{"name":"wp","href":"https:\/\/api.w.org\/{rel}","templated":true}]}}