{"id":709027,"date":"2025-08-27T16:20:37","date_gmt":"2025-08-27T13:20:37","guid":{"rendered":"https:\/\/roveyayinevi.com.tr\/index.php\/urun\/dinler-sosyolojisi\/"},"modified":"2026-04-16T02:17:39","modified_gmt":"2026-04-15T23:17:39","slug":"dinler-sosyolojisi","status":"publish","type":"product","link":"https:\/\/roveyayinevi.com.tr\/index.php\/urun\/dinler-sosyolojisi\/","title":{"rendered":"Dinler Sosyolojisi"},"content":{"rendered":"<p>Dinler sosyolojisi, dinin toplumsal tezah\u00fcrlerini ve bunlar\u0131n tarihsel geli\u015fimini ele al\u0131r. Modern toplumu ara\u015ft\u0131ran ilk sosyologlar, dini fenomenleri de incelemek zorunda kalm\u0131\u015ft\u0131. Ancak dini evren \u00fczerine y\u00f6neltilen sosyolojik bak\u0131\u015f o d\u00f6nemden beri bir\u00e7ok kez de\u011fi\u015fti ve zenginle\u015fti.Weber ve Durkheim\u2019dan itibaren s\u00fcregelen yakla\u015f\u0131mlarla birlikte en g\u00fcncel sorunlar\u0131 da i\u015fleyen bu eser, dinlerin toplumsal olgular oldu\u011funu ve bu olgular\u0131 analiz etmenin toplumu ve geli\u015fimini anlamada temel \u00f6nem ta\u015f\u0131d\u0131\u011f\u0131n\u0131 g\u00f6sterir. <\/p>\n","protected":false},"excerpt":{"rendered":"<p>Dinler sosyolojisi, dinin toplumsal tezah\u00fcrlerini ve bunlar\u0131n tarihsel geli\u015fimini ele al\u0131r. Modern toplumu ara\u015ft\u0131ran ilk sosyologlar, dini fenomenleri de incelemek zorunda kalm\u0131\u015ft\u0131. Ancak dini evren \u00fczerine<span class=\"excerpt-hellip\"> [\u2026]<\/span><\/p>\n","protected":false},"featured_media":0,"template":"","meta":{"_monsterinsights_skip_tracking":false,"_monsterinsights_sitenote_active":false,"_monsterinsights_sitenote_note":"","_monsterinsights_sitenote_category":0},"product_brand":[],"product_cat":[12312,12304],"product_tag":[],"class_list":{"0":"post-709027","1":"product","2":"type-product","3":"status-publish","5":"product_cat-diger","6":"product_cat-tarih","7":"pa_cilt-ciltsiz","8":"pa_tur-kitap","9":"pa_yayinevi-pinhan-yayincilik","10":"pa_yazar-jean-paul-willaime","12":"first","13":"instock","14":"sale","15":"shipping-taxable","16":"purchasable","17":"product-type-simple"},"_links":{"self":[{"href":"https:\/\/roveyayinevi.com.tr\/index.php\/wp-json\/wp\/v2\/product\/709027","targetHints":{"allow":["GET"]}}],"collection":[{"href":"https:\/\/roveyayinevi.com.tr\/index.php\/wp-json\/wp\/v2\/product"}],"about":[{"href":"https:\/\/roveyayinevi.com.tr\/index.php\/wp-json\/wp\/v2\/types\/product"}],"wp:attachment":[{"href":"https:\/\/roveyayinevi.com.tr\/index.php\/wp-json\/wp\/v2\/media?parent=709027"}],"wp:term":[{"taxonomy":"product_brand","embeddable":true,"href":"https:\/\/roveyayinevi.com.tr\/index.php\/wp-json\/wp\/v2\/product_brand?post=709027"},{"taxonomy":"product_cat","embeddable":true,"href":"https:\/\/roveyayinevi.com.tr\/index.php\/wp-json\/wp\/v2\/product_cat?post=709027"},{"taxonomy":"product_tag","embeddable":true,"href":"https:\/\/roveyayinevi.com.tr\/index.php\/wp-json\/wp\/v2\/product_tag?post=709027"}],"curies":[{"name":"wp","href":"https:\/\/api.w.org\/{rel}","templated":true}]}}