{"id":709026,"date":"2025-08-27T16:20:36","date_gmt":"2025-08-27T13:20:36","guid":{"rendered":"https:\/\/roveyayinevi.com.tr\/index.php\/urun\/turklerin-altin-cagi\/"},"modified":"2026-04-16T02:17:39","modified_gmt":"2026-04-15T23:17:39","slug":"turklerin-altin-cagi","status":"publish","type":"product","link":"https:\/\/roveyayinevi.com.tr\/index.php\/urun\/turklerin-altin-cagi\/","title":{"rendered":"T\u00fcrklerin Alt\u0131n \u00c7a\u011f\u0131"},"content":{"rendered":"<p>\u201cKoca bir kavmin binlerce kilometreyi \u00fc\u00e7 as\u0131r i\u00e7inde ge\u00e7ti\u011fini d\u00fc\u015f\u00fcn\u00fcn&#8230; Bu, d\u00fcnyay\u0131 de\u011fi\u015ftirmez de ne yapar? \u0130\u015fte T\u00fcrkler d\u00fcnyay\u0131 b\u00f6yle de\u011fi\u015ftirdi.\u201d- \u0130lber Ortayl\u0131T\u00fcrkiye\u2019de tarih k\u00fclt\u00fcr\u00fcn\u00fc kitaplar\u0131 ve konu\u015fmalar\u0131 ile yeniden in\u015fa eden \u0130lber Ortayl\u0131\u2019dan, t\u00fcm insanl\u0131\u011f\u0131 etkilemi\u015f bir tarihin analizi:T\u00fcrklerin Alt\u0131n \u00c7a\u011f\u0131Emir Timur, Sultan Baybars, Fatih Sultan Mehmed, Yavuz Sultan Selim, Kanuni Sultan S\u00fcleyman, Barbaros Hayreddin Pa\u015fa, Mimar Sinan ve daha nice T\u00fcrk efsanesi bu kitapta bir araya geliyor&#8230; \u0130lber Ortayl\u0131\u2019n\u0131n T\u00fcrkiye, Asya, Avrupa ve Rusya ar\u015fivlerini bir araya getirdi\u011fi bu eserle T\u00fcrklerin etraf\u0131ndaki d\u00fcnya tarihi tek bir kitapta bulu\u015fuyor&#8230;Asya\u2019n\u0131n bozk\u0131rlar\u0131ndan Viyana\u2019n\u0131n kap\u0131lar\u0131na, \u0130lber Ortayl\u0131\u2019n\u0131n sat\u0131rlar\u0131 aras\u0131nda dola\u015fmak isteyen her ya\u015ftan okur i\u00e7in g\u00fc\u00e7l\u00fc bir ba\u015fucu kitab\u0131&#8230; <\/p>\n","protected":false},"excerpt":{"rendered":"<p>\u201cKoca bir kavmin binlerce kilometreyi \u00fc\u00e7 as\u0131r i\u00e7inde ge\u00e7ti\u011fini d\u00fc\u015f\u00fcn\u00fcn&#8230; Bu, d\u00fcnyay\u0131 de\u011fi\u015ftirmez de ne yapar? \u0130\u015fte T\u00fcrkler d\u00fcnyay\u0131 b\u00f6yle de\u011fi\u015ftirdi.\u201d- \u0130lber Ortayl\u0131T\u00fcrkiye\u2019de tarih k\u00fclt\u00fcr\u00fcn\u00fc kitaplar\u0131<span class=\"excerpt-hellip\"> [\u2026]<\/span><\/p>\n","protected":false},"featured_media":0,"template":"","meta":{"_monsterinsights_skip_tracking":false,"_monsterinsights_sitenote_active":false,"_monsterinsights_sitenote_note":"","_monsterinsights_sitenote_category":0},"product_brand":[],"product_cat":[13590,12337],"product_tag":[],"class_list":{"0":"post-709026","1":"product","2":"type-product","3":"status-publish","5":"product_cat-arastirma-inceleme-politika-siyaset","6":"product_cat-politika-siyaset","7":"pa_cilt-ciltsiz","8":"pa_tur-kitap","9":"pa_yayinevi-kronik-kitap","10":"pa_yazar-ilber-ortayli","12":"first","13":"instock","14":"sale","15":"shipping-taxable","16":"purchasable","17":"product-type-simple"},"_links":{"self":[{"href":"https:\/\/roveyayinevi.com.tr\/index.php\/wp-json\/wp\/v2\/product\/709026","targetHints":{"allow":["GET"]}}],"collection":[{"href":"https:\/\/roveyayinevi.com.tr\/index.php\/wp-json\/wp\/v2\/product"}],"about":[{"href":"https:\/\/roveyayinevi.com.tr\/index.php\/wp-json\/wp\/v2\/types\/product"}],"wp:attachment":[{"href":"https:\/\/roveyayinevi.com.tr\/index.php\/wp-json\/wp\/v2\/media?parent=709026"}],"wp:term":[{"taxonomy":"product_brand","embeddable":true,"href":"https:\/\/roveyayinevi.com.tr\/index.php\/wp-json\/wp\/v2\/product_brand?post=709026"},{"taxonomy":"product_cat","embeddable":true,"href":"https:\/\/roveyayinevi.com.tr\/index.php\/wp-json\/wp\/v2\/product_cat?post=709026"},{"taxonomy":"product_tag","embeddable":true,"href":"https:\/\/roveyayinevi.com.tr\/index.php\/wp-json\/wp\/v2\/product_tag?post=709026"}],"curies":[{"name":"wp","href":"https:\/\/api.w.org\/{rel}","templated":true}]}}