{"id":709024,"date":"2025-08-27T16:20:35","date_gmt":"2025-08-27T13:20:35","guid":{"rendered":"https:\/\/roveyayinevi.com.tr\/index.php\/urun\/harem-4\/"},"modified":"2026-04-16T02:17:39","modified_gmt":"2026-04-15T23:17:39","slug":"harem-4","status":"publish","type":"product","link":"https:\/\/roveyayinevi.com.tr\/index.php\/urun\/harem-4\/","title":{"rendered":"Harem"},"content":{"rendered":"<p>Prof. Dr. N\u00e2z\u0131m Hikmet Polat taraf\u0131ndan haz\u0131rlanan \u00d6t\u00fcken\u2019in \u00d6mer Seyfettin K\u00fclliyat\u0131; yazar\u0131n sa\u011fl\u0131\u011f\u0131nda yay\u0131mlad\u0131\u011f\u0131 kitaplar esas al\u0131narak ayn\u0131 \u00e7er\u00e7evedeki di\u011fer metinlerin ilgili eserlere eklenmesiyle meydana getirilmi\u015ftir. \u00d6mer Seyfettin\u2019in bilhassa Harem hik\u00e2yesindeki ana mesele Bat\u0131l\u0131la\u015fma, dikkat noktas\u0131 ise Bat\u0131l\u0131la\u015fman\u0131n (alafrangal\u0131\u011f\u0131n) g\u00fcndelik hayatta, aileye yans\u0131mas\u0131d\u0131r. \u00d6mer Seyfettin, ailenin toplumun \u00e7ekirde\u011fi oldu\u011funun bilincinde, bu sorunun b\u00fct\u00fcn toplumsal yap\u0131ya yay\u0131lma e\u011filimine dikkat \u00e7ekmi\u015ftir. Harem ile ayn\u0131 ciltte toplanan \u201cB\u00fbse-i M\u00e2der\u201d, \u201c\u0130lk Namaz\u201d, \u201cFon Sadri\u015ftayn\u2019\u0131n Kar\u0131s\u0131\u201d ve \u201cFon Sadri\u015ftayn\u2019\u0131n O\u011flu\u201d gibi hik\u00e2yeler, esas itibar\u0131yla ev, evlilik, kad\u0131n ve kimlik ekseni etraf\u0131nda d\u00f6nerler. Kimlik sorgulamas\u0131 ise kad\u0131n\u0131n toplumsal kimlikte belirleyicili\u011fi \u00e7er\u00e7evesinde yap\u0131l\u0131r. <\/p>\n","protected":false},"excerpt":{"rendered":"<p>Prof. Dr. N\u00e2z\u0131m Hikmet Polat taraf\u0131ndan haz\u0131rlanan \u00d6t\u00fcken\u2019in \u00d6mer Seyfettin K\u00fclliyat\u0131; yazar\u0131n sa\u011fl\u0131\u011f\u0131nda yay\u0131mlad\u0131\u011f\u0131 kitaplar esas al\u0131narak ayn\u0131 \u00e7er\u00e7evedeki di\u011fer metinlerin ilgili eserlere eklenmesiyle meydana getirilmi\u015ftir.<span class=\"excerpt-hellip\"> [\u2026]<\/span><\/p>\n","protected":false},"featured_media":0,"template":"","meta":{"_monsterinsights_skip_tracking":false,"_monsterinsights_sitenote_active":false,"_monsterinsights_sitenote_note":"","_monsterinsights_sitenote_category":0},"product_brand":[],"product_cat":[12274,20117],"product_tag":[],"class_list":{"0":"post-709024","1":"product","2":"type-product","3":"status-publish","5":"product_cat-cocuk-ve-genclik-kitaplari","6":"product_cat-turk-klasikleri","7":"pa_cilt-ciltsiz","8":"pa_tur-kitap","9":"pa_yayinevi-otuken-nesriyat","10":"pa_yazar-omer-seyfettin","12":"first","13":"instock","14":"sale","15":"shipping-taxable","16":"purchasable","17":"product-type-simple"},"_links":{"self":[{"href":"https:\/\/roveyayinevi.com.tr\/index.php\/wp-json\/wp\/v2\/product\/709024","targetHints":{"allow":["GET"]}}],"collection":[{"href":"https:\/\/roveyayinevi.com.tr\/index.php\/wp-json\/wp\/v2\/product"}],"about":[{"href":"https:\/\/roveyayinevi.com.tr\/index.php\/wp-json\/wp\/v2\/types\/product"}],"wp:attachment":[{"href":"https:\/\/roveyayinevi.com.tr\/index.php\/wp-json\/wp\/v2\/media?parent=709024"}],"wp:term":[{"taxonomy":"product_brand","embeddable":true,"href":"https:\/\/roveyayinevi.com.tr\/index.php\/wp-json\/wp\/v2\/product_brand?post=709024"},{"taxonomy":"product_cat","embeddable":true,"href":"https:\/\/roveyayinevi.com.tr\/index.php\/wp-json\/wp\/v2\/product_cat?post=709024"},{"taxonomy":"product_tag","embeddable":true,"href":"https:\/\/roveyayinevi.com.tr\/index.php\/wp-json\/wp\/v2\/product_tag?post=709024"}],"curies":[{"name":"wp","href":"https:\/\/api.w.org\/{rel}","templated":true}]}}