{"id":709023,"date":"2025-08-27T16:20:35","date_gmt":"2025-08-27T13:20:35","guid":{"rendered":"https:\/\/roveyayinevi.com.tr\/index.php\/urun\/afrikaname\/"},"modified":"2026-04-16T02:17:39","modified_gmt":"2026-04-15T23:17:39","slug":"afrikaname","status":"publish","type":"product","link":"https:\/\/roveyayinevi.com.tr\/index.php\/urun\/afrikaname\/","title":{"rendered":"Afrikaname"},"content":{"rendered":"<p>Kitap Tan\u0131t\u0131m Yaz\u0131s\u0131D\u00fcnyan\u0131n en b\u00fcy\u00fcl\u00fc k\u0131tas\u0131, \u015f\u00fcphesiz Afrika. Bar\u0131nd\u0131rd\u0131\u011f\u0131 \u00e7e\u015fitlilik, g\u00f6zler \u00f6n\u00fcne serdi\u011fi ola\u011fan\u00fcst\u00fc foto\u011fraflar, yaban hayat\u0131 ve kendine \u00f6zg\u00fc ritmi ile hepimiz i\u00e7in yeniden ke\u015ffedilmeyi bekliyor.Uzun y\u0131llar Bo\u011fazi\u00e7i \u00dcniversitesi\u2019nde \u00f6\u011fretim \u00fcyeli\u011fi yapm\u0131\u015f G\u00fcliz Elal i\u00e7in Afrika tutkulu bir macera. Frans\u0131zlar\u0131n deyi\u015fiyle ger\u00e7ek bir les fous d\u2019Afrique. Yazar duru ve s\u00fcr\u00fckleyici diliyle okuru kendi co\u011frafyas\u0131ndan kopar\u0131p, yabanc\u0131 ve gizemli diyarlara s\u00fcr\u00fckl\u00fcyor.Seyahatleri okuduk\u00e7a hayal d\u00fcnyam\u0131z\u0131n kap\u0131lar\u0131 aralan\u0131yor ve i\u00e7inde yitip kayboluyoruz. Derken G\u00fcliz Elal usulca kap\u0131y\u0131 kapat\u0131yor ve hen\u00fcz bilincimize yans\u0131mayan ama i\u00e7ten i\u00e7e merakland\u0131\u011f\u0131m\u0131z filler, aslanlar, goriller ya da Masailer hakk\u0131nda bize b\u00f6l\u00fcm sonlar\u0131nda enfes sunumlar yap\u0131yor. Hayalimizde canlanan bu co\u011frafyan\u0131n, tarihsel birikimi de g\u00f6zler \u00f6n\u00fcne serilince, deneyimlemenin \u00e7ekicili\u011fi, \u00f6\u011frenmenin hazz\u0131na d\u00f6n\u00fc\u015f\u00fcyor.Betonarmenin cenderesinde, topra\u011fa hasret, do\u011faya a\u00e7 ya\u015farken, Serengeti\u2019ye gitmek, sonsuz bir ihti\u015famla kar\u015f\u0131la\u015fmak, milyonlarca canl\u0131yla bezenmi\u015f bir g\u00fcne uyanmak ve unutulmayacak an\u0131larla geri d\u00f6nmek. G\u00fcliz Elal\u2019\u0131n \u00f6zenle tasarlanm\u0131\u015f kitab\u0131, Afrika yolculu\u011fu planlayanlara iyi ve derinlemesine bir kaynak kitap niteli\u011finde. Ba\u015f\u0131n\u0131 al\u0131p gidemeyenleri ise yazd\u0131klar\u0131yla sahra alt\u0131n\u0131 s\u00f6zc\u00fcklerde, c\u00fcmlelerde ve sayfalarda gezdiriyor, tutkusunu okura bula\u015ft\u0131r\u0131yor.G\u00fcliz Elal Afrikaname ile ba\u015flad\u0131\u011f\u0131 gezi serisiyle d\u00fcnyan\u0131n \u00e7e\u015fit \u00e7e\u015fit renklerini anlatmay\u0131 s\u00fcrd\u00fcrd\u00fck\u00e7e Yeni \u0130nsan Yay\u0131nevi de bu g\u00fczellikleri, \u00e7e\u015fitlili\u011fi ve ya\u015fama anlam katan, insan\u0131 refaha kavu\u015fturan gezi kitaplar\u0131n\u0131 okurlar\u0131yla bulu\u015fturmaya devam edecek.G\u00fcliz ElalProf. Dr. G\u00fcliz Elal, \u0130zmir Amerikan Koleji\u2019nden mezun olduktan sonra Liverpool \u00dcniversitesi\u2019nde psikoloji lisans\u0131n\u0131, klinik psikoloji y\u00fcksek lisans ve doktoras\u0131n\u0131 tamamlad\u0131. 16 y\u0131l Bo\u011fazi\u00e7i \u00dcniversitesi Psikoloji B\u00f6l\u00fcm\u00fc\u2019nde \u00f6\u011fretim \u00fcyesiydi. 2002-2006 y\u0131llar\u0131 aras\u0131nda Britanya\u2019n\u0131n Plymouth \u015fehrinin Yeti\u015fkin Klinik Psikolojisi Departman\u0131 B\u00f6l\u00fcm Ba\u015fkan\u0131yd\u0131. Uluslararas\u0131 dergilerde yay\u0131nlanm\u0131\u015f bilimsel \u00e7al\u0131\u015fmalar\u0131 ve psikoterapi vakalar\u0131ndan olu\u015fan bir kitab\u0131 bulunmaktad\u0131r. 2006 y\u0131l\u0131nda b\u00fcy\u00fck \u00e7ocuklar\u0131n\u0131n \u00fcniversiteye ba\u015flamas\u0131n\u0131n ard\u0131ndan erken emeklilik karar\u0131 al\u0131p, gen\u00e7li\u011finden beri tutkun oldu\u011fu uzak diyarlara seyahat etmeye, bunun do\u011fal sonucu olarak da seyahatleriyle ilgili ara\u015ft\u0131rmaya ve yazmaya ba\u015flad\u0131. <\/p>\n","protected":false},"excerpt":{"rendered":"<p>Kitap Tan\u0131t\u0131m Yaz\u0131s\u0131D\u00fcnyan\u0131n en b\u00fcy\u00fcl\u00fc k\u0131tas\u0131, \u015f\u00fcphesiz Afrika. Bar\u0131nd\u0131rd\u0131\u011f\u0131 \u00e7e\u015fitlilik, g\u00f6zler \u00f6n\u00fcne serdi\u011fi ola\u011fan\u00fcst\u00fc foto\u011fraflar, yaban hayat\u0131 ve kendine \u00f6zg\u00fc ritmi ile hepimiz i\u00e7in yeniden ke\u015ffedilmeyi<span class=\"excerpt-hellip\"> [\u2026]<\/span><\/p>\n","protected":false},"featured_media":0,"template":"","meta":{"_monsterinsights_skip_tracking":false,"_monsterinsights_sitenote_active":false,"_monsterinsights_sitenote_note":"","_monsterinsights_sitenote_category":0},"product_brand":[],"product_cat":[13054,45811],"product_tag":[],"class_list":{"0":"post-709023","1":"product","2":"type-product","3":"status-publish","5":"product_cat-gezi-ve-rehber-kitaplari","6":"product_cat-ulke-rehberleri","7":"pa_cilt-ciltsiz","8":"pa_tur-kitap","9":"pa_yayinevi-yeni-insan-yayinlari","10":"pa_yazar-guliz-elal","12":"first","13":"instock","14":"sale","15":"shipping-taxable","16":"purchasable","17":"product-type-simple"},"_links":{"self":[{"href":"https:\/\/roveyayinevi.com.tr\/index.php\/wp-json\/wp\/v2\/product\/709023","targetHints":{"allow":["GET"]}}],"collection":[{"href":"https:\/\/roveyayinevi.com.tr\/index.php\/wp-json\/wp\/v2\/product"}],"about":[{"href":"https:\/\/roveyayinevi.com.tr\/index.php\/wp-json\/wp\/v2\/types\/product"}],"wp:attachment":[{"href":"https:\/\/roveyayinevi.com.tr\/index.php\/wp-json\/wp\/v2\/media?parent=709023"}],"wp:term":[{"taxonomy":"product_brand","embeddable":true,"href":"https:\/\/roveyayinevi.com.tr\/index.php\/wp-json\/wp\/v2\/product_brand?post=709023"},{"taxonomy":"product_cat","embeddable":true,"href":"https:\/\/roveyayinevi.com.tr\/index.php\/wp-json\/wp\/v2\/product_cat?post=709023"},{"taxonomy":"product_tag","embeddable":true,"href":"https:\/\/roveyayinevi.com.tr\/index.php\/wp-json\/wp\/v2\/product_tag?post=709023"}],"curies":[{"name":"wp","href":"https:\/\/api.w.org\/{rel}","templated":true}]}}