{"id":709022,"date":"2025-08-27T16:20:35","date_gmt":"2025-08-27T13:20:35","guid":{"rendered":"https:\/\/roveyayinevi.com.tr\/index.php\/urun\/turk-ulusunun-egemenligi-icin-hayir\/"},"modified":"2026-04-16T02:17:39","modified_gmt":"2026-04-15T23:17:39","slug":"turk-ulusunun-egemenligi-icin-hayir","status":"publish","type":"product","link":"https:\/\/roveyayinevi.com.tr\/index.php\/urun\/turk-ulusunun-egemenligi-icin-hayir\/","title":{"rendered":"T\u00fcrk Ulusunun E\u011femenli\u011fi \u0130\u00e7in Hay\u0131r"},"content":{"rendered":"<p>T\u00fcrkiye, birlik ve beraberli\u011fe en \u00e7ok ihtiya\u00e7 duydu\u011fu bir ortamda yeni bir ayr\u0131\u015ft\u0131r\u0131lmayla kar\u015f\u0131 kar\u015f\u0131ya. Hem de T\u00fcrkiye Cumhuriyeti&#8217;nin kurucu de\u011ferlerine darbe giri\u015fiminde bulunulmas\u0131ndan k\u0131sa bir s\u00fcre sonra, Cumhuriyet&#8217;i y\u0131kmak, parlamenter sistemi i\u015flevsiz hale getirmek isteyenlerin beklentilerine kar\u015f\u0131l\u0131k verecek bir anayasa de\u011fi\u015fikli\u011fi \u00f6nerisi ile. 16 Nisan 2017&#8217;de T\u00fcrkiye, b\u00f6yle bir anayasa de\u011fi\u015fikli\u011fini oylayacak. Yans\u0131t\u0131lmaya ve saklanmaya \u00e7al\u0131\u015f\u0131lanlar\u0131n aksine T\u00fcrk ulusundan &#8220;Evet&#8221; diyerek kendi egemenli\u011fini tek bir ki\u015fiye devretmesini, bu sistemle cumhur&#8221;ba\u015fkan&#8221;\u0131 olacak olan ki\u015fiye de T\u00fcrk tarihinde hi\u00e7 kimseye verilmeyen yetkilerin verilmesini onaylamas\u0131 isteniyor. Hem Cumhuriyet hem T\u00fcrk ulusu i\u00e7in tehdidin bu kadar b\u00fcy\u00fck olmas\u0131, farkl\u0131 alanlarda uzmanla\u015fm\u0131\u015f ve belli konularda farkl\u0131 d\u00fc\u015f\u00fcncelere sahip insanlar\u0131n referandum s\u00fcrecinde ayn\u0131 cephede m\u00fccadele etmesini tarihsel bir sorumluluk haline getirdi. \u0130\u015fte bu kapsamda, &#8220;T\u00fcrk Ulusunun Egemenli\u011fi i\u00e7in HAYIR&#8221; adl\u0131 \u00e7al\u0131\u015fma; bir grup hukuk\u00e7u, akademisyen, gazeteci, emekli asker ve siyaset\u00e7ileri; ta\u015f\u0131n alt\u0131na g\u00f6vdesini koyan T\u00fcrk ayd\u0131nlar\u0131n\u0131n \u00f6nemli temsilcilerini bir araya getirerek bu kayg\u0131da\u015fl\u0131\u011fa katk\u0131 sunuyor. \u00dc\u00e7\u00fcnc\u00fc Yol yazarlar\u0131n\u0131n da yaz\u0131lar\u0131n\u0131n bulundu\u011fu bu \u00e7al\u0131\u015fma, oylamaya sunulmas\u0131 dahi hazmedilemeyecek olan ulusal T\u00fcrk kimli\u011finin, T\u00fcrk Cumhuriyeti&#8217;nin ve T\u00fcrk egemenli\u011finin tarih sahnesinden silinmesine neden &#8220;Hay\u0131r&#8221; denmesi gerekti\u011finin a\u00e7\u0131klamas\u0131 niteli\u011finde. \u0130yi okumalar diliyoruz. \ufffcTan\u0131t\u0131m Metni<\/p>\n","protected":false},"excerpt":{"rendered":"<p>T\u00fcrkiye, birlik ve beraberli\u011fe en \u00e7ok ihtiya\u00e7 duydu\u011fu bir ortamda yeni bir ayr\u0131\u015ft\u0131r\u0131lmayla kar\u015f\u0131 kar\u015f\u0131ya. Hem de T\u00fcrkiye Cumhuriyeti&#8217;nin kurucu de\u011ferlerine darbe giri\u015fiminde bulunulmas\u0131ndan k\u0131sa bir<span class=\"excerpt-hellip\"> [\u2026]<\/span><\/p>\n","protected":false},"featured_media":0,"template":"","meta":{"_monsterinsights_skip_tracking":false,"_monsterinsights_sitenote_active":false,"_monsterinsights_sitenote_note":"","_monsterinsights_sitenote_category":0},"product_brand":[],"product_cat":[31194,12337],"product_tag":[],"class_list":{"0":"post-709022","1":"product","2":"type-product","3":"status-publish","5":"product_cat-guncel-siyaset","6":"product_cat-politika-siyaset","7":"pa_cilt-ciltsiz","8":"pa_tur-kitap","9":"pa_yayinevi-alibi-yayincilik","10":"pa_yazar-komisyon","12":"first","13":"instock","14":"sale","15":"shipping-taxable","16":"purchasable","17":"product-type-simple"},"_links":{"self":[{"href":"https:\/\/roveyayinevi.com.tr\/index.php\/wp-json\/wp\/v2\/product\/709022","targetHints":{"allow":["GET"]}}],"collection":[{"href":"https:\/\/roveyayinevi.com.tr\/index.php\/wp-json\/wp\/v2\/product"}],"about":[{"href":"https:\/\/roveyayinevi.com.tr\/index.php\/wp-json\/wp\/v2\/types\/product"}],"wp:attachment":[{"href":"https:\/\/roveyayinevi.com.tr\/index.php\/wp-json\/wp\/v2\/media?parent=709022"}],"wp:term":[{"taxonomy":"product_brand","embeddable":true,"href":"https:\/\/roveyayinevi.com.tr\/index.php\/wp-json\/wp\/v2\/product_brand?post=709022"},{"taxonomy":"product_cat","embeddable":true,"href":"https:\/\/roveyayinevi.com.tr\/index.php\/wp-json\/wp\/v2\/product_cat?post=709022"},{"taxonomy":"product_tag","embeddable":true,"href":"https:\/\/roveyayinevi.com.tr\/index.php\/wp-json\/wp\/v2\/product_tag?post=709022"}],"curies":[{"name":"wp","href":"https:\/\/api.w.org\/{rel}","templated":true}]}}