{"id":709018,"date":"2025-08-27T16:20:33","date_gmt":"2025-08-27T13:20:33","guid":{"rendered":"https:\/\/roveyayinevi.com.tr\/index.php\/urun\/sanatla-direnis\/"},"modified":"2026-02-03T02:28:51","modified_gmt":"2026-02-02T23:28:51","slug":"sanatla-direnis","status":"publish","type":"product","link":"https:\/\/roveyayinevi.com.tr\/index.php\/urun\/sanatla-direnis\/","title":{"rendered":"Sanatla Direni\u015f"},"content":{"rendered":"<p>\u201cG\u00fcnbeg\u00fcn b\u00fct\u00fcn d\u00fcnyada, medya a\u011f\u0131 ger\u00e7eklerin yerine yalanlar\u0131 koyuyor. En ba\u015fta siyasi ya da ideolojik yalanlar yok (onlar sonra geliyor), insan hayat\u0131n\u0131n ve do\u011fal hayat\u0131n asl\u0131nda neden olu\u015ftu\u011funa dair g\u00f6rsel, somut yalanlar var. B\u00fct\u00fcn yalanlar tek bir devasa sahtek\u00e2rl\u0131kta toplan\u0131yor: hayat\u0131n kendisinin bir meta oldu\u011fu ve onu sat\u0131n almaya g\u00fcc\u00fc yetenlerin, tan\u0131m\u0131 gere\u011fi onu hak edenler oldu\u011fu varsay\u0131m\u0131! \u00c7o\u011fumuz bunun yanl\u0131\u015f oldu\u011funu biliyoruz ama bize g\u00f6sterilenlerin pek az\u0131 direncimizi g\u00fc\u00e7lendiriyor.\u201dBerger\u2019a g\u00f6re sanat tam da bunu yap\u0131yor, yani direncimizi g\u00fc\u00e7lendiriyor. Sanat ve sanat\u00e7\u0131lar \u00fczerine yazd\u0131\u011f\u0131 samimi ve \u00f6zg\u00fcn denemelerden olu\u015fan bu kitapta, sadece Michelangelo, Rembrandt, Degas, Van Gogh, Kahlo ve Brancusi gibi sanat\u00e7\u0131lar\u0131n eserlerini de\u011fil, Fransa\u2019daki on binlerce y\u0131ll\u0131k ma\u011fara resimlerini ve M\u0131s\u0131r\u2019daki Feyyum mumya portrelerini de ele al\u0131yor Berger. Kitap ayr\u0131ca yazar\u0131n Subcomandante Marcos\u2019la yaz\u0131\u015fmalar\u0131n\u0131 ve kendi sundu\u011fu bir radyo program\u0131n\u0131n metnini de i\u00e7eriyor. Bir b\u00fct\u00fcn olarak bu derleme, sanat\u0131n insan\u0131n i\u00e7 ve d\u0131\u015f d\u00fcnyas\u0131 i\u00e7in, birey ve toplum i\u00e7in ne kadar vazge\u00e7ilmez ve sa\u011falt\u0131c\u0131 oldu\u011funu hat\u0131rlat\u0131yor bize.\u201cBug\u00fcn, varolan\u0131 resmetmeye \u00e7al\u0131\u015fmak umudu te\u015fvik eden bir direni\u015f eylemidir,\u201d diyor Berger bir denemesinde. Bir di\u011ferinde ise \u015f\u00f6yle ekliyor: \u201cDireni\u015f eylemi, sadece bize sunulan d\u00fcnya-resminin sa\u00e7mal\u0131\u011f\u0131n\u0131 kabullenmeyi reddetmek de\u011fil, bu resmin ge\u00e7ersizli\u011fini duyurmakt\u0131r. Cehennem i\u00e7eriden ge\u00e7ersiz ilan edildi\u011finde, cehennemli\u011fi son bulur.\u201d <\/p>\n","protected":false},"excerpt":{"rendered":"<p>\u201cG\u00fcnbeg\u00fcn b\u00fct\u00fcn d\u00fcnyada, medya a\u011f\u0131 ger\u00e7eklerin yerine yalanlar\u0131 koyuyor. En ba\u015fta siyasi ya da ideolojik yalanlar yok (onlar sonra geliyor), insan hayat\u0131n\u0131n ve do\u011fal hayat\u0131n asl\u0131nda<span class=\"excerpt-hellip\"> [\u2026]<\/span><\/p>\n","protected":false},"featured_media":0,"template":"","meta":{"_monsterinsights_skip_tracking":false,"_monsterinsights_sitenote_active":false,"_monsterinsights_sitenote_note":"","_monsterinsights_sitenote_category":0},"product_brand":[],"product_cat":[13548,12408],"product_tag":[],"class_list":{"0":"post-709018","1":"product","2":"type-product","3":"status-publish","5":"product_cat-kuram","6":"product_cat-sanat","7":"pa_cilt-ciltsiz","8":"pa_tur-kitap","9":"pa_yayinevi-metis-yayinlari","10":"pa_yazar-john-berger","12":"first","13":"instock","14":"sale","15":"shipping-taxable","16":"purchasable","17":"product-type-simple"},"_links":{"self":[{"href":"https:\/\/roveyayinevi.com.tr\/index.php\/wp-json\/wp\/v2\/product\/709018","targetHints":{"allow":["GET"]}}],"collection":[{"href":"https:\/\/roveyayinevi.com.tr\/index.php\/wp-json\/wp\/v2\/product"}],"about":[{"href":"https:\/\/roveyayinevi.com.tr\/index.php\/wp-json\/wp\/v2\/types\/product"}],"wp:attachment":[{"href":"https:\/\/roveyayinevi.com.tr\/index.php\/wp-json\/wp\/v2\/media?parent=709018"}],"wp:term":[{"taxonomy":"product_brand","embeddable":true,"href":"https:\/\/roveyayinevi.com.tr\/index.php\/wp-json\/wp\/v2\/product_brand?post=709018"},{"taxonomy":"product_cat","embeddable":true,"href":"https:\/\/roveyayinevi.com.tr\/index.php\/wp-json\/wp\/v2\/product_cat?post=709018"},{"taxonomy":"product_tag","embeddable":true,"href":"https:\/\/roveyayinevi.com.tr\/index.php\/wp-json\/wp\/v2\/product_tag?post=709018"}],"curies":[{"name":"wp","href":"https:\/\/api.w.org\/{rel}","templated":true}]}}