{"id":709017,"date":"2025-08-27T16:20:32","date_gmt":"2025-08-27T13:20:32","guid":{"rendered":"https:\/\/roveyayinevi.com.tr\/index.php\/urun\/goblin-kral\/"},"modified":"2026-04-16T02:17:39","modified_gmt":"2026-04-15T23:17:39","slug":"goblin-kral","status":"publish","type":"product","link":"https:\/\/roveyayinevi.com.tr\/index.php\/urun\/goblin-kral\/","title":{"rendered":"Goblin Kral"},"content":{"rendered":"<p>&#8220;Canl\u0131, s\u00fcr\u00fckleyici ve e\u015fsiz! E\u011fer taht entrikalar\u0131n\u0131 seviyorsan\u0131z, Goblin Kral&#8217;\u0131n tad\u0131 dama\u011f\u0131n\u0131zda kalacak!&#8221;- Scott Lynch, \u00e7oksatan Locke Lamora&#8217;n\u0131n Yalanlar\u0131&#8217;n\u0131n yazar\u0131&#8221;Benim yazd\u0131klar\u0131m\u0131 sevenler, Goblin Kral&#8217;\u0131 okumaktan b\u00fcy\u00fck zevk alacaklar.&#8221;- G.R.R Martin, \u00e7oksatan Buz ve Ate\u015fin \u015eark\u0131s\u0131 serisinin yazar\u0131&#8221;Goblin Kral&#8217;dan b\u00fcy\u00fck bir zevk ald\u0131m. Goblinler, elfler ve zeplinlerle dolu fantastik d\u00fcnyas\u0131 beni hemen kendine ba\u011flad\u0131. Okuru fazlaca heyecanland\u0131ran bir eser.&#8221;- Kristen Britain, New York Times \u00e7oksatan\u0131 Blackveil&#8217;in yazar\u0131D\u00f6rt taraf\u0131 kara b\u00fcy\u00fc, taht m\u00fccadeleleri ve entrikalarla dolu, steampunk t\u00fcr\u00fcnde yaz\u0131lm\u0131\u015f muhte\u015fem bir fantazi: Goblin Kral! Kral ve \u00fc\u00e7 o\u011flunun bir zeplin kazas\u0131nda \u00f6lmesinin ard\u0131ndan Taht\u2019\u0131n en gen\u00e7 aday\u0131, krall\u0131ktan uzakta ve s\u00fcrg\u00fcnde b\u00fcy\u00fcyen, istenmeyen evlat yar\u0131-goblin Maia\u2019n\u0131n ya\u015fayan tek varis olarak tahta ge\u00e7mekten ba\u015fka hi\u00e7bir \u015fans\u0131 yoktur.Kendini bir anda her taraf\u0131 \u00f6l\u00fcmc\u00fcl d\u00fc\u015fmanlar ve tehlikeli entrikalarla \u00e7evrili sarayda bulan, y\u00f6netim, politika ve sava\u015fla ilgili hi\u00e7bir bilgisi olmayan Maia bir \u015fekilde hayatta kalmak, m\u00fcttefikler edinmek ve babas\u0131n\u0131 \u00f6ld\u00fcren kazan\u0131n arkas\u0131ndaki s\u0131r perdesini aralamak zorundad\u0131r&#8230; Yeni nesil fantastik edebiyat\u0131n \u00f6nemli isimlerinden Katherine Addison\u2019\u0131n yaratt\u0131\u011f\u0131 s\u0131rad\u0131\u015f\u0131 evren, okura e\u015fsiz bir hayal g\u00fcc\u00fcn\u00fcn \u00fcr\u00fcn\u00fc olan, incelikle dokunmu\u015f bir hik\u00e2ye sunuyor. <\/p>\n","protected":false},"excerpt":{"rendered":"<p>&#8220;Canl\u0131, s\u00fcr\u00fckleyici ve e\u015fsiz! E\u011fer taht entrikalar\u0131n\u0131 seviyorsan\u0131z, Goblin Kral&#8217;\u0131n tad\u0131 dama\u011f\u0131n\u0131zda kalacak!&#8221;- Scott Lynch, \u00e7oksatan Locke Lamora&#8217;n\u0131n Yalanlar\u0131&#8217;n\u0131n yazar\u0131&#8221;Benim yazd\u0131klar\u0131m\u0131 sevenler, Goblin Kral&#8217;\u0131 okumaktan b\u00fcy\u00fck<span class=\"excerpt-hellip\"> [\u2026]<\/span><\/p>\n","protected":false},"featured_media":0,"template":"","meta":{"_monsterinsights_skip_tracking":false,"_monsterinsights_sitenote_active":false,"_monsterinsights_sitenote_note":"","_monsterinsights_sitenote_category":0},"product_brand":[],"product_cat":[12291,12711],"product_tag":[],"class_list":{"0":"post-709017","1":"product","2":"type-product","3":"status-publish","5":"product_cat-edebiyat","6":"product_cat-roman-oyku","7":"pa_cilt-ciltsiz","8":"pa_tur-kitap","9":"pa_yayinevi-ithaki-yayinlari","10":"pa_yazar-katherine-addison","12":"first","13":"instock","14":"sale","15":"shipping-taxable","16":"purchasable","17":"product-type-simple"},"_links":{"self":[{"href":"https:\/\/roveyayinevi.com.tr\/index.php\/wp-json\/wp\/v2\/product\/709017","targetHints":{"allow":["GET"]}}],"collection":[{"href":"https:\/\/roveyayinevi.com.tr\/index.php\/wp-json\/wp\/v2\/product"}],"about":[{"href":"https:\/\/roveyayinevi.com.tr\/index.php\/wp-json\/wp\/v2\/types\/product"}],"wp:attachment":[{"href":"https:\/\/roveyayinevi.com.tr\/index.php\/wp-json\/wp\/v2\/media?parent=709017"}],"wp:term":[{"taxonomy":"product_brand","embeddable":true,"href":"https:\/\/roveyayinevi.com.tr\/index.php\/wp-json\/wp\/v2\/product_brand?post=709017"},{"taxonomy":"product_cat","embeddable":true,"href":"https:\/\/roveyayinevi.com.tr\/index.php\/wp-json\/wp\/v2\/product_cat?post=709017"},{"taxonomy":"product_tag","embeddable":true,"href":"https:\/\/roveyayinevi.com.tr\/index.php\/wp-json\/wp\/v2\/product_tag?post=709017"}],"curies":[{"name":"wp","href":"https:\/\/api.w.org\/{rel}","templated":true}]}}