{"id":709016,"date":"2025-08-27T16:20:32","date_gmt":"2025-08-27T13:20:32","guid":{"rendered":"https:\/\/roveyayinevi.com.tr\/index.php\/urun\/eft-ile-iyilesin-iyilestirin\/"},"modified":"2026-04-03T02:23:02","modified_gmt":"2026-04-02T23:23:02","slug":"eft-ile-iyilesin-iyilestirin","status":"publish","type":"product","link":"https:\/\/roveyayinevi.com.tr\/index.php\/urun\/eft-ile-iyilesin-iyilestirin\/","title":{"rendered":"EFT ile \u0130yile\u015fin, \u0130yile\u015ftirin"},"content":{"rendered":"<p>Duygular, bir \u015fekilde bedende bozuk bir enerji olarak birikti\u011fi i\u00e7in enerji kanallar\u0131 t\u0131kanmaktad\u0131r. EFT, duygular\u0131 bo\u015faltmak i\u00e7in uygulad\u0131\u011f\u0131m\u0131z bir tekniktir.Enerji kanallar\u0131 olumsuz enerjiden ar\u0131n\u0131nca zihin-beden yeniden d\u00fczg\u00fcn \u00e7al\u0131\u015fmaya ve i\u015flemeye ba\u015flar. Bu a\u00e7\u0131dan EFT h\u0131zl\u0131 ve etkin sonu\u00e7 veren bir tekniktir. Bu kitab\u0131n amac\u0131, ki\u015filerde olumlu de\u011fi\u015fimler yaratmak i\u00e7in olumsuz duygular\u0131ndan kurtulmalar\u0131n\u0131 kolayla\u015ft\u0131rmakt\u0131r. EFT bedende birikmi\u015f duygular\u0131 temizleme arac\u0131d\u0131r. Bu nedenle duygular\u0131n ne oldu\u011funu, bedende nas\u0131l i\u015fledi\u011fini anlamadan yap\u0131lacak EFT \u00e7al\u0131\u015fmalar\u0131n\u0131n verimi d\u00fc\u015f\u00fck ve etkisiz olacakt\u0131r. EFT\u2019nin temel amac\u0131 iyi hissetmeyi sa\u011flamakt\u0131r. \u0130yi hissetmeyi sa\u011flamak, d\u00fc\u015f\u00fcnce d\u00fczeyinde olmaz. Duygular\u0131 hissederek ve bo\u015faltarak olur. Duygular\u0131n onaylanmas\u0131 iyile\u015fme yolunda at\u0131lm\u0131\u015f \u00f6nemli bir ad\u0131md\u0131r. Hislerinize sayg\u0131 g\u00f6sterin. Onlar size sorunu \u00e7\u00f6zmek i\u00e7in gerekli olanlar\u0131 s\u00f6yleyecektir. Birikmi\u015f duygular\u0131n enerji kanallar\u0131m\u0131z\u0131 t\u0131kad\u0131\u011f\u0131n\u0131 ve bu birikmi\u015f duygular\u0131n bu g\u00fcn ya\u015fad\u0131\u011f\u0131m\u0131z sorunlar\u0131 yaratt\u0131\u011f\u0131n\u0131, ayn\u0131 zamanda bu duygular\u0131n, problemlerimizin hem nedeni, hem de bizi \u00e7\u00f6z\u00fcme g\u00f6t\u00fcrecek i\u015faretler oldu\u011funu anlad\u0131\u011f\u0131m\u0131zda, duygular\u0131m\u0131z\u0131n bedensel hislerimizle ba\u011flant\u0131s\u0131n\u0131 kurdu\u011fumuzda, olumsuz duygular\u0131 bo\u015faltmak daha kolay ve etkili olacakt\u0131r.  Bu kitab\u0131 okurken; duygular\u0131n\u0131za sayg\u0131 g\u00f6sterin ve onlar\u0131 H\u0130SSED\u0130N.  Bu kitap derin psikolojik \u00e7\u00f6z\u00fcmlemeler arayanlar i\u00e7in de\u011fildir. Bu kitap kendisini \u00e7evrenin bir uzant\u0131s\u0131 gibi g\u00f6renler i\u00e7in de\u011fildir. Bu kitap &#8220;her ko\u015fulda iyi hissetmeye hakk\u0131m var&#8221; diyenler i\u00e7indir. &#8220;Sadece kendi \u00fczerimde \u00e7al\u0131\u015farak bunu neden sa\u011flamayay\u0131m?&#8221; diye sorabilenler i\u00e7indir. <\/p>\n","protected":false},"excerpt":{"rendered":"<p>Duygular, bir \u015fekilde bedende bozuk bir enerji olarak birikti\u011fi i\u00e7in enerji kanallar\u0131 t\u0131kanmaktad\u0131r. EFT, duygular\u0131 bo\u015faltmak i\u00e7in uygulad\u0131\u011f\u0131m\u0131z bir tekniktir.Enerji kanallar\u0131 olumsuz enerjiden ar\u0131n\u0131nca zihin-beden yeniden<span class=\"excerpt-hellip\"> [\u2026]<\/span><\/p>\n","protected":false},"featured_media":0,"template":"","meta":{"_monsterinsights_skip_tracking":false,"_monsterinsights_sitenote_active":false,"_monsterinsights_sitenote_note":"","_monsterinsights_sitenote_category":0},"product_brand":[],"product_cat":[12364,12376],"product_tag":[],"class_list":{"0":"post-709016","1":"product","2":"type-product","3":"status-publish","5":"product_cat-genel-konular","6":"product_cat-kisisel-gelisim","7":"pa_cilt-ciltsiz","8":"pa_tur-kitap","9":"pa_yayinevi-pusula-yayinevi-ankara","10":"pa_yazar-bulent-uran","11":"pa_yazar-nilgun-calik","13":"first","14":"instock","15":"sale","16":"shipping-taxable","17":"purchasable","18":"product-type-simple"},"_links":{"self":[{"href":"https:\/\/roveyayinevi.com.tr\/index.php\/wp-json\/wp\/v2\/product\/709016","targetHints":{"allow":["GET"]}}],"collection":[{"href":"https:\/\/roveyayinevi.com.tr\/index.php\/wp-json\/wp\/v2\/product"}],"about":[{"href":"https:\/\/roveyayinevi.com.tr\/index.php\/wp-json\/wp\/v2\/types\/product"}],"wp:attachment":[{"href":"https:\/\/roveyayinevi.com.tr\/index.php\/wp-json\/wp\/v2\/media?parent=709016"}],"wp:term":[{"taxonomy":"product_brand","embeddable":true,"href":"https:\/\/roveyayinevi.com.tr\/index.php\/wp-json\/wp\/v2\/product_brand?post=709016"},{"taxonomy":"product_cat","embeddable":true,"href":"https:\/\/roveyayinevi.com.tr\/index.php\/wp-json\/wp\/v2\/product_cat?post=709016"},{"taxonomy":"product_tag","embeddable":true,"href":"https:\/\/roveyayinevi.com.tr\/index.php\/wp-json\/wp\/v2\/product_tag?post=709016"}],"curies":[{"name":"wp","href":"https:\/\/api.w.org\/{rel}","templated":true}]}}