{"id":709015,"date":"2025-08-27T16:20:31","date_gmt":"2025-08-27T13:20:31","guid":{"rendered":"https:\/\/roveyayinevi.com.tr\/index.php\/urun\/simurg-olmak\/"},"modified":"2026-04-16T02:17:39","modified_gmt":"2026-04-15T23:17:39","slug":"simurg-olmak","status":"publish","type":"product","link":"https:\/\/roveyayinevi.com.tr\/index.php\/urun\/simurg-olmak\/","title":{"rendered":"Simurg Olmak"},"content":{"rendered":"<p>Merhaba sevgili okur aday\u0131m! E\u011fer kitab\u0131n kapa\u011f\u0131 dikkatinizi \u00e7ektiyse ve \u015fu an bir de arka kapa\u011f\u0131n\u0131 incelemek i\u00e7in bu yaz\u0131y\u0131 okuyorsan\u0131z, muhtemelen kitab\u0131m\u0131 almak \u00fczeresiniz. Size k\u0131saca \u00f6zetlemek isterim bu kitapta sizi neler bekledi\u011fini\u2026 Bu kitap, 26 ya\u015f\u0131nda gen\u00e7 bir psikolog taraf\u0131ndan yaz\u0131ld\u0131. Ama mesleki a\u00e7\u0131dan yaz\u0131lan, haddini a\u015fan, bir vaka ya da bilgi aktar\u0131m\u0131 kitab\u0131 de\u011fil. Daha \u00e7ok kendimi bir vaka gibi anlatt\u0131\u011f\u0131m psikoloji ve biyografi kar\u0131\u015f\u0131m\u0131 bir kitap&#8230;\u201cHerkesin mutlaka kayda de\u011fer bir hik\u00e2yesi vard\u0131r, seninki niye \u2018S\u0130MURG OLMAK\u2019 adl\u0131 bir kitap oldu?\u201d diye sorarsan\u0131z, bunun nedeni, umudunu kaybeden insanlara ula\u015fmak, umudun h\u00e2l\u00e2 var oldu\u011funu hat\u0131rlatmak i\u00e7in hayat hikayemi payla\u015fmak istememdir. Okudu\u011funuzda mutlaka herkesin i\u015fine yarayacak birka\u00e7 \u00e7\u0131kar\u0131m bulabilece\u011finize inan\u0131yorum. E\u011fer kitab\u0131 almamaya karar verdiyseniz bile size samimi bir tavsiyede bulunmak isterim. Asla ama asla hayattan vazge\u00e7meyin ve hi\u00e7bir \u015fey kar\u015f\u0131s\u0131nda umudunuzu yitirmeyin. Umut en \u00f6nemli ya\u015fam enerjisi kayna\u011f\u0131m\u0131z.\u201cBenim hayata tutunmak i\u00e7in b\u00f6yle hayat hik\u00e2yelerine ihtiyac\u0131m yok!\u201d derseniz de \u00e7evrenizde hastal\u0131kla sava\u015fan ve y\u0131pranan birileri ve yak\u0131nlar\u0131 vard\u0131r mutlaka. Bu kitab\u0131 siz okumak istemeseniz bile hediye etmek i\u00e7in alabilirsiniz. Sizin ihtiyac\u0131n\u0131z olmasa da bu k\u00fc\u00e7\u00fck hediye ona \u00e7ok iyi gelecek. \u0130yilikle kal\u0131n\u2026 <\/p>\n","protected":false},"excerpt":{"rendered":"<p>Merhaba sevgili okur aday\u0131m! E\u011fer kitab\u0131n kapa\u011f\u0131 dikkatinizi \u00e7ektiyse ve \u015fu an bir de arka kapa\u011f\u0131n\u0131 incelemek i\u00e7in bu yaz\u0131y\u0131 okuyorsan\u0131z, muhtemelen kitab\u0131m\u0131 almak \u00fczeresiniz. Size<span class=\"excerpt-hellip\"> [\u2026]<\/span><\/p>\n","protected":false},"featured_media":0,"template":"","meta":{"_monsterinsights_skip_tracking":false,"_monsterinsights_sitenote_active":false,"_monsterinsights_sitenote_note":"","_monsterinsights_sitenote_category":0},"product_brand":[],"product_cat":[12357],"product_tag":[],"class_list":{"0":"post-709015","1":"product","2":"type-product","3":"status-publish","5":"product_cat-psikoloji","6":"pa_cilt-ciltsiz","7":"pa_tur-kitap","8":"pa_yayinevi-pusula-yayinevi-ankara","9":"pa_yazar-seyda-orhan","11":"first","12":"instock","13":"sale","14":"shipping-taxable","15":"purchasable","16":"product-type-simple"},"_links":{"self":[{"href":"https:\/\/roveyayinevi.com.tr\/index.php\/wp-json\/wp\/v2\/product\/709015","targetHints":{"allow":["GET"]}}],"collection":[{"href":"https:\/\/roveyayinevi.com.tr\/index.php\/wp-json\/wp\/v2\/product"}],"about":[{"href":"https:\/\/roveyayinevi.com.tr\/index.php\/wp-json\/wp\/v2\/types\/product"}],"wp:attachment":[{"href":"https:\/\/roveyayinevi.com.tr\/index.php\/wp-json\/wp\/v2\/media?parent=709015"}],"wp:term":[{"taxonomy":"product_brand","embeddable":true,"href":"https:\/\/roveyayinevi.com.tr\/index.php\/wp-json\/wp\/v2\/product_brand?post=709015"},{"taxonomy":"product_cat","embeddable":true,"href":"https:\/\/roveyayinevi.com.tr\/index.php\/wp-json\/wp\/v2\/product_cat?post=709015"},{"taxonomy":"product_tag","embeddable":true,"href":"https:\/\/roveyayinevi.com.tr\/index.php\/wp-json\/wp\/v2\/product_tag?post=709015"}],"curies":[{"name":"wp","href":"https:\/\/api.w.org\/{rel}","templated":true}]}}