{"id":709013,"date":"2025-08-27T16:20:30","date_gmt":"2025-08-27T13:20:30","guid":{"rendered":"https:\/\/roveyayinevi.com.tr\/index.php\/urun\/din-ve-kuresel-ekonomi-politik\/"},"modified":"2026-04-16T02:17:39","modified_gmt":"2026-04-15T23:17:39","slug":"din-ve-kuresel-ekonomi-politik","status":"publish","type":"product","link":"https:\/\/roveyayinevi.com.tr\/index.php\/urun\/din-ve-kuresel-ekonomi-politik\/","title":{"rendered":"Din ve K\u00fcresel Ekonomi &#8211; Politik"},"content":{"rendered":"<p>1978 Washington Mutabakat\u0131 ile yery\u00fcz\u00fcn\u00fcn her yerine dayat\u0131lan kapitalizmin neoliberal-k\u00fcresel serbest piyasa miti 2008\u2019de ABD\u2019de ba\u015flayan finans krizi ile birlikte k\u00fcresel ekonomik-sosyal-siyasi krize d\u00f6n\u00fc\u015fm\u00fc\u015ft\u00fcr.\u0130bn Meymun (Meymonides 1135 Kurtuba-1204 M\u0131s\u0131r), Leo Strauss (1899-1973) ve Milton Friedman (1912-2006) taraf\u0131ndan Yahudi-H\u0131ristiyan de\u011ferlerden beslenen teorik temelleri olu\u015fturulan din-siyaset-ekonomi temelli Yeni D\u00fcnya D\u00fczeni\u2019nin iktisadi aya\u011f\u0131 olan neoliberalizm \u00e7\u00f6km\u00fc\u015f, kapitalizm \u00fc\u00e7 y\u00fcz y\u0131ll\u0131k tarihinin en derin krizini ya\u015famaktad\u0131r.\u0130nsanl\u0131k arz talep, gayrisafi milli has\u0131la ve piyasa hurafeleriyle oyalanm\u0131\u015f. Hi\u00e7bir ahlaki kurala uymayan finans end\u00fcstrisi ba\u015fta kutsallar\u0131m\u0131z olmak \u00fczere insanl\u0131\u011f\u0131n b\u00fct\u00fcn erdemlerini tarumar etmi\u015ftir. Son otuz y\u0131lda neoliberalizmin olu\u015fturdu\u011fu postmodern tasavvurlar \u201cego-manyak\u201d bir insanl\u0131k peydahlam\u0131\u015ft\u0131r. 1978 Washington Mutabakat\u0131 ile ba\u015flayan s\u00fcre\u00e7le insanl\u0131k, tarihte hi\u00e7bir devirde olmad\u0131\u011f\u0131 kadar bir d\u00f6n\u00fc\u015f\u00fcm\/d\u00f6n\u00fc\u015ft\u00fcrme operasyonuna maruz b\u0131rak\u0131lm\u0131\u015ft\u0131r. Gelinen noktada insanl\u0131k topyek\u00fbn kritik bir yol ayr\u0131m\u0131ndad\u0131r. Ya k\u00f6r g\u00f6ze parmak misali, ayan beyan ortada olan b\u00fct\u00fcn tutars\u0131zl\u0131klar\u0131 g\u00f6z ard\u0131 ederek stat\u00fckoya devam diyece\u011fiz ya da uyumsuzlara dahil olarak ekonomide paradigma (de\u011ferler dizisi) de\u011fi\u015fimini savunaca\u011f\u0131z.Neoliberal-k\u00fcresel serbest piyasa, sosyalizm ve \u201csiyasal \u0130slam\u201d Yahudi-H\u0131ristiyan inan\u00e7 ve de\u011ferlerden beslenen post-apokaliptik cennet vaatleriyle s\u00fcsl\u00fc sek\u00fcler \u00fctopyalard\u0131r. \u00dc\u00e7\u00fcn\u00fcn ilk bak\u0131\u015fta farkl\u0131 gibi oldu\u011fu d\u00fc\u015f\u00fcn\u00fcl\u00fcrse de, nihai hedefleri ve pek \u00e7ok a\u00e7\u0131dan y\u00f6ntemleri benzerlik g\u00f6stermektedir. \u0130lerleyen zamanlarda bunlar\u0131 g\u00f6recek ve \u015fa\u015f\u0131racaks\u0131n\u0131z. \u0130nsanl\u0131k teo-siyaset, teo-ekonomi ve bunlar\u0131n hizmetindeki bilim ve teknolojik unsurlarla teo-d\u00f6n\u00fc\u015f\u00fcme tabi tutulmaktad\u0131r. Tarihin hi\u00e7bir d\u00f6neminde olmam\u0131\u015ft\u0131. Ama g\u00fcn\u00fcm\u00fczde Yahudiler Kral Davud soyundan Mesih\u2019i, \u00f6ncelik Evanjelistlerde olmak \u00fczere, H\u0131ristiyanlar \u0130sa Mesih\u2019i, \u015eii M\u00fcsl\u00fcmanlar kay\u0131p 12. \u0130mam Mehdi ve Hz. \u0130sa\u2019y\u0131, bir k\u0131s\u0131m S\u00fcnni M\u00fcsl\u00fcman tarikat ve cemaat de hem Mehdi\u2019yi hem Hz. \u0130sa\u2019y\u0131 kurtulu\u015f i\u00e7in bekliyor. Dahas\u0131 hepsinin ortak paydas\u0131 Hatay Amik Ovas\u0131, Diyarbak\u0131r Dicle-F\u0131rat Irma\u011f\u0131 aras\u0131 ve \u0130srail-Filistin\u2019i de kapsayacak Armagedon Sava\u015f\u0131\u2019na g\u00fcn say\u0131yor olmalar\u0131. <\/p>\n","protected":false},"excerpt":{"rendered":"<p>1978 Washington Mutabakat\u0131 ile yery\u00fcz\u00fcn\u00fcn her yerine dayat\u0131lan kapitalizmin neoliberal-k\u00fcresel serbest piyasa miti 2008\u2019de ABD\u2019de ba\u015flayan finans krizi ile birlikte k\u00fcresel ekonomik-sosyal-siyasi krize d\u00f6n\u00fc\u015fm\u00fc\u015ft\u00fcr.\u0130bn Meymun (Meymonides<span class=\"excerpt-hellip\"> [\u2026]<\/span><\/p>\n","protected":false},"featured_media":0,"template":"","meta":{"_monsterinsights_skip_tracking":false,"_monsterinsights_sitenote_active":false,"_monsterinsights_sitenote_note":"","_monsterinsights_sitenote_category":0},"product_brand":[],"product_cat":[13590,12337],"product_tag":[],"class_list":{"0":"post-709013","1":"product","2":"type-product","3":"status-publish","5":"product_cat-arastirma-inceleme-politika-siyaset","6":"product_cat-politika-siyaset","7":"pa_cilt-ciltsiz","8":"pa_tur-kitap","9":"pa_yayinevi-destek-yayinlari","10":"pa_yazar-ramazan-kurtoglu","12":"first","13":"instock","14":"sale","15":"shipping-taxable","16":"purchasable","17":"product-type-simple"},"_links":{"self":[{"href":"https:\/\/roveyayinevi.com.tr\/index.php\/wp-json\/wp\/v2\/product\/709013","targetHints":{"allow":["GET"]}}],"collection":[{"href":"https:\/\/roveyayinevi.com.tr\/index.php\/wp-json\/wp\/v2\/product"}],"about":[{"href":"https:\/\/roveyayinevi.com.tr\/index.php\/wp-json\/wp\/v2\/types\/product"}],"wp:attachment":[{"href":"https:\/\/roveyayinevi.com.tr\/index.php\/wp-json\/wp\/v2\/media?parent=709013"}],"wp:term":[{"taxonomy":"product_brand","embeddable":true,"href":"https:\/\/roveyayinevi.com.tr\/index.php\/wp-json\/wp\/v2\/product_brand?post=709013"},{"taxonomy":"product_cat","embeddable":true,"href":"https:\/\/roveyayinevi.com.tr\/index.php\/wp-json\/wp\/v2\/product_cat?post=709013"},{"taxonomy":"product_tag","embeddable":true,"href":"https:\/\/roveyayinevi.com.tr\/index.php\/wp-json\/wp\/v2\/product_tag?post=709013"}],"curies":[{"name":"wp","href":"https:\/\/api.w.org\/{rel}","templated":true}]}}