{"id":709012,"date":"2025-08-27T16:20:30","date_gmt":"2025-08-27T13:20:30","guid":{"rendered":"https:\/\/roveyayinevi.com.tr\/index.php\/urun\/ikiz-gezginler-istanbuldan-bodruma-2\/"},"modified":"2026-04-16T02:17:39","modified_gmt":"2026-04-15T23:17:39","slug":"ikiz-gezginler-istanbuldan-bodruma-2","status":"publish","type":"product","link":"https:\/\/roveyayinevi.com.tr\/index.php\/urun\/ikiz-gezginler-istanbuldan-bodruma-2\/","title":{"rendered":"\u0130kiz Gezginler \u0130stanbul&#8217;dan Bodrum&#8217;a"},"content":{"rendered":"<p>Mitolojinin giziyle seyahatin ne\u015fesini birle\u015ftiren bilgi ve heyecan dolu bir yaz tatili hik\u00e2yesi.Lidyal\u0131lar paray\u0131 nas\u0131l icat etti?Kral Midas\u2019\u0131n e\u015fek kulaklar\u0131n\u0131n s\u0131rr\u0131 ne?Bodrum Kalesi\u2019nde sergilenen mumya hangi prensese ait?Dokuz ya\u015f\u0131ndaki ikizler Peri ve Ege\u2019yle antik \u00e7a\u011flardan g\u00fcn\u00fcm\u00fcz Bat\u0131 Anadolu\u2019suna uzanan gizemli bir ser\u00fcvene \u00e7\u0131kmaya haz\u0131r m\u0131s\u0131n\u0131z?Arkeolog yazar Bet\u00fcl Avun\u00e7\u2019un Anadolu\u2019nun tarihsel miras\u0131n\u0131 gelecek ku\u015faklara tan\u0131tmak, \u00e7ocuklara arkeolojiyi ve mitolojiyi sevdirmek amac\u0131yla kaleme ald\u0131\u011f\u0131 \u0130kiz Gezginler serisinin ilk kitab\u0131 \u0130kiz Gezginler \u0130stanbul&#8217;dan Bodrum&#8217;a, Tudem Modern Klasikler koleksiyonundaki yerini al\u0131yor&#8230;\u0130kiz Gezginlerin \u0130stanbul\u2019dan Bodrum\u2019a uzanan maceras\u0131nda, okurlar\u0131 birbirinden ilgin\u00e7 efsanelerle \u00f6r\u00fcl\u00fc heyecan dolu bir ser\u00fcven bekliyor.Her ya\u015ftan okurun ilgisini \u00e7ekecek g\u00fc\u00e7l\u00fc bir \u00f6yk\u00fc kurgusuna sahip olan \u0130kiz Gezginler \u0130stanbul\u2019dan Bodrum\u2019a, ge\u00e7mi\u015fin izini s\u00fcrmekten keyif alan t\u00fcm edebiyatseverlere ke\u015fiflerle dolu e\u011flenceli bir okuma deneyimi sunmas\u0131n\u0131n yan\u0131 s\u0131ra, \u00f6zg\u00fcn i\u00e7eri\u011fiyle ilkokul \u00f6\u011fretmenlerinin \u00f6\u011frencilerine en \u00e7ok tavsiye etti\u011fi g\u00fcd\u00fcml\u00fc kitaplar aras\u0131nda yer al\u0131yor.&#8221;Kitap, sanki bir gezi rehberi gibi, yol boyu u\u011frad\u0131klar\u0131 antik kentler ve ge\u00e7mi\u015f uygarl\u0131klar hakk\u0131nda da bilgi veriyor.&#8221; <\/p>\n","protected":false},"excerpt":{"rendered":"<p>Mitolojinin giziyle seyahatin ne\u015fesini birle\u015ftiren bilgi ve heyecan dolu bir yaz tatili hik\u00e2yesi.Lidyal\u0131lar paray\u0131 nas\u0131l icat etti?Kral Midas\u2019\u0131n e\u015fek kulaklar\u0131n\u0131n s\u0131rr\u0131 ne?Bodrum Kalesi\u2019nde sergilenen mumya hangi<span class=\"excerpt-hellip\"> [\u2026]<\/span><\/p>\n","protected":false},"featured_media":0,"template":"","meta":{"_monsterinsights_skip_tracking":false,"_monsterinsights_sitenote_active":false,"_monsterinsights_sitenote_note":"","_monsterinsights_sitenote_category":0},"product_brand":[],"product_cat":[12275,12274],"product_tag":[],"class_list":{"0":"post-709012","1":"product","2":"type-product","3":"status-publish","5":"product_cat-6-12-yas-kitaplari","6":"product_cat-cocuk-ve-genclik-kitaplari","7":"pa_cilt-ciltli","8":"pa_tur-kitap","9":"pa_yayinevi-tudem-yayinlari","10":"pa_yazar-betul-avunc","12":"first","13":"instock","14":"sale","15":"shipping-taxable","16":"purchasable","17":"product-type-simple"},"_links":{"self":[{"href":"https:\/\/roveyayinevi.com.tr\/index.php\/wp-json\/wp\/v2\/product\/709012","targetHints":{"allow":["GET"]}}],"collection":[{"href":"https:\/\/roveyayinevi.com.tr\/index.php\/wp-json\/wp\/v2\/product"}],"about":[{"href":"https:\/\/roveyayinevi.com.tr\/index.php\/wp-json\/wp\/v2\/types\/product"}],"wp:attachment":[{"href":"https:\/\/roveyayinevi.com.tr\/index.php\/wp-json\/wp\/v2\/media?parent=709012"}],"wp:term":[{"taxonomy":"product_brand","embeddable":true,"href":"https:\/\/roveyayinevi.com.tr\/index.php\/wp-json\/wp\/v2\/product_brand?post=709012"},{"taxonomy":"product_cat","embeddable":true,"href":"https:\/\/roveyayinevi.com.tr\/index.php\/wp-json\/wp\/v2\/product_cat?post=709012"},{"taxonomy":"product_tag","embeddable":true,"href":"https:\/\/roveyayinevi.com.tr\/index.php\/wp-json\/wp\/v2\/product_tag?post=709012"}],"curies":[{"name":"wp","href":"https:\/\/api.w.org\/{rel}","templated":true}]}}