{"id":709011,"date":"2025-08-27T16:20:29","date_gmt":"2025-08-27T13:20:29","guid":{"rendered":"https:\/\/roveyayinevi.com.tr\/index.php\/urun\/super-gazeteciler-1-tudem-modern-klasikler\/"},"modified":"2026-04-16T02:17:39","modified_gmt":"2026-04-15T23:17:39","slug":"super-gazeteciler-1-tudem-modern-klasikler","status":"publish","type":"product","link":"https:\/\/roveyayinevi.com.tr\/index.php\/urun\/super-gazeteciler-1-tudem-modern-klasikler\/","title":{"rendered":"S\u00fcper Gazeteciler 1 &#8211; Tudem Modern Klasikler"},"content":{"rendered":"<p>Merakl\u0131 \u00e7ocuklar\u0131n bir solukta okuyaca\u011f\u0131, her sat\u0131r\u0131nda gizem ve macera y\u00fckl\u00fc bir roman.\u201cS\u00fcper Gazete\u201dnin bug\u00fcnk\u00fc man\u015feti gen\u00e7leri b\u00fcy\u00fck bir sevince bo\u011fdu: Ayt\u00fcl Akal\u2019\u0131n y\u00fcz binlerce okura ula\u015fmay\u0131 ba\u015faran efsane kitab\u0131 S\u00fcper Gazeteciler, Tudem Modern Klasikler koleksiyonundaki yerini al\u0131yor&#8230;Son yirmi y\u0131l\u0131n en \u00e7ok okunan gen\u00e7lik romanlar\u0131ndan biri olan S\u00fcper Gazeteciler, yedinci s\u0131n\u0131fa giden d\u00f6rt arkada\u015f\u0131n kendi \u00e7abalar\u0131yla haz\u0131rlay\u0131p da\u011f\u0131tt\u0131klar\u0131 \u201cS\u00fcper Gazete\u201d \u00fczerine \u00e7al\u0131\u015f\u0131rken kar\u015f\u0131la\u015ft\u0131klar\u0131 olaylar \u00fczerine kurulu heyecan dolu bir ser\u00fcvene a\u00e7\u0131l\u0131yor.D\u00f6rt kitapl\u0131k bir serinin ilk halkas\u0131 olan S\u00fcper Gazeteciler&#8217;in birinci maceras\u0131nda, Evren ve Yener, haz\u0131rlad\u0131klar\u0131 \u201cS\u00fcper Gazete\u201dye renk katmak i\u00e7in dikkat \u00e7ekici bir r\u00f6portaj konusu aramaya giri\u015fiyor. Bu arada, gazetede \u00e7al\u0131\u015fmak i\u00e7in \u0131srarda bulunan Elif ve Selin\u2019i atlatabilmek i\u00e7in t\u00fcrl\u00fc numaralara ba\u015fvuruyor. Bir s\u00fcre sonra karma\u015f\u0131k bir bulmacaya kar\u0131\u015fan gen\u00e7ler s\u0131ra d\u0131\u015f\u0131 bir ka\u00e7\u0131r\u0131lma olay\u0131n\u0131n pe\u015fine d\u00fc\u015f\u00fcyor.Ser\u00fcvene bal\u0131klama dalan S\u00fcper Gazeteciler, ya\u015fanan gizemi a\u00e7\u0131\u011fa \u00e7\u0131karmadan rahat bir nefes alaca\u011fa benzemiyor. <\/p>\n","protected":false},"excerpt":{"rendered":"<p>Merakl\u0131 \u00e7ocuklar\u0131n bir solukta okuyaca\u011f\u0131, her sat\u0131r\u0131nda gizem ve macera y\u00fckl\u00fc bir roman.\u201cS\u00fcper Gazete\u201dnin bug\u00fcnk\u00fc man\u015feti gen\u00e7leri b\u00fcy\u00fck bir sevince bo\u011fdu: Ayt\u00fcl Akal\u2019\u0131n y\u00fcz binlerce okura<span class=\"excerpt-hellip\"> [\u2026]<\/span><\/p>\n","protected":false},"featured_media":0,"template":"","meta":{"_monsterinsights_skip_tracking":false,"_monsterinsights_sitenote_active":false,"_monsterinsights_sitenote_note":"","_monsterinsights_sitenote_category":0},"product_brand":[],"product_cat":[12275,12274],"product_tag":[],"class_list":{"0":"post-709011","1":"product","2":"type-product","3":"status-publish","5":"product_cat-6-12-yas-kitaplari","6":"product_cat-cocuk-ve-genclik-kitaplari","7":"pa_cilt-ciltli","8":"pa_tur-kitap","9":"pa_yayinevi-tudem-yayinlari","10":"pa_yazar-aytul-akal","12":"first","13":"instock","14":"sale","15":"shipping-taxable","16":"purchasable","17":"product-type-simple"},"_links":{"self":[{"href":"https:\/\/roveyayinevi.com.tr\/index.php\/wp-json\/wp\/v2\/product\/709011","targetHints":{"allow":["GET"]}}],"collection":[{"href":"https:\/\/roveyayinevi.com.tr\/index.php\/wp-json\/wp\/v2\/product"}],"about":[{"href":"https:\/\/roveyayinevi.com.tr\/index.php\/wp-json\/wp\/v2\/types\/product"}],"wp:attachment":[{"href":"https:\/\/roveyayinevi.com.tr\/index.php\/wp-json\/wp\/v2\/media?parent=709011"}],"wp:term":[{"taxonomy":"product_brand","embeddable":true,"href":"https:\/\/roveyayinevi.com.tr\/index.php\/wp-json\/wp\/v2\/product_brand?post=709011"},{"taxonomy":"product_cat","embeddable":true,"href":"https:\/\/roveyayinevi.com.tr\/index.php\/wp-json\/wp\/v2\/product_cat?post=709011"},{"taxonomy":"product_tag","embeddable":true,"href":"https:\/\/roveyayinevi.com.tr\/index.php\/wp-json\/wp\/v2\/product_tag?post=709011"}],"curies":[{"name":"wp","href":"https:\/\/api.w.org\/{rel}","templated":true}]}}