{"id":709010,"date":"2025-08-27T16:20:29","date_gmt":"2025-08-27T13:20:29","guid":{"rendered":"https:\/\/roveyayinevi.com.tr\/index.php\/urun\/ida-ile-kuvetteki-hazine\/"},"modified":"2026-04-16T02:17:38","modified_gmt":"2026-04-15T23:17:38","slug":"ida-ile-kuvetteki-hazine","status":"publish","type":"product","link":"https:\/\/roveyayinevi.com.tr\/index.php\/urun\/ida-ile-kuvetteki-hazine\/","title":{"rendered":"\u0130da ile K\u00fcvetteki Hazine"},"content":{"rendered":"<p>\u0130da \u00f6yk\u00fclerini kendim okuyabilirim! \u2022Okumaya yeni ba\u015flayanlar i\u00e7in uygun \u2022K\u0131sa ve basit c\u00fcmleler \u2022\u00c7ok resimli \u2022Okunakl\u0131 b\u00fcy\u00fck harfler \u0130da; zeki, cesur ve elbette bir k\u0131z \u00e7ocu\u011fu. Yoksa ad\u0131 \u0130da olan bir erkek \u00e7ocu\u011fu tan\u0131yor musunuz? \u0130da genellikle ne\u015feli bir k\u0131z olsa da baz\u0131 zamanlar biraz d\u00fc\u015f\u00fcnceli olabiliyor. <\/p>\n","protected":false},"excerpt":{"rendered":"<p>\u0130da \u00f6yk\u00fclerini kendim okuyabilirim! \u2022Okumaya yeni ba\u015flayanlar i\u00e7in uygun \u2022K\u0131sa ve basit c\u00fcmleler \u2022\u00c7ok resimli \u2022Okunakl\u0131 b\u00fcy\u00fck harfler \u0130da; zeki, cesur ve elbette bir k\u0131z \u00e7ocu\u011fu.<span class=\"excerpt-hellip\"> [\u2026]<\/span><\/p>\n","protected":false},"featured_media":0,"template":"","meta":{"_monsterinsights_skip_tracking":false,"_monsterinsights_sitenote_active":false,"_monsterinsights_sitenote_note":"","_monsterinsights_sitenote_category":0},"product_brand":[],"product_cat":[12275,12274],"product_tag":[],"class_list":{"0":"post-709010","1":"product","2":"type-product","3":"status-publish","5":"product_cat-6-12-yas-kitaplari","6":"product_cat-cocuk-ve-genclik-kitaplari","7":"pa_cilt-ciltsiz","8":"pa_tur-kitap","9":"pa_yayinevi-is-bankasi-kultur-yayinlari","10":"pa_yazar-sabine-ludwig","12":"first","13":"instock","14":"sale","15":"shipping-taxable","16":"purchasable","17":"product-type-simple"},"_links":{"self":[{"href":"https:\/\/roveyayinevi.com.tr\/index.php\/wp-json\/wp\/v2\/product\/709010","targetHints":{"allow":["GET"]}}],"collection":[{"href":"https:\/\/roveyayinevi.com.tr\/index.php\/wp-json\/wp\/v2\/product"}],"about":[{"href":"https:\/\/roveyayinevi.com.tr\/index.php\/wp-json\/wp\/v2\/types\/product"}],"wp:attachment":[{"href":"https:\/\/roveyayinevi.com.tr\/index.php\/wp-json\/wp\/v2\/media?parent=709010"}],"wp:term":[{"taxonomy":"product_brand","embeddable":true,"href":"https:\/\/roveyayinevi.com.tr\/index.php\/wp-json\/wp\/v2\/product_brand?post=709010"},{"taxonomy":"product_cat","embeddable":true,"href":"https:\/\/roveyayinevi.com.tr\/index.php\/wp-json\/wp\/v2\/product_cat?post=709010"},{"taxonomy":"product_tag","embeddable":true,"href":"https:\/\/roveyayinevi.com.tr\/index.php\/wp-json\/wp\/v2\/product_tag?post=709010"}],"curies":[{"name":"wp","href":"https:\/\/api.w.org\/{rel}","templated":true}]}}