{"id":709008,"date":"2025-08-27T16:20:28","date_gmt":"2025-08-27T13:20:28","guid":{"rendered":"https:\/\/roveyayinevi.com.tr\/index.php\/urun\/dedektif-can-ve-kayip-kurabiye-olayi\/"},"modified":"2026-04-16T02:17:38","modified_gmt":"2026-04-15T23:17:38","slug":"dedektif-can-ve-kayip-kurabiye-olayi","status":"publish","type":"product","link":"https:\/\/roveyayinevi.com.tr\/index.php\/urun\/dedektif-can-ve-kayip-kurabiye-olayi\/","title":{"rendered":"Dedektif Can ve Kay\u0131p Kurabiye Olay\u0131"},"content":{"rendered":"<p>Evde gizemli olaylar meydana geliyor ve kurabiyeler kayboluyordu. Gizemi \u00e7\u00f6zebilecek tek ki\u015fi olan Dedektif Can hemen kollar\u0131 s\u0131vad\u0131.Ba\u015fka \u015feyler de kaybolmaya ba\u015flamadan \u00f6nce delilleri incelemek ve kay\u0131p kurabiyelere ne oldu\u011funu bulmak i\u00e7in harekete ge\u00e7ti.Minik okurlar Can&#8217;la birlikte delillerin pe\u015finde ko\u015farken hem \u00e7ok e\u011flenecek, hem de neden sonu\u00e7 ili\u015fkisi kurabilmeyi \u00f6\u011frenecekler. <\/p>\n","protected":false},"excerpt":{"rendered":"<p>Evde gizemli olaylar meydana geliyor ve kurabiyeler kayboluyordu. Gizemi \u00e7\u00f6zebilecek tek ki\u015fi olan Dedektif Can hemen kollar\u0131 s\u0131vad\u0131.Ba\u015fka \u015feyler de kaybolmaya ba\u015flamadan \u00f6nce delilleri incelemek ve<span class=\"excerpt-hellip\"> [\u2026]<\/span><\/p>\n","protected":false},"featured_media":0,"template":"","meta":{"_monsterinsights_skip_tracking":false,"_monsterinsights_sitenote_active":false,"_monsterinsights_sitenote_note":"","_monsterinsights_sitenote_category":0},"product_brand":[],"product_cat":[12275,12274],"product_tag":[],"class_list":{"0":"post-709008","1":"product","2":"type-product","3":"status-publish","5":"product_cat-6-12-yas-kitaplari","6":"product_cat-cocuk-ve-genclik-kitaplari","7":"pa_cilt-ciltsiz","8":"pa_tur-kitap","9":"pa_yayinevi-is-bankasi-kultur-yayinlari","10":"pa_yazar-melanie-joyce","12":"first","13":"instock","14":"sale","15":"shipping-taxable","16":"purchasable","17":"product-type-simple"},"_links":{"self":[{"href":"https:\/\/roveyayinevi.com.tr\/index.php\/wp-json\/wp\/v2\/product\/709008","targetHints":{"allow":["GET"]}}],"collection":[{"href":"https:\/\/roveyayinevi.com.tr\/index.php\/wp-json\/wp\/v2\/product"}],"about":[{"href":"https:\/\/roveyayinevi.com.tr\/index.php\/wp-json\/wp\/v2\/types\/product"}],"wp:attachment":[{"href":"https:\/\/roveyayinevi.com.tr\/index.php\/wp-json\/wp\/v2\/media?parent=709008"}],"wp:term":[{"taxonomy":"product_brand","embeddable":true,"href":"https:\/\/roveyayinevi.com.tr\/index.php\/wp-json\/wp\/v2\/product_brand?post=709008"},{"taxonomy":"product_cat","embeddable":true,"href":"https:\/\/roveyayinevi.com.tr\/index.php\/wp-json\/wp\/v2\/product_cat?post=709008"},{"taxonomy":"product_tag","embeddable":true,"href":"https:\/\/roveyayinevi.com.tr\/index.php\/wp-json\/wp\/v2\/product_tag?post=709008"}],"curies":[{"name":"wp","href":"https:\/\/api.w.org\/{rel}","templated":true}]}}