{"id":709007,"date":"2025-08-27T16:20:27","date_gmt":"2025-08-27T13:20:27","guid":{"rendered":"https:\/\/roveyayinevi.com.tr\/index.php\/urun\/ii-edward-ciltli\/"},"modified":"2026-04-16T02:17:38","modified_gmt":"2026-04-15T23:17:38","slug":"ii-edward-ciltli","status":"publish","type":"product","link":"https:\/\/roveyayinevi.com.tr\/index.php\/urun\/ii-edward-ciltli\/","title":{"rendered":"II. Edward Ciltli"},"content":{"rendered":"<p>Christopher Marlowe, (1564-1593): Hayat\u0131 ve \u00f6l\u00fcm\u00fc bir gizem perdesiyle \u00f6rt\u00fcl\u00fc olan sanat\u00e7\u0131 Elizabeth d\u00f6neminin en \u00f6nemli oyun yazarlar\u0131 aras\u0131nda yer al\u0131r. Canterbury\u2019de bir ayakkab\u0131c\u0131n\u0131n o\u011flu olarak d\u00fcnyaya gelmi\u015f, zek\u00e2 ve yetene\u011fi ile sivrilmi\u015f, zaman\u0131n\u0131n en iyi e\u011fitimini alm\u0131\u015ft\u0131r. Din \u00f6\u011frenimi yapmak \u00fczere gitti\u011fi Cambridge \u00dcniversitesi\u2019nde tarih ve felsefeyle de ilgilenmi\u015f, Frans\u0131zca \u00f6\u011frenmi\u015f, lisans ve lisans \u00fcst\u00fc derecelerle mezun olmu\u015ftur. 29 y\u0131ll\u0131k k\u0131sa ya\u015fam\u0131nda serbest \u00f6l\u00e7\u00fcy\u00fc ve dilin t\u00fcm olanaklar\u0131n\u0131 kullanarak yazd\u0131\u011f\u0131 oyunlarla \u0130ngiliz tiyatrosunda yeni bir \u00e7\u0131\u011f\u0131r\u0131n \u00f6nc\u00fcs\u00fc olmu\u015f, \u00e7a\u011fda\u015f\u0131 Shakespeare ba\u015fta olmak \u00fczere kendinden sonraki oyun yazarlar\u0131na ilham vermi\u015ftir. Ya\u015fam\u0131 boyunca kalpazanl\u0131k, tanr\u0131tan\u0131mazl\u0131k gibi \u00e7e\u015fitli gerek\u00e7elerle kovu\u015fturulmu\u015f ve bir meyhane arkada\u015f\u0131 taraf\u0131ndan \u00f6ld\u00fcr\u00fclm\u00fc\u015ft\u00fcr. Yazar, II. Edward\u2019da \u0130ngiltere siyasi tarihine y\u00f6nelmi\u015f, saray ile soylular aras\u0131ndaki \u00e7eki\u015fmenin ortas\u0131nda zay\u0131f bir kral\u0131 ele alm\u0131\u015f, g\u00fc\u00e7s\u00fczl\u00fck ve sefahat d\u00fc\u015fk\u00fcnl\u00fc\u011f\u00fcn\u00fcn yol a\u00e7t\u0131\u011f\u0131 y\u0131k\u0131m\u0131 sergilemi\u015ftir. \ufffcTan\u0131t\u0131m Metni<\/p>\n","protected":false},"excerpt":{"rendered":"<p>Christopher Marlowe, (1564-1593): Hayat\u0131 ve \u00f6l\u00fcm\u00fc bir gizem perdesiyle \u00f6rt\u00fcl\u00fc olan sanat\u00e7\u0131 Elizabeth d\u00f6neminin en \u00f6nemli oyun yazarlar\u0131 aras\u0131nda yer al\u0131r. Canterbury\u2019de bir ayakkab\u0131c\u0131n\u0131n o\u011flu olarak<span class=\"excerpt-hellip\"> [\u2026]<\/span><\/p>\n","protected":false},"featured_media":0,"template":"","meta":{"_monsterinsights_skip_tracking":false,"_monsterinsights_sitenote_active":false,"_monsterinsights_sitenote_note":"","_monsterinsights_sitenote_category":0},"product_brand":[],"product_cat":[12291,12866],"product_tag":[],"class_list":{"0":"post-709007","1":"product","2":"type-product","3":"status-publish","5":"product_cat-edebiyat","6":"product_cat-ingiliz-edebiyati","7":"pa_cilt-ciltli","8":"pa_tur-kitap","9":"pa_yayinevi-is-bankasi-kultur-yayinlari","10":"pa_yazar-christopher-marlowe","12":"first","13":"instock","14":"sale","15":"shipping-taxable","16":"purchasable","17":"product-type-simple"},"_links":{"self":[{"href":"https:\/\/roveyayinevi.com.tr\/index.php\/wp-json\/wp\/v2\/product\/709007","targetHints":{"allow":["GET"]}}],"collection":[{"href":"https:\/\/roveyayinevi.com.tr\/index.php\/wp-json\/wp\/v2\/product"}],"about":[{"href":"https:\/\/roveyayinevi.com.tr\/index.php\/wp-json\/wp\/v2\/types\/product"}],"wp:attachment":[{"href":"https:\/\/roveyayinevi.com.tr\/index.php\/wp-json\/wp\/v2\/media?parent=709007"}],"wp:term":[{"taxonomy":"product_brand","embeddable":true,"href":"https:\/\/roveyayinevi.com.tr\/index.php\/wp-json\/wp\/v2\/product_brand?post=709007"},{"taxonomy":"product_cat","embeddable":true,"href":"https:\/\/roveyayinevi.com.tr\/index.php\/wp-json\/wp\/v2\/product_cat?post=709007"},{"taxonomy":"product_tag","embeddable":true,"href":"https:\/\/roveyayinevi.com.tr\/index.php\/wp-json\/wp\/v2\/product_tag?post=709007"}],"curies":[{"name":"wp","href":"https:\/\/api.w.org\/{rel}","templated":true}]}}