{"id":709004,"date":"2025-08-27T16:20:25","date_gmt":"2025-08-27T13:20:25","guid":{"rendered":"https:\/\/roveyayinevi.com.tr\/index.php\/urun\/alakanat\/"},"modified":"2026-04-16T02:17:38","modified_gmt":"2026-04-15T23:17:38","slug":"alakanat","status":"publish","type":"product","link":"https:\/\/roveyayinevi.com.tr\/index.php\/urun\/alakanat\/","title":{"rendered":"Alakanat"},"content":{"rendered":"<p>Masal ustasi Aydin Balci, sizi soluk soluga okuyacaginiz bir ser\u00fcvene davet ediyor. Kartal Yurdu\u2019nun g\u00f6zdesi, yasitlarinin en hizlisi Alakanat\u2019in ser\u00fcvenine&#8230; Oyunlarda ve yarislarda yenilgi nedir bilmeyen, gen\u00e7 bir kartaldir Alakanat. Ama bir g\u00fcn ondan daha iyisi \u00e7ikar. Alakanat bu gen\u00e7 rakibini kiskanir; olaylar b\u00f6yle baslar. Alakanat\u2019in yasami, kisa s\u00fcrede beklenmedik bi\u00e7imde degisir. Dostluk, cesaret ve sorumluluk \u00fczerine yazilmis bu masal, okurken i\u00e7inizi isitacak. \ufffcTan\u0131t\u0131m Metni<\/p>\n","protected":false},"excerpt":{"rendered":"<p>Masal ustasi Aydin Balci, sizi soluk soluga okuyacaginiz bir ser\u00fcvene davet ediyor. Kartal Yurdu\u2019nun g\u00f6zdesi, yasitlarinin en hizlisi Alakanat\u2019in ser\u00fcvenine&#8230; Oyunlarda ve yarislarda yenilgi nedir bilmeyen,<span class=\"excerpt-hellip\"> [\u2026]<\/span><\/p>\n","protected":false},"featured_media":0,"template":"","meta":{"_monsterinsights_skip_tracking":false,"_monsterinsights_sitenote_active":false,"_monsterinsights_sitenote_note":"","_monsterinsights_sitenote_category":0},"product_brand":[],"product_cat":[12274,12284],"product_tag":[],"class_list":{"0":"post-709004","1":"product","2":"type-product","3":"status-publish","5":"product_cat-cocuk-ve-genclik-kitaplari","6":"product_cat-hikayeler","7":"pa_cilt-ciltsiz","8":"pa_tur-kitap","9":"pa_yayinevi-kok-yayinevi","10":"pa_yazar-aydin-balci","12":"first","13":"instock","14":"sale","15":"shipping-taxable","16":"purchasable","17":"product-type-simple"},"_links":{"self":[{"href":"https:\/\/roveyayinevi.com.tr\/index.php\/wp-json\/wp\/v2\/product\/709004","targetHints":{"allow":["GET"]}}],"collection":[{"href":"https:\/\/roveyayinevi.com.tr\/index.php\/wp-json\/wp\/v2\/product"}],"about":[{"href":"https:\/\/roveyayinevi.com.tr\/index.php\/wp-json\/wp\/v2\/types\/product"}],"wp:attachment":[{"href":"https:\/\/roveyayinevi.com.tr\/index.php\/wp-json\/wp\/v2\/media?parent=709004"}],"wp:term":[{"taxonomy":"product_brand","embeddable":true,"href":"https:\/\/roveyayinevi.com.tr\/index.php\/wp-json\/wp\/v2\/product_brand?post=709004"},{"taxonomy":"product_cat","embeddable":true,"href":"https:\/\/roveyayinevi.com.tr\/index.php\/wp-json\/wp\/v2\/product_cat?post=709004"},{"taxonomy":"product_tag","embeddable":true,"href":"https:\/\/roveyayinevi.com.tr\/index.php\/wp-json\/wp\/v2\/product_tag?post=709004"}],"curies":[{"name":"wp","href":"https:\/\/api.w.org\/{rel}","templated":true}]}}