{"id":709003,"date":"2025-08-27T16:20:25","date_gmt":"2025-08-27T13:20:25","guid":{"rendered":"https:\/\/roveyayinevi.com.tr\/index.php\/urun\/exploit-gelistirme-101\/"},"modified":"2026-04-16T02:17:38","modified_gmt":"2026-04-15T23:17:38","slug":"exploit-gelistirme-101","status":"publish","type":"product","link":"https:\/\/roveyayinevi.com.tr\/index.php\/urun\/exploit-gelistirme-101\/","title":{"rendered":"Explo\u0131t Geli\u015ftirme 101"},"content":{"rendered":"<p>\u0130\u00c7\u0130NDEK\u0130LER B\u00d6L\u00dcM 1 TEMEL KAVRAMLAR B\u00d6L\u00dcM 2 L\u0130NUX ASSEMBLY VE TEMEL D\u0130SASSEMBLER KULLANIMI B\u00d6L\u00dcM 3 BELLEK TABANLI TA\u015eMA TEOR\u0130S\u0130 VE \u00c7E\u015e\u0130TLER\u0130 B\u00d6L\u00dcM 4 EXPLO\u0130T GEL\u0130\u015eT\u0130RME UYGULAMALARI <\/p>\n","protected":false},"excerpt":{"rendered":"<p>\u0130\u00c7\u0130NDEK\u0130LER B\u00d6L\u00dcM 1 TEMEL KAVRAMLAR B\u00d6L\u00dcM 2 L\u0130NUX ASSEMBLY VE TEMEL D\u0130SASSEMBLER KULLANIMI B\u00d6L\u00dcM 3 BELLEK TABANLI TA\u015eMA TEOR\u0130S\u0130 VE \u00c7E\u015e\u0130TLER\u0130 B\u00d6L\u00dcM 4 EXPLO\u0130T GEL\u0130\u015eT\u0130RME UYGULAMALARI<\/p>\n","protected":false},"featured_media":0,"template":"","meta":{"_monsterinsights_skip_tracking":false,"_monsterinsights_sitenote_active":false,"_monsterinsights_sitenote_note":"","_monsterinsights_sitenote_category":0},"product_brand":[],"product_cat":[12573,12566],"product_tag":[],"class_list":{"0":"post-709003","1":"product","2":"type-product","3":"status-publish","5":"product_cat-akademik-kitaplar","6":"product_cat-egitim","7":"pa_cilt-ciltsiz","8":"pa_tur-kitap","9":"pa_yayinevi-gazi-kitabevi","10":"pa_yazar-m-alparslan-akyildiz","12":"first","13":"instock","14":"sale","15":"shipping-taxable","16":"purchasable","17":"product-type-simple"},"_links":{"self":[{"href":"https:\/\/roveyayinevi.com.tr\/index.php\/wp-json\/wp\/v2\/product\/709003","targetHints":{"allow":["GET"]}}],"collection":[{"href":"https:\/\/roveyayinevi.com.tr\/index.php\/wp-json\/wp\/v2\/product"}],"about":[{"href":"https:\/\/roveyayinevi.com.tr\/index.php\/wp-json\/wp\/v2\/types\/product"}],"wp:attachment":[{"href":"https:\/\/roveyayinevi.com.tr\/index.php\/wp-json\/wp\/v2\/media?parent=709003"}],"wp:term":[{"taxonomy":"product_brand","embeddable":true,"href":"https:\/\/roveyayinevi.com.tr\/index.php\/wp-json\/wp\/v2\/product_brand?post=709003"},{"taxonomy":"product_cat","embeddable":true,"href":"https:\/\/roveyayinevi.com.tr\/index.php\/wp-json\/wp\/v2\/product_cat?post=709003"},{"taxonomy":"product_tag","embeddable":true,"href":"https:\/\/roveyayinevi.com.tr\/index.php\/wp-json\/wp\/v2\/product_tag?post=709003"}],"curies":[{"name":"wp","href":"https:\/\/api.w.org\/{rel}","templated":true}]}}