{"id":709002,"date":"2025-08-27T16:20:24","date_gmt":"2025-08-27T13:20:24","guid":{"rendered":"https:\/\/roveyayinevi.com.tr\/index.php\/urun\/hayat-agaci\/"},"modified":"2026-04-16T02:17:38","modified_gmt":"2026-04-15T23:17:38","slug":"hayat-agaci","status":"publish","type":"product","link":"https:\/\/roveyayinevi.com.tr\/index.php\/urun\/hayat-agaci\/","title":{"rendered":"Hayat A\u011fac\u0131"},"content":{"rendered":"<p>Hayat a\u011fac\u0131, k\u00f6kleri cennette dallar\u0131 D\u00fcnya\u2019ya uzanan bir a\u011fa\u00e7 imgesi olarak G\u00f6n\u00fcl Tekin\u2019in son d\u00f6nem makalelerinde giderek \u00fczerinde yo\u011funla\u015ft\u0131\u011f\u0131 bir konu; insanlar\u0131n y\u00fczy\u0131llar boyunca seyreyledikleri g\u00f6ky\u00fcz\u00fcndeki y\u0131ld\u0131z k\u00fcmeleri ile g\u00f6k olaylar\u0131n\u0131n yaz\u0131nsal imgeler olarak insanlar\u0131n hayatlar\u0131nda neleri dile getirmede kullan\u0131ld\u0131klar\u0131 sorusunu Eski \u00c7a\u011f Yak\u0131n Do\u011fu eserlerine g\u00f6ndermelerle Osmanl\u0131 divan \u015fiiri \u00f6rneklerinden yola \u00e7\u0131karak inceledi\u011fi bir konu. Ama bu cilde ad\u0131n\u0131 vermesi, bu ciltteki makalelerin G\u00f6n\u00fcl Tekin\u2019in d\u00fc\u015f\u00fcn\u00fc\u015f\u00fcn\u00fcn geli\u015fimini etkilemi\u015f ki\u015filer, kendilerinin Osmanl\u0131 edebiyat\u0131na bak\u0131\u015f\u0131n\u0131 genel anlamda yans\u0131tan makaleler ve erken d\u00f6nem \u00e7al\u0131\u015fmalar\u0131n\u0131 bir araya getirmesinden kaynaklan\u0131yor. B\u00fcy\u00fck bir okuma ve payla\u015fma deneyimini sergileyen, sa\u011flam bir g\u00f6vdeden dallar\u0131yla yapraklar\u0131yla geli\u015fen bir a\u011fac\u0131n, G\u00f6n\u00fcl Tekin\u2019in \u00e7al\u0131\u015fmalar\u0131n\u0131n, bu yirmi bir meyvesi ilk olarak bu ciltte bir araya geliyor.<\/p>\n","protected":false},"excerpt":{"rendered":"<p>Hayat a\u011fac\u0131, k\u00f6kleri cennette dallar\u0131 D\u00fcnya\u2019ya uzanan bir a\u011fa\u00e7 imgesi olarak G\u00f6n\u00fcl Tekin\u2019in son d\u00f6nem makalelerinde giderek \u00fczerinde yo\u011funla\u015ft\u0131\u011f\u0131 bir konu; insanlar\u0131n y\u00fczy\u0131llar boyunca seyreyledikleri g\u00f6ky\u00fcz\u00fcndeki<span class=\"excerpt-hellip\"> [\u2026]<\/span><\/p>\n","protected":false},"featured_media":0,"template":"","meta":{"_monsterinsights_skip_tracking":false,"_monsterinsights_sitenote_active":false,"_monsterinsights_sitenote_note":"","_monsterinsights_sitenote_category":0},"product_brand":[],"product_cat":[12777,12291],"product_tag":[],"class_list":{"0":"post-709002","1":"product","2":"type-product","3":"status-publish","5":"product_cat-deneme","6":"product_cat-edebiyat","7":"pa_cilt-ciltsiz","8":"pa_tur-kitap","9":"pa_yayinevi-yeditepe-yayinevi","10":"pa_yazar-gonul-alpay-tekin","12":"first","13":"instock","14":"sale","15":"shipping-taxable","16":"purchasable","17":"product-type-simple"},"_links":{"self":[{"href":"https:\/\/roveyayinevi.com.tr\/index.php\/wp-json\/wp\/v2\/product\/709002","targetHints":{"allow":["GET"]}}],"collection":[{"href":"https:\/\/roveyayinevi.com.tr\/index.php\/wp-json\/wp\/v2\/product"}],"about":[{"href":"https:\/\/roveyayinevi.com.tr\/index.php\/wp-json\/wp\/v2\/types\/product"}],"wp:attachment":[{"href":"https:\/\/roveyayinevi.com.tr\/index.php\/wp-json\/wp\/v2\/media?parent=709002"}],"wp:term":[{"taxonomy":"product_brand","embeddable":true,"href":"https:\/\/roveyayinevi.com.tr\/index.php\/wp-json\/wp\/v2\/product_brand?post=709002"},{"taxonomy":"product_cat","embeddable":true,"href":"https:\/\/roveyayinevi.com.tr\/index.php\/wp-json\/wp\/v2\/product_cat?post=709002"},{"taxonomy":"product_tag","embeddable":true,"href":"https:\/\/roveyayinevi.com.tr\/index.php\/wp-json\/wp\/v2\/product_tag?post=709002"}],"curies":[{"name":"wp","href":"https:\/\/api.w.org\/{rel}","templated":true}]}}