{"id":709001,"date":"2025-08-27T16:20:24","date_gmt":"2025-08-27T13:20:24","guid":{"rendered":"https:\/\/roveyayinevi.com.tr\/index.php\/urun\/hayvan-ciziminin-temelleri\/"},"modified":"2026-04-16T02:17:38","modified_gmt":"2026-04-15T23:17:38","slug":"hayvan-ciziminin-temelleri","status":"publish","type":"product","link":"https:\/\/roveyayinevi.com.tr\/index.php\/urun\/hayvan-ciziminin-temelleri\/","title":{"rendered":"Hayvan \u00c7iziminin Temelleri"},"content":{"rendered":"<p>Ne\u015feli, sevimli, \u00f6fkeli, oyuncu, yaramaz, evcil, uysal\u2026 Binbir t\u00fcrl\u00fc farkl\u0131 \u00f6zellikteki t\u00fcyl\u00fc dostlar\u0131m\u0131z\u0131 \u00e7izmek \u00e7ok keyifli. \u00c7izimleriniz i\u00e7in ilham kayna\u011f\u0131 olacak bu kitapta, profesyonel sanat\u00e7\u0131 ve hayvansever Duncan Smith, evcil hayvanlardan \u00e7iftlik hayvanlar\u0131na, vah\u015fi yarat\u0131klardan ku\u015flara kadar bir\u00e7ok hayvan\u0131n ger\u00e7ek\u00e7i bir bi\u00e7imde nas\u0131l \u00e7izilece\u011fini t\u00fcm detaylar\u0131yla anlat\u0131yor. \u0130ster bir \u00e7aylak olun, isterseniz de \u00e7izim yetene\u011finizi bir sonraki a\u015famaya ge\u00e7irmek isteyin; Hayvan \u00c7iziminin Temelleri\u2019nde bu keyifli aktiviteyi en iyi \u015fekilde ger\u00e7ekle\u015ftirmek i\u00e7in gerekenleri bulacaks\u0131n\u0131z. <\/p>\n","protected":false},"excerpt":{"rendered":"<p>Ne\u015feli, sevimli, \u00f6fkeli, oyuncu, yaramaz, evcil, uysal\u2026 Binbir t\u00fcrl\u00fc farkl\u0131 \u00f6zellikteki t\u00fcyl\u00fc dostlar\u0131m\u0131z\u0131 \u00e7izmek \u00e7ok keyifli. \u00c7izimleriniz i\u00e7in ilham kayna\u011f\u0131 olacak bu kitapta, profesyonel sanat\u00e7\u0131 ve<span class=\"excerpt-hellip\"> [\u2026]<\/span><\/p>\n","protected":false},"featured_media":0,"template":"","meta":{"_monsterinsights_skip_tracking":false,"_monsterinsights_sitenote_active":false,"_monsterinsights_sitenote_note":"","_monsterinsights_sitenote_category":0},"product_brand":[],"product_cat":[38511,15563],"product_tag":[],"class_list":{"0":"post-709001","1":"product","2":"type-product","3":"status-publish","5":"product_cat-buyukler-icin-boyama-mandala","6":"product_cat-hobi","7":"pa_cilt-ciltsiz","8":"pa_tur-kitap","9":"pa_yayinevi-profil-kitap","10":"pa_yazar-duncan-smith","12":"first","13":"instock","14":"sale","15":"shipping-taxable","16":"purchasable","17":"product-type-simple"},"_links":{"self":[{"href":"https:\/\/roveyayinevi.com.tr\/index.php\/wp-json\/wp\/v2\/product\/709001","targetHints":{"allow":["GET"]}}],"collection":[{"href":"https:\/\/roveyayinevi.com.tr\/index.php\/wp-json\/wp\/v2\/product"}],"about":[{"href":"https:\/\/roveyayinevi.com.tr\/index.php\/wp-json\/wp\/v2\/types\/product"}],"wp:attachment":[{"href":"https:\/\/roveyayinevi.com.tr\/index.php\/wp-json\/wp\/v2\/media?parent=709001"}],"wp:term":[{"taxonomy":"product_brand","embeddable":true,"href":"https:\/\/roveyayinevi.com.tr\/index.php\/wp-json\/wp\/v2\/product_brand?post=709001"},{"taxonomy":"product_cat","embeddable":true,"href":"https:\/\/roveyayinevi.com.tr\/index.php\/wp-json\/wp\/v2\/product_cat?post=709001"},{"taxonomy":"product_tag","embeddable":true,"href":"https:\/\/roveyayinevi.com.tr\/index.php\/wp-json\/wp\/v2\/product_tag?post=709001"}],"curies":[{"name":"wp","href":"https:\/\/api.w.org\/{rel}","templated":true}]}}