{"id":709000,"date":"2025-08-27T16:20:24","date_gmt":"2025-08-27T13:20:24","guid":{"rendered":"https:\/\/roveyayinevi.com.tr\/index.php\/urun\/koro-sarkilari-ve-turkuleri\/"},"modified":"2026-04-16T02:17:38","modified_gmt":"2026-04-15T23:17:38","slug":"koro-sarkilari-ve-turkuleri","status":"publish","type":"product","link":"https:\/\/roveyayinevi.com.tr\/index.php\/urun\/koro-sarkilari-ve-turkuleri\/","title":{"rendered":"Koro \u015eark\u0131lar\u0131 ve T\u00fcrk\u00fcleri"},"content":{"rendered":"<p>\u201cRuh sa\u011fl\u0131\u011f\u0131 i\u00e7in en iyi egzersiz, \u015fark\u0131 s\u00f6ylemedir.\u201d \u0130bni Sina (980-1037) \u201cBir kentin kimli\u011fini olu\u015fturan en \u00f6nemli \u00f6gelerden birinin sanat oldu\u011funu d\u00fc\u015f\u00fcn\u00fcyor, \u00e7oksesli koroyu da kent k\u00fclt\u00fcr\u00fcn\u00fcn \u00f6nemli bir \u00f6gesi olarak g\u00f6r\u00fcyorum\u2026Okullar\u0131m\u0131zdan, i\u015f yerlerimizden, evlerimizden kalk\u0131p b\u00fcy\u00fck bir \u00f6zveriyle bir araya geliyoruz. Kendi sesimizin b\u00fcy\u00fcs\u00fcne kap\u0131l\u0131p etkileniyoruz. Koro ile yapt\u0131\u011f\u0131m\u0131z her \u00e7al\u0131\u015fmadan farkl\u0131 bir insan olarak ayr\u0131l\u0131yoruz.\u201d Cumali G\u00fcng\u00f6r (Mersin Polifonik Korolar Derne\u011fi\u2019nden amat\u00f6r bir korist) \u201cM\u00fczik en g\u00fc\u00e7l\u00fc ba\u011flardan biridir. T\u00fcrk\u00fcler ve \u015fark\u0131lar\u0131 ve bireyleri ve ku\u015faklar\u0131 birbirine ba\u011flayan g\u00f6n\u00fcl ba\u011flar\u0131d\u0131r. Ulusal birli\u011fimizi sa\u011flayan \u201ctoprak birli\u011fi,\u201d \u201cbayrak birli\u011fi\u201d kadar, \u015fark\u0131 ve t\u00fcrk\u00fclerimizin birli\u011fi de \u00f6nemlidir. Bu birli\u011fi sa\u011flamada \u00e7oksesli korolara \u00f6nemli g\u00f6revler d\u00fc\u015fmektedir.\u201d Saip Eg\u00fcz (1920-1981) \u015eark\u0131 s\u00f6yleyen bir ulus olmak! \u0130nsanl\u0131\u011f\u0131n ortak de\u011ferlerinde bulu\u015fmak; insan\u0131 sevmek, do\u011fay\u0131 sevmek, ve bar\u0131\u015f\u0131 sevmek\u2026\u015eark\u0131 s\u00f6yleyen bir ulus olal\u0131m ki, insan\u0131, do\u011fay\u0131, ve bar\u0131\u015f\u0131 koruyup ya\u015fatal\u0131m sonsuza dek. Prof. Suna \u00c7evik \u201cYa\u015famda tek bir paraya\u2013 pula sahip olamamaktan \u00f6te bir yoksulluk var m\u0131d\u0131r\u201d diye d\u00fc\u015f\u00fcn\u00fclebilir. Kesinlikle vard\u0131r: Bir hobiye sahip olamamak! Ya\u015fam\u0131 boyunca bir kez olsun hayallerini tuvale ta\u015f\u0131mam\u0131\u015f, bir sanat ortam\u0131nda kille- \u00e7amurla bo\u011fu\u015fmam\u0131\u015f, k\u00fc\u00e7\u00fcc\u00fck bir rolle de olsa sahnede alk\u0131\u015f almam\u0131\u015f ya da koroda \u015fark\u0131 s\u00f6ylerken armoninin t\u0131n\u0131s\u0131yla bulutlar\u0131n \u00fcst\u00fcne \u00e7\u0131kmam\u0131\u015f olmak ne b\u00fcy\u00fck bir talihsizlik, ne b\u00fcy\u00fck bir yoksulluk! Salih Aydo\u011fan \u201c\u015eark\u0131 s\u00f6yl\u00fcyor musun? Yeni g\u00fcne bir \u015fark\u0131 m\u0131r\u0131ldanarak ba\u015fl\u0131yor musunuz? \u0130\u00e7inizden, g\u00f6nl\u00fcn\u00fczden ta\u015fan \u015fark\u0131lar, t\u00fcrk\u00fcler hep sizinle mi? \u0130ster h\u00fcz\u00fcn, ister mutluluk \u015fark\u0131lar\u0131 olsun, yaln\u0131z de\u011filsiniz. Y\u0131llar\u0131n gerisinde\u2026 Hemen her ak\u015fam\u00fcst\u00fc \u015fark\u0131lar, t\u00fcrk\u00fcler ta\u015fard\u0131 pencerelerden. G\u00fcne\u015fin ba\u015f\u0131n\u0131 al\u0131p gitti\u011fi bu saatlerde evlerin mutfaklar\u0131 hareketlenip canlan\u0131r, salatalara \u015fark\u0131lar sinerdi. H\u00fcz\u00fcn ya da \u00f6zlem ezgileriyle y\u0131kan\u0131rd\u0131 meyveler. Babalar i\u015flerinden, \u00e7ocuklar kap\u0131 \u00f6nlerindeki oyunlar\u0131ndan bu taptaze ve \u015fark\u0131 kokulu, sevgi kokulu, evlere d\u00f6nerlerdi. \u00c7ocuklu\u011fumun ve ilk gen\u00e7 k\u0131zl\u0131k d\u00f6neminin Mersin\u2019inde bu erken ak\u015famlar \u00e7ok \u00f6zeldi. \u015eiirdi, \u015fark\u0131yd\u0131\u2026 Y\u0131llar ge\u00e7ti aradan, insanlar nicedir \u015fark\u0131lar\u0131n\u0131 unuttu.\u201d Suna Tanaltay (Psikiyatrist) \ufffcTan\u0131t\u0131m Metni<\/p>\n","protected":false},"excerpt":{"rendered":"<p>\u201cRuh sa\u011fl\u0131\u011f\u0131 i\u00e7in en iyi egzersiz, \u015fark\u0131 s\u00f6ylemedir.\u201d \u0130bni Sina (980-1037) \u201cBir kentin kimli\u011fini olu\u015fturan en \u00f6nemli \u00f6gelerden birinin sanat oldu\u011funu d\u00fc\u015f\u00fcn\u00fcyor, \u00e7oksesli koroyu da kent<span class=\"excerpt-hellip\"> [\u2026]<\/span><\/p>\n","protected":false},"featured_media":0,"template":"","meta":{"_monsterinsights_skip_tracking":false,"_monsterinsights_sitenote_active":false,"_monsterinsights_sitenote_note":"","_monsterinsights_sitenote_category":0},"product_brand":[],"product_cat":[12274,12649],"product_tag":[],"class_list":{"0":"post-709000","1":"product","2":"type-product","3":"status-publish","5":"product_cat-cocuk-ve-genclik-kitaplari","6":"product_cat-hobi-muzik","7":"pa_cilt-ciltsiz","8":"pa_tur-kitap","9":"pa_yayinevi-arkadas-yayinlari-ders-kitaplari","10":"pa_yazar-salih-aydogan","12":"first","13":"instock","14":"sale","15":"shipping-taxable","16":"purchasable","17":"product-type-simple"},"_links":{"self":[{"href":"https:\/\/roveyayinevi.com.tr\/index.php\/wp-json\/wp\/v2\/product\/709000","targetHints":{"allow":["GET"]}}],"collection":[{"href":"https:\/\/roveyayinevi.com.tr\/index.php\/wp-json\/wp\/v2\/product"}],"about":[{"href":"https:\/\/roveyayinevi.com.tr\/index.php\/wp-json\/wp\/v2\/types\/product"}],"wp:attachment":[{"href":"https:\/\/roveyayinevi.com.tr\/index.php\/wp-json\/wp\/v2\/media?parent=709000"}],"wp:term":[{"taxonomy":"product_brand","embeddable":true,"href":"https:\/\/roveyayinevi.com.tr\/index.php\/wp-json\/wp\/v2\/product_brand?post=709000"},{"taxonomy":"product_cat","embeddable":true,"href":"https:\/\/roveyayinevi.com.tr\/index.php\/wp-json\/wp\/v2\/product_cat?post=709000"},{"taxonomy":"product_tag","embeddable":true,"href":"https:\/\/roveyayinevi.com.tr\/index.php\/wp-json\/wp\/v2\/product_tag?post=709000"}],"curies":[{"name":"wp","href":"https:\/\/api.w.org\/{rel}","templated":true}]}}