{"id":708999,"date":"2025-08-27T16:20:23","date_gmt":"2025-08-27T13:20:23","guid":{"rendered":"https:\/\/roveyayinevi.com.tr\/index.php\/urun\/cocuk-yetistirmede-bilinmesi-gerekenler-hayat-basari-ve-egitim-evde-baslar\/"},"modified":"2026-04-16T02:17:38","modified_gmt":"2026-04-15T23:17:38","slug":"cocuk-yetistirmede-bilinmesi-gerekenler-hayat-basari-ve-egitim-evde-baslar","status":"publish","type":"product","link":"https:\/\/roveyayinevi.com.tr\/index.php\/urun\/cocuk-yetistirmede-bilinmesi-gerekenler-hayat-basari-ve-egitim-evde-baslar\/","title":{"rendered":"\u00c7ocuk Yeti\u015ftirmede Bilinmesi Gerekenler- Hayat Ba\u015far\u0131 ve E\u011fitim Evde Ba\u015flar"},"content":{"rendered":"<p>\u00c7ocu\u011fum oyuncaklar\u0131n\u0131 toplam\u0131yor.\u00c7ocu\u011fum doktorlardan korkuyor.\u00c7ocu\u011fum yemek yemiyor.\u00c7ocu\u011fum karde\u015fini k\u0131skan\u0131yor.\u00c7ocu\u011fum geceleri yaln\u0131z yatam\u0131yor.Siz de buna benzer c\u00fcmleleris\u0131k s\u0131k kullan\u0131yor ya da duyuyorsunuz, de\u011fil mi? Birer anne baba olarak, g\u00fcnl\u00fck hayatta kar\u015f\u0131la\u015ft\u0131\u011f\u0131n\u0131z ba\u015fl\u0131ca sorunlar bu kitapta bir araya geldi. Ve bu sorunlar\u0131n temel \u00e7\u00f6z\u00fcmleri, rahatl\u0131kla uygulayabilece\u011finiz y\u00f6ntemlerle desteklenerek sizler i\u00e7in derlendi.Bu kitab\u0131 okurken yaln\u0131z olmad\u0131\u011f\u0131n\u0131z\u0131 fark edecek, \u00e7ocu\u011funuzuyeti\u015ftirirken daha sa\u011flam ad\u0131mlar atmaya ba\u015flayacaks\u0131n\u0131z. <\/p>\n","protected":false},"excerpt":{"rendered":"<p>\u00c7ocu\u011fum oyuncaklar\u0131n\u0131 toplam\u0131yor.\u00c7ocu\u011fum doktorlardan korkuyor.\u00c7ocu\u011fum yemek yemiyor.\u00c7ocu\u011fum karde\u015fini k\u0131skan\u0131yor.\u00c7ocu\u011fum geceleri yaln\u0131z yatam\u0131yor.Siz de buna benzer c\u00fcmleleris\u0131k s\u0131k kullan\u0131yor ya da duyuyorsunuz, de\u011fil mi? Birer anne baba<span class=\"excerpt-hellip\"> [\u2026]<\/span><\/p>\n","protected":false},"featured_media":0,"template":"","meta":{"_monsterinsights_skip_tracking":false,"_monsterinsights_sitenote_active":false,"_monsterinsights_sitenote_note":"","_monsterinsights_sitenote_category":0},"product_brand":[],"product_cat":[12679,12357],"product_tag":[],"class_list":{"0":"post-708999","1":"product","2":"type-product","3":"status-publish","5":"product_cat-cocuk-psikolojisi","6":"product_cat-psikoloji","7":"pa_cilt-ciltsiz","8":"pa_tur-kitap","9":"pa_yayinevi-yakamoz-yayinevi","10":"pa_yazar-aysen-oy","12":"first","13":"instock","14":"sale","15":"shipping-taxable","16":"purchasable","17":"product-type-simple"},"_links":{"self":[{"href":"https:\/\/roveyayinevi.com.tr\/index.php\/wp-json\/wp\/v2\/product\/708999","targetHints":{"allow":["GET"]}}],"collection":[{"href":"https:\/\/roveyayinevi.com.tr\/index.php\/wp-json\/wp\/v2\/product"}],"about":[{"href":"https:\/\/roveyayinevi.com.tr\/index.php\/wp-json\/wp\/v2\/types\/product"}],"wp:attachment":[{"href":"https:\/\/roveyayinevi.com.tr\/index.php\/wp-json\/wp\/v2\/media?parent=708999"}],"wp:term":[{"taxonomy":"product_brand","embeddable":true,"href":"https:\/\/roveyayinevi.com.tr\/index.php\/wp-json\/wp\/v2\/product_brand?post=708999"},{"taxonomy":"product_cat","embeddable":true,"href":"https:\/\/roveyayinevi.com.tr\/index.php\/wp-json\/wp\/v2\/product_cat?post=708999"},{"taxonomy":"product_tag","embeddable":true,"href":"https:\/\/roveyayinevi.com.tr\/index.php\/wp-json\/wp\/v2\/product_tag?post=708999"}],"curies":[{"name":"wp","href":"https:\/\/api.w.org\/{rel}","templated":true}]}}