{"id":708998,"date":"2025-08-27T16:20:23","date_gmt":"2025-08-27T13:20:23","guid":{"rendered":"https:\/\/roveyayinevi.com.tr\/index.php\/urun\/kirgiz-masallari-ve-efsaneleri\/"},"modified":"2026-04-16T02:17:38","modified_gmt":"2026-04-15T23:17:38","slug":"kirgiz-masallari-ve-efsaneleri","status":"publish","type":"product","link":"https:\/\/roveyayinevi.com.tr\/index.php\/urun\/kirgiz-masallari-ve-efsaneleri\/","title":{"rendered":"K\u0131rg\u0131z Masallar\u0131 ve Efsaneleri"},"content":{"rendered":"<p>Masallar ve efsaneler, olaylarin mazinin derinliklerinden s\u00fcz\u00fclerek g\u00fcn\u00fcm\u00fcze ulasmis seklidir. Ger\u00e7ekler, titizlikle islenmistir masallarda. Her masal, d\u00fcs\u00fcnce \u00e2lemini harekete ge\u00e7irir, insanin ufkunu genisletir. Masallar, efsaneler ait oldugu milletin tarihini, ruh h\u00e2lini, d\u00fcs\u00fcnce yapisini, mizacini ortaya koymasi bakimindan da b\u00fcy\u00fck bir \u00f6neme sahiptir. Her masal ve efsane ge\u00e7misi anlama gayretimizde bize isik tutar. Kirgiz Masallari, T\u00fcrk d\u00fcnyasinin k\u00fclt\u00fcr halkalarindan birini olusturmasi bakimindan insani hayrette birakacak motiflerle doludur. Her masal Tanri Daglarindan, boz \u00fcylerden Anadolu sehirlerine Istanbul\u2019un saraylarina, ge\u00e7misten gelecege uzanan T\u00fcrk k\u00fclt\u00fcr\u00fcn\u00fcn kopmaz bagliligini g\u00f6steren canli birer k\u00fclt\u00fcr \u00f6gesidir. T\u00fcrk halklari arasinda s\u00f6zl\u00fc edebiyatin hayli gelismis oldugunu, g\u00fcn\u00fcm\u00fcze kadar devam ettigini g\u00f6rmekteyiz. Ilk defa bu kitapta yayinlanan bir\u00e7ok masal ve efsane de T\u00fcrk d\u00fcnyasinin k\u00fclt\u00fcr hazinesine yeni degerler kazandiracak, yeni k\u00fclt\u00fcr \u00f6gelerinin taninmasina yardimci olacaktir. Sahadan toplanan masallar ve efsaneler bu eserde, muhtelif basliklar altinda konulara g\u00f6re d\u00fczenlenmistir. \u00c7alismada 87 masal, 22 Apendi yani Nasreddin Hoca hik\u00e2yesi ve 41 efsane yer almaktadir. Bu h\u00e2liyle Kirgizistan\u2019daki en genis masal ve efsane derlemesidir denilebilir. Her kesimden insanin ilgiyle ve heyecanla okuyacagi bir masal ve efsane derlemesi olan bu \u00e7alisma, edebiyat ve folklor arastirmasi yapanlar i\u00e7in de faydali olacaktir. <\/p>\n","protected":false},"excerpt":{"rendered":"<p>Masallar ve efsaneler, olaylarin mazinin derinliklerinden s\u00fcz\u00fclerek g\u00fcn\u00fcm\u00fcze ulasmis seklidir. Ger\u00e7ekler, titizlikle islenmistir masallarda. Her masal, d\u00fcs\u00fcnce \u00e2lemini harekete ge\u00e7irir, insanin ufkunu genisletir. Masallar, efsaneler ait<span class=\"excerpt-hellip\"> [\u2026]<\/span><\/p>\n","protected":false},"featured_media":0,"template":"","meta":{"_monsterinsights_skip_tracking":false,"_monsterinsights_sitenote_active":false,"_monsterinsights_sitenote_note":"","_monsterinsights_sitenote_category":0},"product_brand":[],"product_cat":[12291,12711],"product_tag":[],"class_list":{"0":"post-708998","1":"product","2":"type-product","3":"status-publish","5":"product_cat-edebiyat","6":"product_cat-roman-oyku","7":"pa_cilt-ciltsiz","8":"pa_tur-kitap","9":"pa_yayinevi-bilge-kultur-sanat","10":"pa_yazar-dimitri-brudniy-kasimbek-esmambetov","12":"first","13":"instock","14":"sale","15":"shipping-taxable","16":"purchasable","17":"product-type-simple"},"_links":{"self":[{"href":"https:\/\/roveyayinevi.com.tr\/index.php\/wp-json\/wp\/v2\/product\/708998","targetHints":{"allow":["GET"]}}],"collection":[{"href":"https:\/\/roveyayinevi.com.tr\/index.php\/wp-json\/wp\/v2\/product"}],"about":[{"href":"https:\/\/roveyayinevi.com.tr\/index.php\/wp-json\/wp\/v2\/types\/product"}],"wp:attachment":[{"href":"https:\/\/roveyayinevi.com.tr\/index.php\/wp-json\/wp\/v2\/media?parent=708998"}],"wp:term":[{"taxonomy":"product_brand","embeddable":true,"href":"https:\/\/roveyayinevi.com.tr\/index.php\/wp-json\/wp\/v2\/product_brand?post=708998"},{"taxonomy":"product_cat","embeddable":true,"href":"https:\/\/roveyayinevi.com.tr\/index.php\/wp-json\/wp\/v2\/product_cat?post=708998"},{"taxonomy":"product_tag","embeddable":true,"href":"https:\/\/roveyayinevi.com.tr\/index.php\/wp-json\/wp\/v2\/product_tag?post=708998"}],"curies":[{"name":"wp","href":"https:\/\/api.w.org\/{rel}","templated":true}]}}