{"id":708997,"date":"2025-08-27T16:20:22","date_gmt":"2025-08-27T13:20:22","guid":{"rendered":"https:\/\/roveyayinevi.com.tr\/index.php\/urun\/topun-iki-rengi\/"},"modified":"2026-04-16T02:17:38","modified_gmt":"2026-04-15T23:17:38","slug":"topun-iki-rengi","status":"publish","type":"product","link":"https:\/\/roveyayinevi.com.tr\/index.php\/urun\/topun-iki-rengi\/","title":{"rendered":"Topun \u0130ki Rengi"},"content":{"rendered":"<p>Top ister Akdeniz k\u0131y\u0131lar\u0131nda olsun, ister Pasifik k\u0131y\u0131lar\u0131nda; d\u00fcnyan\u0131n her yerinde o, b\u00fct\u00fcn \u00e7ocuklar i\u00e7in ayn\u0131 \u015feyi ifade eder: \u00f6zg\u00fcrce oynamay\u0131.D\u00fcnya bir futbol topuna benzer. Bir yan\u0131 siyah, \u00f6tekisi beyazd\u0131r; bir y\u00fcz\u00fc alt\u0131n rengidir, di\u011feri yoksulluk grisi.Bir futbol topu, onlarca \u00e7ocu\u011fu ya\u015fama ba\u011flayan bir oyunca\u011fa d\u00f6n\u00fc\u015f\u00fcr bazen; umars\u0131zca, \u00f6zg\u00fcrce, ne\u015feyle, alabildi\u011fine pe\u015finde ko\u015ftururlar. Kimi zamansa hayat\u0131n g\u00fczelliklerini g\u00f6lgelemeye y\u00fcz tutan bir h\u0131rs arac\u0131na ya da bir tehdide d\u00f6n\u00fc\u015f\u00fcr; \u00e7ocuklar \u00e7aresizce m\u00fccadele etmeye \u00e7al\u0131\u015f\u0131rlar\u2026Ortado\u011fu\u2019nun Akdeniz\u2019e k\u0131y\u0131s\u0131 olan bir kentinde, sava\u015f\u0131n kalbinde \u00e7ocukluklar\u0131n\u0131 ya\u015famaya \u00e7al\u0131\u015fan Muhammed, \u0130smail, Ahad, Zekeriya ve di\u011ferlerinin tek oyunca\u011f\u0131 futbol topudur. D\u00f6rt bir yan\u0131 yasaklarla ve s\u0131n\u0131rlarla \u00e7evrili k\u00fc\u00e7\u00fcc\u00fck hayatlar\u0131ndan bir nebze olsun uzakla\u015fmalar\u0131n\u0131 sa\u011flayan tek \u015fey futboldur. Bu durum, Kuzey Amerika\u2019n\u0131n Pasifik k\u0131y\u0131lar\u0131ndaki varl\u0131kl\u0131 evlerinde ya\u015fayan Brian, David, Robert gibi \u00e7ocuklar i\u00e7in de ayn\u0131d\u0131r. Top d\u00fcnyan\u0131n her yerinde yuvarlakt\u0131r ve her d\u00f6nd\u00fc\u011f\u00fcnde \u00e7ocuklarda ayn\u0131 heyecan\u0131 ya\u015fat\u0131r.2016 Ya\u015far Kemal \u00d6yk\u00fc \u00d6d\u00fclleri\u2019nde mansiyon \u00f6d\u00fcl\u00fcne de\u011fer g\u00f6r\u00fclen G\u00fcldem \u015eahan\u2019\u0131n \u201c\u00c7ocuk ve Sava\u015f\u201d ba\u015fl\u0131kl\u0131 \u00fc\u00e7lemesinin Mart\u0131 ve Sava\u015f\u2019tan sonraki ikinci halkas\u0131 Topun \u0130ki Rengi, sava\u015f ma\u011fduru \u00e7ocuklara ve Aylan Bebe\u011fin an\u0131s\u0131na ithaf edilmi\u015f bir bar\u0131\u015f t\u00fcrk\u00fcs\u00fc.\u0130\u00e7ten kalemiyle okurun kalbine seslenmeyi bilen G\u00fcldem \u015eahan, Ortado\u011fu\u2019nun zorlu topraklar\u0131yla Kuzey Amerika\u2019n\u0131n \u0131\u015f\u0131lt\u0131l\u0131 kentleri aras\u0131ndaki u\u00e7urumu g\u00f6zler \u00f6n\u00fcne serdi\u011fi bu roman\u0131nda topun birle\u015ftirici g\u00fcc\u00fcne dikkat \u00e7ekiyor. Topun, birisi siyah-beyaz ve eski, di\u011feri reng\u00e2renk iki ayr\u0131 y\u00fcz\u00fcne vurgu yapan yazar, bir yanda refah, huzur ve mutlulu\u011fu; di\u011fer yanda yoksullu\u011fu, ac\u0131y\u0131 ve sava\u015f\u0131 resmediyor.Karde\u015f\u00e7e, dost\u00e7a ve bar\u0131\u015f i\u00e7erisinde bir ya\u015fam\u0131n hayaliyle ya\u015fayan \u00e7ocuklar\u0131n sesi, nefesi olmay\u0131 hedefleyen Topun \u0130ki Rengi, sa\u011f\u0131rla\u015fan, k\u00f6rle\u015fen, duyars\u0131zla\u015fan bir d\u00fcnyan\u0131n isyan hayk\u0131r\u0131\u015f\u0131na d\u00f6n\u00fc\u015f\u00fcyor. <\/p>\n","protected":false},"excerpt":{"rendered":"<p>Top ister Akdeniz k\u0131y\u0131lar\u0131nda olsun, ister Pasifik k\u0131y\u0131lar\u0131nda; d\u00fcnyan\u0131n her yerinde o, b\u00fct\u00fcn \u00e7ocuklar i\u00e7in ayn\u0131 \u015feyi ifade eder: \u00f6zg\u00fcrce oynamay\u0131.D\u00fcnya bir futbol topuna benzer. Bir<span class=\"excerpt-hellip\"> [\u2026]<\/span><\/p>\n","protected":false},"featured_media":0,"template":"","meta":{"_monsterinsights_skip_tracking":false,"_monsterinsights_sitenote_active":false,"_monsterinsights_sitenote_note":"","_monsterinsights_sitenote_category":0},"product_brand":[],"product_cat":[12275,12274],"product_tag":[],"class_list":{"0":"post-708997","1":"product","2":"type-product","3":"status-publish","5":"product_cat-6-12-yas-kitaplari","6":"product_cat-cocuk-ve-genclik-kitaplari","7":"pa_cilt-ciltsiz","8":"pa_tur-kitap","9":"pa_yayinevi-tudem-yayinlari","10":"pa_yazar-guldem-sahan","12":"first","13":"instock","14":"sale","15":"shipping-taxable","16":"purchasable","17":"product-type-simple"},"_links":{"self":[{"href":"https:\/\/roveyayinevi.com.tr\/index.php\/wp-json\/wp\/v2\/product\/708997","targetHints":{"allow":["GET"]}}],"collection":[{"href":"https:\/\/roveyayinevi.com.tr\/index.php\/wp-json\/wp\/v2\/product"}],"about":[{"href":"https:\/\/roveyayinevi.com.tr\/index.php\/wp-json\/wp\/v2\/types\/product"}],"wp:attachment":[{"href":"https:\/\/roveyayinevi.com.tr\/index.php\/wp-json\/wp\/v2\/media?parent=708997"}],"wp:term":[{"taxonomy":"product_brand","embeddable":true,"href":"https:\/\/roveyayinevi.com.tr\/index.php\/wp-json\/wp\/v2\/product_brand?post=708997"},{"taxonomy":"product_cat","embeddable":true,"href":"https:\/\/roveyayinevi.com.tr\/index.php\/wp-json\/wp\/v2\/product_cat?post=708997"},{"taxonomy":"product_tag","embeddable":true,"href":"https:\/\/roveyayinevi.com.tr\/index.php\/wp-json\/wp\/v2\/product_tag?post=708997"}],"curies":[{"name":"wp","href":"https:\/\/api.w.org\/{rel}","templated":true}]}}