{"id":708994,"date":"2025-08-27T16:20:21","date_gmt":"2025-08-27T13:20:21","guid":{"rendered":"https:\/\/roveyayinevi.com.tr\/index.php\/urun\/pasta-kamyonu\/"},"modified":"2026-04-16T02:17:38","modified_gmt":"2026-04-15T23:17:38","slug":"pasta-kamyonu","status":"publish","type":"product","link":"https:\/\/roveyayinevi.com.tr\/index.php\/urun\/pasta-kamyonu\/","title":{"rendered":"Pasta Kamyonu"},"content":{"rendered":"<p>Pasta Kamyonu, birbirinden ba\u011f\u0131ms\u0131z g\u00f6r\u00fcnen ancak yan\u0131ndakine s\u0131ms\u0131k\u0131 sar\u0131lm\u0131\u015f \u00f6yk\u00fclerden olu\u015fuyor. Her \u00f6yk\u00fcy\u00fc ba\u015fka bir dostumuzdan dinliyoruz. Poyraz, Bambi, S\u00fcrprizler Defteri, \u0130lker, Aylin\u2026 Bu haliyle de kitab\u0131m\u0131z i\u00e7i reng\u00e2renk pastalarla dolu, kocaman bir pasta kamyonunu and\u0131r\u0131yor. T\u0131pk\u0131 bir g\u00f6kku\u015fa\u011f\u0131 gibi, her \u00f6yk\u00fc ayr\u0131 bir renk kat\u0131yor, farkl\u0131l\u0131klar\u0131n getirdi\u011fi ho\u015fluk tabaklar\u0131m\u0131zda ne\u015feli birer dilim oluyor.Kitab\u0131 elinize ald\u0131\u011f\u0131n\u0131za g\u00f6re \u015fimdi yolculuk vakti! Kamyonumuz hareket ediyor. \u0130\u015fte aralad\u0131\u011f\u0131m\u0131z kap\u0131s\u0131ndan g\u00f6r\u00fcnenlerin bir k\u0131sm\u0131: d\u00fcnyay\u0131 kirletenlerin kar\u015f\u0131s\u0131nda duracak kankalar, prenses olmak istemeyen k\u0131zlar, a\u00e7\u0131k hava marketi sokaklar, parklarda kitap okumaya doyamayanlar, s\u00fctkarde\u015flerini hep hat\u0131rlayacak kediler, m\u00fcziksever ku\u015flar ve elbette ki nefis pasta kokular\u0131\u2026 <\/p>\n","protected":false},"excerpt":{"rendered":"<p>Pasta Kamyonu, birbirinden ba\u011f\u0131ms\u0131z g\u00f6r\u00fcnen ancak yan\u0131ndakine s\u0131ms\u0131k\u0131 sar\u0131lm\u0131\u015f \u00f6yk\u00fclerden olu\u015fuyor. Her \u00f6yk\u00fcy\u00fc ba\u015fka bir dostumuzdan dinliyoruz. Poyraz, Bambi, S\u00fcrprizler Defteri, \u0130lker, Aylin\u2026 Bu haliyle de<span class=\"excerpt-hellip\"> [\u2026]<\/span><\/p>\n","protected":false},"featured_media":0,"template":"","meta":{"_monsterinsights_skip_tracking":false,"_monsterinsights_sitenote_active":false,"_monsterinsights_sitenote_note":"","_monsterinsights_sitenote_category":0},"product_brand":[],"product_cat":[12275,12274],"product_tag":[],"class_list":{"0":"post-708994","1":"product","2":"type-product","3":"status-publish","5":"product_cat-6-12-yas-kitaplari","6":"product_cat-cocuk-ve-genclik-kitaplari","7":"pa_cilt-ciltsiz","8":"pa_tur-kitap","9":"pa_yayinevi-elma-cocuk","10":"pa_yazar-pelin-ossmann","12":"first","13":"instock","14":"sale","15":"shipping-taxable","16":"purchasable","17":"product-type-simple"},"_links":{"self":[{"href":"https:\/\/roveyayinevi.com.tr\/index.php\/wp-json\/wp\/v2\/product\/708994","targetHints":{"allow":["GET"]}}],"collection":[{"href":"https:\/\/roveyayinevi.com.tr\/index.php\/wp-json\/wp\/v2\/product"}],"about":[{"href":"https:\/\/roveyayinevi.com.tr\/index.php\/wp-json\/wp\/v2\/types\/product"}],"wp:attachment":[{"href":"https:\/\/roveyayinevi.com.tr\/index.php\/wp-json\/wp\/v2\/media?parent=708994"}],"wp:term":[{"taxonomy":"product_brand","embeddable":true,"href":"https:\/\/roveyayinevi.com.tr\/index.php\/wp-json\/wp\/v2\/product_brand?post=708994"},{"taxonomy":"product_cat","embeddable":true,"href":"https:\/\/roveyayinevi.com.tr\/index.php\/wp-json\/wp\/v2\/product_cat?post=708994"},{"taxonomy":"product_tag","embeddable":true,"href":"https:\/\/roveyayinevi.com.tr\/index.php\/wp-json\/wp\/v2\/product_tag?post=708994"}],"curies":[{"name":"wp","href":"https:\/\/api.w.org\/{rel}","templated":true}]}}