{"id":708992,"date":"2025-08-27T16:20:20","date_gmt":"2025-08-27T13:20:20","guid":{"rendered":"https:\/\/roveyayinevi.com.tr\/index.php\/urun\/rusya-ve-turkiye-avrasya-pakti-mumkun-mu\/"},"modified":"2026-04-16T02:17:38","modified_gmt":"2026-04-15T23:17:38","slug":"rusya-ve-turkiye-avrasya-pakti-mumkun-mu","status":"publish","type":"product","link":"https:\/\/roveyayinevi.com.tr\/index.php\/urun\/rusya-ve-turkiye-avrasya-pakti-mumkun-mu\/","title":{"rendered":"Rusya ve T\u00fcrkiye Avrasya Pakt\u0131 M\u00fcmk\u00fcn m\u00fc?"},"content":{"rendered":"<p>Bu kitab\u0131m\u0131zda Rusya ve T\u00fcrkiye\u2019nin Avrasya medeniyeti kurabilme imk\u00e2nlar\u0131n\u0131 m\u00fcmk\u00fcn oldu\u011funca anlatmaya \u00e7al\u0131\u015ft\u0131k. Elbette iki \u00fclke Avrasya co\u011frafyas\u0131nda y\u00fczlerce y\u0131ld\u0131r rekabet i\u00e7erisinde bulunmu\u015flard\u0131r. Fakat 21. y\u00fczy\u0131l iki \u00fclkeyi beraber hareket etmeye ve ortak strateji \u00fcretmeye zorlamaktad\u0131r. Kar\u015f\u0131l\u0131kl\u0131 g\u00fcven bunal\u0131m\u0131 ya\u015fayan iki \u00fclkenin Avrasya\u2019da ortak medeniyet kurabilmesi \u00f6n\u00fcndeki engeller ve ihtimaller de bu kitapta ele al\u0131nm\u0131\u015ft\u0131r. \u0130lginize sunulur.Zbigniew Brzezinski\u2019nin de dedi\u011fi gibi Avrasya, k\u00fcresel \u00fcst\u00fcnl\u00fck m\u00fccadelesinin oynand\u0131\u011f\u0131 bir satran\u00e7 tahtas\u0131d\u0131r ve m\u00fccadele jeopolitik \u00e7\u0131karlar\u0131n stratejik idaresini de i\u00e7ermektedir. 1940\u2019l\u0131 y\u0131llarda Adolf Hitler ve Joseph Stalin\u2019in de \u00fczerinde anla\u015fmaya vard\u0131klar\u0131 gibi Avrasya d\u00fcnyan\u0131n merkezidir ve onu kontrol eden d\u00fcnyay\u0131 da kontrol eder. Avrasya, 21. y\u00fczy\u0131l\u0131n m\u00fccadele b\u00f6lgesi olmaya adayd\u0131r. Rusya bu m\u00fccadelede ba\u015far\u0131s\u0131z BDT denemesinden sonra Avrasya Ekonomi Birli\u011fini kurmu\u015ftur. \u00c7in ise Yeni \u0130pek Yolu Ekonomi Ku\u015fa\u011f\u0131 Projesi ile bu yar\u0131\u015fa d\u00e2hil olmu\u015ftur. T\u00fcrkiye\u2019nin de i\u00e7inde bulundu\u011fu T\u00fcrk Konseyi ve ABD\u2019nin B\u00fcy\u00fck Orta Asya Projesi Avrasya\u2019n\u0131n di\u011fer alternatifleridir. G\u00fcn\u00fcm\u00fczde Rusya\u2019n\u0131n d\u0131\u015f politikas\u0131n\u0131 y\u00f6nlendiren Avrasyac\u0131l\u0131k ayn\u0131 zamanda yeni d\u00fcnyada Ruslar\u0131n kimlik aray\u0131\u015f\u0131 \u00e7abas\u0131d\u0131r. Rus Avrasyac\u0131lar\u0131n\u0131n as\u0131l plan\u0131 Avrupa ve Asya\u2019n\u0131n jeopolitik \u00e7\u0131karlar gere\u011fi birle\u015fmesi sayesinde ABD \u00f6nc\u00fcl\u00fc\u011f\u00fcndeki NATO\u2019nun etkisizle\u015ftirilmesidir. Rusya bu politikas\u0131n\u0131 uygurlaken T\u00fcrkiye\u2019nin de kendisi ile birlikte hareket etmesini istemektedir. Avrasyac\u0131l\u0131k, T\u00fcrkiye\u2019de yeniden g\u00fcndem oldu\u011fu gibi ABD\/Avrupa\u2019da da bir tehdit olarak alg\u0131lanmaya ba\u015flanm\u0131\u015ft\u0131r.T\u00fcrkiye\u2019de son d\u00f6nemde T\u00fcrkiye, Rusya ve \u0130ran\u2019\u0131n bir araya gelerek B\u00fcy\u00fck Avrasya\u2019y\u0131 kurmalar\u0131 gerekti\u011fini savunanlar olmu\u015ftur. Fakat Rusya\u2019daki Avrasyac\u0131lar, Avrasya Birli\u011fi stratejileri i\u00e7erisinde \u0130ran ve Orta Asya \u00fclkelerini de\u011ferlendirirken T\u00fcrkiye\u2019yi d\u0131\u015far\u0131da b\u0131rakm\u0131\u015flard\u0131r. T\u00fcrkiye, Rus Avrasyac\u0131lar\u0131n bu politikalar\u0131n\u0131 g\u00f6rmezden gelerek Rusya ile ili\u015fkilerini sa\u011flamla\u015ft\u0131r\u0131p kendi T\u00fcrk Avrasyac\u0131l\u0131\u011f\u0131n\u0131 y\u00fcr\u00fcrl\u00fc\u011fe sokmu\u015ftur. T\u00fcrkiye\u2019nin Avrasya politikas\u0131 baz\u0131 d\u00f6nemlerde Rusya taraf\u0131ndan kendisine kar\u015f\u0131 bir rekabet olarak alg\u0131lanm\u0131\u015ft\u0131r. 2002 sonras\u0131nda AK Parti h\u00fck\u00fcmetleri d\u00f6neminde T\u00fcrk Avrasyac\u0131l\u0131\u011f\u0131 veya Avrupal\u0131larca tan\u0131mlanan bi\u00e7imiyle Yeni Osmanl\u0131c\u0131l\u0131k olduk\u00e7a aktif bi\u00e7imde uygulanm\u0131\u015ft\u0131r. T\u00fcrkiye yeni d\u00f6nemde y\u00fcz\u00fcn\u00fc sadece AB\u2019ye de\u011fil Avrasya co\u011frafyas\u0131na da d\u00f6nm\u00fc\u015ft\u00fcr. 2002 sonras\u0131nda T\u00fcrkiye ve Rusya aras\u0131nda T\u00fcrk i\u015fbirli\u011fi\/rekabet alanlar\u0131 geni\u015flemi\u015ftir.Bu kitab\u0131m\u0131zda Rusya ve T\u00fcrkiye\u2019nin Avrasya medeniyeti kurabilme imk\u00e2nlar\u0131n\u0131 m\u00fcmk\u00fcn oldu\u011funca anlatmaya \u00e7al\u0131\u015ft\u0131k. Elbette iki \u00fclke Avrasya co\u011frafyas\u0131nda y\u00fczlerce y\u0131ld\u0131r rekabet i\u00e7erisinde bulunmu\u015flard\u0131r. Fakat 21. y\u00fczy\u0131l iki \u00fclkeyi beraber hareket etmeye ve ortak strateji \u00fcretmeye zorlamaktad\u0131r. Kar\u015f\u0131l\u0131kl\u0131 g\u00fcven bunal\u0131m\u0131 ya\u015fayan iki \u00fclkenin Avrasya\u2019da ortak medeniyet kurabilmesi \u00f6n\u00fcndeki engeller ve ihtimaller de bu kitapta ele al\u0131nm\u0131\u015ft\u0131r. \u0130lginize sunulur.<\/p>\n","protected":false},"excerpt":{"rendered":"<p>Bu kitab\u0131m\u0131zda Rusya ve T\u00fcrkiye\u2019nin Avrasya medeniyeti kurabilme imk\u00e2nlar\u0131n\u0131 m\u00fcmk\u00fcn oldu\u011funca anlatmaya \u00e7al\u0131\u015ft\u0131k. Elbette iki \u00fclke Avrasya co\u011frafyas\u0131nda y\u00fczlerce y\u0131ld\u0131r rekabet i\u00e7erisinde bulunmu\u015flard\u0131r. Fakat 21. y\u00fczy\u0131l<span class=\"excerpt-hellip\"> [\u2026]<\/span><\/p>\n","protected":false},"featured_media":0,"template":"","meta":{"_monsterinsights_skip_tracking":false,"_monsterinsights_sitenote_active":false,"_monsterinsights_sitenote_note":"","_monsterinsights_sitenote_category":0},"product_brand":[],"product_cat":[13590,12337],"product_tag":[],"class_list":{"0":"post-708992","1":"product","2":"type-product","3":"status-publish","5":"product_cat-arastirma-inceleme-politika-siyaset","6":"product_cat-politika-siyaset","7":"pa_cilt-ciltsiz","8":"pa_tur-kitap","9":"pa_yayinevi-srt-yayinlari","10":"pa_yazar-salih-yilmaz","12":"first","13":"instock","14":"sale","15":"shipping-taxable","16":"purchasable","17":"product-type-simple"},"_links":{"self":[{"href":"https:\/\/roveyayinevi.com.tr\/index.php\/wp-json\/wp\/v2\/product\/708992","targetHints":{"allow":["GET"]}}],"collection":[{"href":"https:\/\/roveyayinevi.com.tr\/index.php\/wp-json\/wp\/v2\/product"}],"about":[{"href":"https:\/\/roveyayinevi.com.tr\/index.php\/wp-json\/wp\/v2\/types\/product"}],"wp:attachment":[{"href":"https:\/\/roveyayinevi.com.tr\/index.php\/wp-json\/wp\/v2\/media?parent=708992"}],"wp:term":[{"taxonomy":"product_brand","embeddable":true,"href":"https:\/\/roveyayinevi.com.tr\/index.php\/wp-json\/wp\/v2\/product_brand?post=708992"},{"taxonomy":"product_cat","embeddable":true,"href":"https:\/\/roveyayinevi.com.tr\/index.php\/wp-json\/wp\/v2\/product_cat?post=708992"},{"taxonomy":"product_tag","embeddable":true,"href":"https:\/\/roveyayinevi.com.tr\/index.php\/wp-json\/wp\/v2\/product_tag?post=708992"}],"curies":[{"name":"wp","href":"https:\/\/api.w.org\/{rel}","templated":true}]}}