{"id":708991,"date":"2025-08-27T16:20:19","date_gmt":"2025-08-27T13:20:19","guid":{"rendered":"https:\/\/roveyayinevi.com.tr\/index.php\/urun\/ask-ve-mantik\/"},"modified":"2026-04-16T02:17:38","modified_gmt":"2026-04-15T23:17:38","slug":"ask-ve-mantik","status":"publish","type":"product","link":"https:\/\/roveyayinevi.com.tr\/index.php\/urun\/ask-ve-mantik\/","title":{"rendered":"A\u015fk ve Mant\u0131k"},"content":{"rendered":"<p>&#8220;M\u00fckemmel bir kalbi  vard\u0131, tabiat\u0131 \u015fefkatli ve duygular\u0131 g\u00fc\u00e7l\u00fcyd\u00fc ama onlar\u0131 nas\u0131l idare edece\u011fini bilirdi.\u201dKALB\u0130N\u0130 B\u0130R\u0130NE VER VE AKLIN SANA KALSIN\u0130ngiliz edebiyat\u0131na damga vuran Jane Austen\u2019\u0131n unutulmaz eserlerinden A\u015fk ve Mant\u0131k, ciltli ve karton kapakl\u0131 iki farkl\u0131 se\u00e7enekle Artemis Yay\u0131nlar\u0131 taraf\u0131ndan okurun be\u011fenisine sunuldu. T\u0131pk\u0131 Austen\u2019\u0131n ba\u015fyap\u0131t\u0131 say\u0131lan A\u015fk ve Gurur gibi sinemaya ve televizyona uyarlanan roman, farkl\u0131 karakterdeki iki karde\u015fin hik\u00e2yesine odaklan\u0131yor ve onlar\u0131n ya\u015famlar\u0131 ve ya\u015fama kar\u015f\u0131 duru\u015flar\u0131 \u00fczerinden a\u015fk ile mant\u0131\u011f\u0131n hayattaki yerlerini tart\u0131\u015f\u0131yor. JANE AUSTEN\u2019IN DER\u0130N G\u00d6ZLEM BECER\u0130S\u0130, ZAR\u0130F \u00dcSLUBU VE \u0130NCE \u0130RON\u0130S\u0130YLE  19. Y\u00dcZYIL \u0130NG\u0130L\u0130Z YA\u015eAMININ EKS\u0130KS\u0130Z B\u0130R PANORAMASI Marianne Dashwood, duygular\u0131n\u0131 asla gizleyemeyen heyecanl\u0131, dramatik, hareketli bir gen\u00e7 k\u0131z. Son derece cazip ve yak\u0131\u015f\u0131kl\u0131 fakat asla Marianne\u2019e uygun olmayan John Willoughby\u2019ye \u00e2\u015f\u0131k oldu\u011funda ise ablas\u0131 Elinor\u2019un uyar\u0131lar\u0131n\u0131 g\u00f6z ard\u0131 ediyor. Bu arada, gelenek ve g\u00f6reneklere kar\u015f\u0131 daima hassas olan, akl\u0131 ba\u015f\u0131nda ve a\u011f\u0131r ba\u015fl\u0131 Elinor, kendi romantik hayal k\u0131r\u0131kl\u0131\u011f\u0131n\u0131 en yak\u0131nlar\u0131ndan bile gizlemek i\u00e7in m\u00fccadele ediyor. Ayn\u0131 d\u00f6nemde ya\u015fad\u0131klar\u0131 a\u015fk tecr\u00fcbeleri sayesinde iki k\u0131z karde\u015f, stat\u00fc ve paran\u0131n a\u015fk\u0131n kurallar\u0131n\u0131 koydu\u011fu bir toplumda mutlulu\u011fu yakalamak istiyorlarsa, a\u015fk ve mant\u0131\u011f\u0131 dengelemeleri gerekti\u011fini \u00f6\u011frenecek. Jane Austen, karakter bak\u0131m\u0131ndan birbirine tamamen z\u0131t iki k\u0131z karde\u015fin evlilik hiyerar\u015filerine kar\u015f\u0131 direni\u015fleri \u00fczerinden 19. y\u00fczy\u0131l\u0131n sevilen a\u015fk hik\u00e2yelerinden birini anlat\u0131yor. <\/p>\n","protected":false},"excerpt":{"rendered":"<p>&#8220;M\u00fckemmel bir kalbi vard\u0131, tabiat\u0131 \u015fefkatli ve duygular\u0131 g\u00fc\u00e7l\u00fcyd\u00fc ama onlar\u0131 nas\u0131l idare edece\u011fini bilirdi.\u201dKALB\u0130N\u0130 B\u0130R\u0130NE VER VE AKLIN SANA KALSIN\u0130ngiliz edebiyat\u0131na damga vuran Jane Austen\u2019\u0131n<span class=\"excerpt-hellip\"> [\u2026]<\/span><\/p>\n","protected":false},"featured_media":0,"template":"","meta":{"_monsterinsights_skip_tracking":false,"_monsterinsights_sitenote_active":false,"_monsterinsights_sitenote_note":"","_monsterinsights_sitenote_category":0},"product_brand":[],"product_cat":[14643,12291],"product_tag":[],"class_list":{"0":"post-708991","1":"product","2":"type-product","3":"status-publish","5":"product_cat-ask","6":"product_cat-edebiyat","7":"pa_cilt-ciltsiz","8":"pa_tur-kitap","9":"pa_yayinevi-artemis-yayinlari","10":"pa_yazar-jane-austen","12":"first","13":"instock","14":"sale","15":"shipping-taxable","16":"purchasable","17":"product-type-simple"},"_links":{"self":[{"href":"https:\/\/roveyayinevi.com.tr\/index.php\/wp-json\/wp\/v2\/product\/708991","targetHints":{"allow":["GET"]}}],"collection":[{"href":"https:\/\/roveyayinevi.com.tr\/index.php\/wp-json\/wp\/v2\/product"}],"about":[{"href":"https:\/\/roveyayinevi.com.tr\/index.php\/wp-json\/wp\/v2\/types\/product"}],"wp:attachment":[{"href":"https:\/\/roveyayinevi.com.tr\/index.php\/wp-json\/wp\/v2\/media?parent=708991"}],"wp:term":[{"taxonomy":"product_brand","embeddable":true,"href":"https:\/\/roveyayinevi.com.tr\/index.php\/wp-json\/wp\/v2\/product_brand?post=708991"},{"taxonomy":"product_cat","embeddable":true,"href":"https:\/\/roveyayinevi.com.tr\/index.php\/wp-json\/wp\/v2\/product_cat?post=708991"},{"taxonomy":"product_tag","embeddable":true,"href":"https:\/\/roveyayinevi.com.tr\/index.php\/wp-json\/wp\/v2\/product_tag?post=708991"}],"curies":[{"name":"wp","href":"https:\/\/api.w.org\/{rel}","templated":true}]}}