{"id":708990,"date":"2025-08-27T16:20:19","date_gmt":"2025-08-27T13:20:19","guid":{"rendered":"https:\/\/roveyayinevi.com.tr\/index.php\/urun\/gurcuce-standart-sozluk-gurcuce-turkce-turkce-gurcuce\/"},"modified":"2026-04-16T02:17:38","modified_gmt":"2026-04-15T23:17:38","slug":"gurcuce-standart-sozluk-gurcuce-turkce-turkce-gurcuce","status":"publish","type":"product","link":"https:\/\/roveyayinevi.com.tr\/index.php\/urun\/gurcuce-standart-sozluk-gurcuce-turkce-turkce-gurcuce\/","title":{"rendered":"G\u00fcrc\u00fcce Standart S\u00f6zl\u00fck &#8211; G\u00fcrc\u00fcce T\u00fcrk\u00e7e T\u00fcrk\u00e7e G\u00fcrc\u00fcce"},"content":{"rendered":"<p>G\u00fcrc\u00fcce Standart S\u00f6zl\u00fck (Plastik Kapak)\u2022    Bu s\u00f6zl\u00fckte en s\u0131k kullan\u0131lan 40.000 s\u00f6zc\u00fck yer almaktad\u0131r.\u2022    S\u00f6zl\u00fck G\u00fcrc\u00fcce-T\u00fcrk\u00e7e ve T\u00fcrk\u00e7e-G\u00fcrc\u00fcce olmak \u00fczere iki b\u00f6l\u00fcmden olu\u015fmaktad\u0131r.\u2022    En s\u0131k kullan\u0131lan, en g\u00fcncel s\u00f6zc\u00fcklere yer verilmi\u015ftir.\u2022    Hem boyut hem de i\u00e7erik olarak evde, i\u015fte, seyahatte, g\u00fcnl\u00fck hayat\u0131n her alan\u0131nda kullan\u0131ma elveri\u015flidir. <\/p>\n","protected":false},"excerpt":{"rendered":"<p>G\u00fcrc\u00fcce Standart S\u00f6zl\u00fck (Plastik Kapak)\u2022 Bu s\u00f6zl\u00fckte en s\u0131k kullan\u0131lan 40.000 s\u00f6zc\u00fck yer almaktad\u0131r.\u2022 S\u00f6zl\u00fck G\u00fcrc\u00fcce-T\u00fcrk\u00e7e ve T\u00fcrk\u00e7e-G\u00fcrc\u00fcce olmak \u00fczere iki b\u00f6l\u00fcmden olu\u015fmaktad\u0131r.\u2022 En s\u0131k kullan\u0131lan,<span class=\"excerpt-hellip\"> [\u2026]<\/span><\/p>\n","protected":false},"featured_media":0,"template":"","meta":{"_monsterinsights_skip_tracking":false,"_monsterinsights_sitenote_active":false,"_monsterinsights_sitenote_note":"","_monsterinsights_sitenote_category":0},"product_brand":[],"product_cat":[12566,13611],"product_tag":[],"class_list":{"0":"post-708990","1":"product","2":"type-product","3":"status-publish","5":"product_cat-egitim","6":"product_cat-sozlukler-ve-konusma-kilavuzlari","7":"pa_cilt-ciltli","8":"pa_tur-kitap","9":"pa_yayinevi-engin-yayinevi","10":"pa_yazar-komisyon","12":"first","13":"instock","14":"sale","15":"shipping-taxable","16":"purchasable","17":"product-type-simple"},"_links":{"self":[{"href":"https:\/\/roveyayinevi.com.tr\/index.php\/wp-json\/wp\/v2\/product\/708990","targetHints":{"allow":["GET"]}}],"collection":[{"href":"https:\/\/roveyayinevi.com.tr\/index.php\/wp-json\/wp\/v2\/product"}],"about":[{"href":"https:\/\/roveyayinevi.com.tr\/index.php\/wp-json\/wp\/v2\/types\/product"}],"wp:attachment":[{"href":"https:\/\/roveyayinevi.com.tr\/index.php\/wp-json\/wp\/v2\/media?parent=708990"}],"wp:term":[{"taxonomy":"product_brand","embeddable":true,"href":"https:\/\/roveyayinevi.com.tr\/index.php\/wp-json\/wp\/v2\/product_brand?post=708990"},{"taxonomy":"product_cat","embeddable":true,"href":"https:\/\/roveyayinevi.com.tr\/index.php\/wp-json\/wp\/v2\/product_cat?post=708990"},{"taxonomy":"product_tag","embeddable":true,"href":"https:\/\/roveyayinevi.com.tr\/index.php\/wp-json\/wp\/v2\/product_tag?post=708990"}],"curies":[{"name":"wp","href":"https:\/\/api.w.org\/{rel}","templated":true}]}}