{"id":708988,"date":"2025-08-27T16:20:18","date_gmt":"2025-08-27T13:20:18","guid":{"rendered":"https:\/\/roveyayinevi.com.tr\/index.php\/urun\/hasbelkader\/"},"modified":"2026-04-16T02:17:38","modified_gmt":"2026-04-15T23:17:38","slug":"hasbelkader","status":"publish","type":"product","link":"https:\/\/roveyayinevi.com.tr\/index.php\/urun\/hasbelkader\/","title":{"rendered":"Hasbelkader"},"content":{"rendered":"<p>Bazen sadece gitmek istersin\u2026  Simdi geriye d\u00f6n\u00fcp bakiyorum da annemin elini tutarak y\u00fcr\u00fcmeyi, elini tutarken y\u00fcregine sarilmayi, babamla  ge\u00e7irdigim hafta sonlarini ve hi\u00e7 kirilmayacak sandigim oyuncaklarimi&#8230; D\u00fcmd\u00fcz yol varken t\u00fcmsekten y\u00fcr\u00fcmeyi \u00f6zledim ben. Annemin \u201cOglum d\u00fcseceksin.\u201d derken sesindeki telasini \u00f6zledim. Taslardan kaleler yaptigimiz futbol ma\u00e7larini \u00f6zledim. Herkesin oynadigi fakat kimsenin kaybetmedigi oyunlari&#8230; K\u00f6rebe oynarken o an orada bulunan herkese g\u00fcvenmeyi \u00f6zledim. Simdilerde g\u00f6zlerim a\u00e7ikken bile g\u00fcvenemiyorum insanlara. \u00c7ocuklugumu \u00f6zledim, menfaat g\u00f6zetmeden d\u00fcs\u00fcnmeyi&#8230;  K\u00f6t\u00fcl\u00fck namina hi\u00e7bir sey bilmeyecek kadar cahil oldugum g\u00fcnleri \u00f6zledim. B\u00fcy\u00fcmek isteyecek kadar saf oldugum g\u00fcnleri&#8230;  &#8220;Umutlari vardi, ger\u00e7eklesmek i\u00e7in can atan. Fakat umut dedikleri, g\u00f6zlerimiz a\u00e7ikken g\u00f6rd\u00fcg\u00fcm\u00fcz r\u00fcyalardir. Hem de \u00f6yle r\u00fcyalar ki yanlarinda k\u00e2buslarin masum kaldigi. Zira k\u00e2buslar, uyandiginda kurtuldugun r\u00fcyalardir. Umutlar ise, uyandiginda baslayan k\u00e2buslar\u2026&#8221; <\/p>\n","protected":false},"excerpt":{"rendered":"<p>Bazen sadece gitmek istersin\u2026 Simdi geriye d\u00f6n\u00fcp bakiyorum da annemin elini tutarak y\u00fcr\u00fcmeyi, elini tutarken y\u00fcregine sarilmayi, babamla ge\u00e7irdigim hafta sonlarini ve hi\u00e7 kirilmayacak sandigim oyuncaklarimi&#8230;<span class=\"excerpt-hellip\"> [\u2026]<\/span><\/p>\n","protected":false},"featured_media":0,"template":"","meta":{"_monsterinsights_skip_tracking":false,"_monsterinsights_sitenote_active":false,"_monsterinsights_sitenote_note":"","_monsterinsights_sitenote_category":0},"product_brand":[],"product_cat":[12291,12711],"product_tag":[],"class_list":{"0":"post-708988","1":"product","2":"type-product","3":"status-publish","5":"product_cat-edebiyat","6":"product_cat-roman-oyku","7":"pa_cilt-ciltsiz","8":"pa_tur-kitap","9":"pa_yayinevi-indigo-kitap","10":"pa_yazar-fatih-yagci","12":"first","13":"instock","14":"sale","15":"shipping-taxable","16":"purchasable","17":"product-type-simple"},"_links":{"self":[{"href":"https:\/\/roveyayinevi.com.tr\/index.php\/wp-json\/wp\/v2\/product\/708988","targetHints":{"allow":["GET"]}}],"collection":[{"href":"https:\/\/roveyayinevi.com.tr\/index.php\/wp-json\/wp\/v2\/product"}],"about":[{"href":"https:\/\/roveyayinevi.com.tr\/index.php\/wp-json\/wp\/v2\/types\/product"}],"wp:attachment":[{"href":"https:\/\/roveyayinevi.com.tr\/index.php\/wp-json\/wp\/v2\/media?parent=708988"}],"wp:term":[{"taxonomy":"product_brand","embeddable":true,"href":"https:\/\/roveyayinevi.com.tr\/index.php\/wp-json\/wp\/v2\/product_brand?post=708988"},{"taxonomy":"product_cat","embeddable":true,"href":"https:\/\/roveyayinevi.com.tr\/index.php\/wp-json\/wp\/v2\/product_cat?post=708988"},{"taxonomy":"product_tag","embeddable":true,"href":"https:\/\/roveyayinevi.com.tr\/index.php\/wp-json\/wp\/v2\/product_tag?post=708988"}],"curies":[{"name":"wp","href":"https:\/\/api.w.org\/{rel}","templated":true}]}}