{"id":708986,"date":"2025-08-27T16:20:17","date_gmt":"2025-08-27T13:20:17","guid":{"rendered":"https:\/\/roveyayinevi.com.tr\/index.php\/urun\/uzgunum-yazmak-zorundaydim\/"},"modified":"2026-04-16T02:17:38","modified_gmt":"2026-04-15T23:17:38","slug":"uzgunum-yazmak-zorundaydim","status":"publish","type":"product","link":"https:\/\/roveyayinevi.com.tr\/index.php\/urun\/uzgunum-yazmak-zorundaydim\/","title":{"rendered":"\u00dczg\u00fcn\u00fcm, Yazmak Zorundayd\u0131m!"},"content":{"rendered":"<p>\u201cBiliyorum, baz\u0131lar\u0131 bu kitab\u0131 k\u0131zg\u0131nl\u0131kla yazd\u0131\u011f\u0131m\u0131 d\u00fc\u015f\u00fcnecektir\u201d diyor Makbule Cengiz, anlatt\u0131klar\u0131n\u0131n bir yerinde. Asl\u0131nda burada anlat\u0131lanlar, medyan\u0131n zor bir \u00e7\u0131kmaza girdi\u011fi, kar\u015f\u0131l\u0131kl\u0131 yanda\u015f nitelendirmesinin yo\u011funla\u015ft\u0131\u011f\u0131 bu g\u00fcnlerde sorgulay\u0131c\u0131 ve \u00f6zverili bir gazetecilik \u00f6rne\u011fi, medyan\u0131n i\u00e7inden medyaya dair samimi bir ele\u015ftiri. Gazetecilik idealiyle yola \u00e7\u0131kan gen\u00e7 bir gazetecinin idealleri ile yal\u0131n ger\u00e7ekler aras\u0131nda s\u0131k\u0131\u015fmas\u0131, ya\u015fad\u0131\u011f\u0131 hayal k\u0131r\u0131kl\u0131\u011f\u0131n\u0131n i\u00e7tenlikle payla\u015f\u0131m\u0131. Gezi olaylar\u0131 s\u0131ras\u0131nda Halk TV ekran\u0131na kilitlenenlerin, kesintisiz canl\u0131 yay\u0131nlarda g\u00fcnlerce g\u00f6rev ba\u015f\u0131nda g\u00f6renlerin \u00e7ok iyi hat\u0131rlad\u0131\u011f\u0131 bir y\u00fcz, Makbule Cengiz. \u00c7ok sevdi\u011fi mesle\u011fine istemeden ara vermek zorunda kald\u0131 ve ya\u015fad\u0131klar\u0131n\u0131, g\u00f6rd\u00fcklerini habercilikte oldu\u011fu gibi s\u0131ca\u011f\u0131 s\u0131ca\u011f\u0131na de\u011fil de demlendirerek payla\u015fmak istedi. Ele\u015ftiri yapt\u0131\u011f\u0131 kadar \u00f6zele\u015ftiriye de yer verdi kitab\u0131nda, bu y\u00fczden anlatt\u0131klar\u0131na kulak vermekte yarar var. <\/p>\n","protected":false},"excerpt":{"rendered":"<p>\u201cBiliyorum, baz\u0131lar\u0131 bu kitab\u0131 k\u0131zg\u0131nl\u0131kla yazd\u0131\u011f\u0131m\u0131 d\u00fc\u015f\u00fcnecektir\u201d diyor Makbule Cengiz, anlatt\u0131klar\u0131n\u0131n bir yerinde. Asl\u0131nda burada anlat\u0131lanlar, medyan\u0131n zor bir \u00e7\u0131kmaza girdi\u011fi, kar\u015f\u0131l\u0131kl\u0131 yanda\u015f nitelendirmesinin yo\u011funla\u015ft\u0131\u011f\u0131 bu<span class=\"excerpt-hellip\"> [\u2026]<\/span><\/p>\n","protected":false},"featured_media":0,"template":"","meta":{"_monsterinsights_skip_tracking":false,"_monsterinsights_sitenote_active":false,"_monsterinsights_sitenote_note":"","_monsterinsights_sitenote_category":0},"product_brand":[],"product_cat":[15983,13488],"product_tag":[],"class_list":{"0":"post-708986","1":"product","2":"type-product","3":"status-publish","5":"product_cat-iletisim-ve-medya","6":"product_cat-toplum-ve-insan","7":"pa_cilt-ciltsiz","8":"pa_tur-kitap","9":"pa_yayinevi-kirmizi-kedi-yayinevi","10":"pa_yazar-makbule-cengiz","12":"first","13":"instock","14":"sale","15":"shipping-taxable","16":"purchasable","17":"product-type-simple"},"_links":{"self":[{"href":"https:\/\/roveyayinevi.com.tr\/index.php\/wp-json\/wp\/v2\/product\/708986","targetHints":{"allow":["GET"]}}],"collection":[{"href":"https:\/\/roveyayinevi.com.tr\/index.php\/wp-json\/wp\/v2\/product"}],"about":[{"href":"https:\/\/roveyayinevi.com.tr\/index.php\/wp-json\/wp\/v2\/types\/product"}],"wp:attachment":[{"href":"https:\/\/roveyayinevi.com.tr\/index.php\/wp-json\/wp\/v2\/media?parent=708986"}],"wp:term":[{"taxonomy":"product_brand","embeddable":true,"href":"https:\/\/roveyayinevi.com.tr\/index.php\/wp-json\/wp\/v2\/product_brand?post=708986"},{"taxonomy":"product_cat","embeddable":true,"href":"https:\/\/roveyayinevi.com.tr\/index.php\/wp-json\/wp\/v2\/product_cat?post=708986"},{"taxonomy":"product_tag","embeddable":true,"href":"https:\/\/roveyayinevi.com.tr\/index.php\/wp-json\/wp\/v2\/product_tag?post=708986"}],"curies":[{"name":"wp","href":"https:\/\/api.w.org\/{rel}","templated":true}]}}