{"id":708982,"date":"2025-08-27T16:20:14","date_gmt":"2025-08-27T13:20:14","guid":{"rendered":"https:\/\/roveyayinevi.com.tr\/index.php\/urun\/daktilo-yazilari\/"},"modified":"2026-04-16T02:17:38","modified_gmt":"2026-04-15T23:17:38","slug":"daktilo-yazilari","status":"publish","type":"product","link":"https:\/\/roveyayinevi.com.tr\/index.php\/urun\/daktilo-yazilari\/","title":{"rendered":"Daktilo Yaz\u0131lar\u0131"},"content":{"rendered":"<p>Akif Kurtulu\u015f\u2019un Politika ve Sanat ile Harita Metod Defteri isimli kitaplar\u0131, Daktilo Yaz\u0131lar\u0131 ba\u015fl\u0131\u011f\u0131 alt\u0131nda, \u201cbir\u201d kitap olarak bir araya geldi. Derin, kuvvetli ve entelekt\u00fcel enerjisi y\u00fcksek bu yaz\u0131lar, Ekim Devrimi \u00f6ncesi ve sonras\u0131nda yo\u011fun olarak ortaya \u00e7\u0131kan sanat-iktidar \u00e7at\u0131\u015fmas\u0131; sanat\u0131n, ger\u00e7ekli\u011fi kavrama ve kurma sorunu gibi \u00f6nemli meselelere de\u011finiyor. Ayn\u0131 zamanda T\u00fcrkiye\u2019deki sanat pratiklerini, ele\u015ftirinin besleyici damar\u0131ndan vazge\u00e7meden \u00e7\u00f6z\u00fcml\u00fcyor. Politikan\u0131n, \u201ck\u00fclt\u00fcr d\u00fcnyas\u0131\u201dn\u0131 kesti\u011fi ve sanat\u00e7\u0131lar\u0131n da \u201cpolitik olan\u201dla kesi\u015fmekteki tutum ve meselelerine dair yekpare bir \u00e7al\u0131\u015fma\u2026 <\/p>\n","protected":false},"excerpt":{"rendered":"<p>Akif Kurtulu\u015f\u2019un Politika ve Sanat ile Harita Metod Defteri isimli kitaplar\u0131, Daktilo Yaz\u0131lar\u0131 ba\u015fl\u0131\u011f\u0131 alt\u0131nda, \u201cbir\u201d kitap olarak bir araya geldi. Derin, kuvvetli ve entelekt\u00fcel enerjisi<span class=\"excerpt-hellip\"> [\u2026]<\/span><\/p>\n","protected":false},"featured_media":0,"template":"","meta":{"_monsterinsights_skip_tracking":false,"_monsterinsights_sitenote_active":false,"_monsterinsights_sitenote_note":"","_monsterinsights_sitenote_category":0},"product_brand":[],"product_cat":[12291],"product_tag":[],"class_list":{"0":"post-708982","1":"product","2":"type-product","3":"status-publish","5":"product_cat-edebiyat","6":"pa_cilt-ciltsiz","7":"pa_tur-kitap","8":"pa_yayinevi-can-yayinlari","9":"pa_yazar-akif-kurtulus","11":"first","12":"instock","13":"sale","14":"shipping-taxable","15":"purchasable","16":"product-type-simple"},"_links":{"self":[{"href":"https:\/\/roveyayinevi.com.tr\/index.php\/wp-json\/wp\/v2\/product\/708982","targetHints":{"allow":["GET"]}}],"collection":[{"href":"https:\/\/roveyayinevi.com.tr\/index.php\/wp-json\/wp\/v2\/product"}],"about":[{"href":"https:\/\/roveyayinevi.com.tr\/index.php\/wp-json\/wp\/v2\/types\/product"}],"wp:attachment":[{"href":"https:\/\/roveyayinevi.com.tr\/index.php\/wp-json\/wp\/v2\/media?parent=708982"}],"wp:term":[{"taxonomy":"product_brand","embeddable":true,"href":"https:\/\/roveyayinevi.com.tr\/index.php\/wp-json\/wp\/v2\/product_brand?post=708982"},{"taxonomy":"product_cat","embeddable":true,"href":"https:\/\/roveyayinevi.com.tr\/index.php\/wp-json\/wp\/v2\/product_cat?post=708982"},{"taxonomy":"product_tag","embeddable":true,"href":"https:\/\/roveyayinevi.com.tr\/index.php\/wp-json\/wp\/v2\/product_tag?post=708982"}],"curies":[{"name":"wp","href":"https:\/\/api.w.org\/{rel}","templated":true}]}}