{"id":708981,"date":"2025-08-27T16:20:14","date_gmt":"2025-08-27T13:20:14","guid":{"rendered":"https:\/\/roveyayinevi.com.tr\/index.php\/urun\/kendi-hayatini-yazan-uc-yazar-casanova-stendhal-tolstoy\/"},"modified":"2026-04-16T02:17:38","modified_gmt":"2026-04-15T23:17:38","slug":"kendi-hayatini-yazan-uc-yazar-casanova-stendhal-tolstoy","status":"publish","type":"product","link":"https:\/\/roveyayinevi.com.tr\/index.php\/urun\/kendi-hayatini-yazan-uc-yazar-casanova-stendhal-tolstoy\/","title":{"rendered":"Kendi Hayat\u0131n\u0131 Yazan \u00dc\u00e7 Yazar \u2013 Casanova, Stendhal, Tolstoy"},"content":{"rendered":"<p>Kurmaca d\u00fcnyalar kuran sanat\u00e7\u0131, kendisini ger\u00e7ekli\u011fe sad\u0131k kalacak \u015fekilde yeniden in\u015fa edebilir mi? Zweig, \u201cD\u00fcnyan\u0131n Mimarlar\u0131\u201d dizisinin \u00fc\u00e7\u00fcnc\u00fc ve son kitab\u0131nda bu soruya yan\u0131t arar: \u00d6znel sanat\u00e7\u0131 tipini ve ona \u00f6zg\u00fc sanat bi\u00e7imi olan otobiyografiyi derinlemesine inceleyen yazar, Casanova, Stendhal ve Tolstoy \u00fczerinden yarat\u0131c\u0131l\u0131k s\u00fcrecinin izini s\u00fcrer. Kendi Hayat\u0131n\u0131 Yazan \u00dc\u00e7 Yazar, ebed\u00ee varolu\u015f arzusu ta\u015f\u0131yan sanat\u00e7\u0131 tipine y\u00f6nelik derinlikli bir bak\u0131\u015f sunarken, \u201cBen\u201din ke\u015fif ve in\u015fa s\u00fcrecinin karma\u015f\u0131k, yer yer \u00e7at\u0131\u015fmal\u0131 katmanlar\u0131n\u0131 da titizlikle irdeleyen bir eser. \ufffcTan\u0131t\u0131m Metni<\/p>\n","protected":false},"excerpt":{"rendered":"<p>Kurmaca d\u00fcnyalar kuran sanat\u00e7\u0131, kendisini ger\u00e7ekli\u011fe sad\u0131k kalacak \u015fekilde yeniden in\u015fa edebilir mi? Zweig, \u201cD\u00fcnyan\u0131n Mimarlar\u0131\u201d dizisinin \u00fc\u00e7\u00fcnc\u00fc ve son kitab\u0131nda bu soruya yan\u0131t arar: \u00d6znel<span class=\"excerpt-hellip\"> [\u2026]<\/span><\/p>\n","protected":false},"featured_media":0,"template":"","meta":{"_monsterinsights_skip_tracking":false,"_monsterinsights_sitenote_active":false,"_monsterinsights_sitenote_note":"","_monsterinsights_sitenote_category":0},"product_brand":[],"product_cat":[14009,12291],"product_tag":[],"class_list":{"0":"post-708981","1":"product","2":"type-product","3":"status-publish","5":"product_cat-biyografi-otobiyografi-edebiyat","6":"product_cat-edebiyat","7":"pa_cilt-ciltsiz","8":"pa_tur-kitap","9":"pa_yayinevi-can-yayinlari","10":"pa_yazar-stefan-zweig","12":"first","13":"instock","14":"sale","15":"shipping-taxable","16":"purchasable","17":"product-type-simple"},"_links":{"self":[{"href":"https:\/\/roveyayinevi.com.tr\/index.php\/wp-json\/wp\/v2\/product\/708981","targetHints":{"allow":["GET"]}}],"collection":[{"href":"https:\/\/roveyayinevi.com.tr\/index.php\/wp-json\/wp\/v2\/product"}],"about":[{"href":"https:\/\/roveyayinevi.com.tr\/index.php\/wp-json\/wp\/v2\/types\/product"}],"wp:attachment":[{"href":"https:\/\/roveyayinevi.com.tr\/index.php\/wp-json\/wp\/v2\/media?parent=708981"}],"wp:term":[{"taxonomy":"product_brand","embeddable":true,"href":"https:\/\/roveyayinevi.com.tr\/index.php\/wp-json\/wp\/v2\/product_brand?post=708981"},{"taxonomy":"product_cat","embeddable":true,"href":"https:\/\/roveyayinevi.com.tr\/index.php\/wp-json\/wp\/v2\/product_cat?post=708981"},{"taxonomy":"product_tag","embeddable":true,"href":"https:\/\/roveyayinevi.com.tr\/index.php\/wp-json\/wp\/v2\/product_tag?post=708981"}],"curies":[{"name":"wp","href":"https:\/\/api.w.org\/{rel}","templated":true}]}}