{"id":708979,"date":"2025-08-27T16:20:13","date_gmt":"2025-08-27T13:20:13","guid":{"rendered":"https:\/\/roveyayinevi.com.tr\/index.php\/urun\/ornek-egitim-durumlariyla-turkce-turk-dili-ve-edebiyati-ogretimi\/"},"modified":"2026-04-16T02:17:38","modified_gmt":"2026-04-15T23:17:38","slug":"ornek-egitim-durumlariyla-turkce-turk-dili-ve-edebiyati-ogretimi","status":"publish","type":"product","link":"https:\/\/roveyayinevi.com.tr\/index.php\/urun\/ornek-egitim-durumlariyla-turkce-turk-dili-ve-edebiyati-ogretimi\/","title":{"rendered":"\u00d6rnek E\u011fitim Durumlar\u0131yla T\u00fcrk\u00e7e &#8211; T\u00fcrk Dili ve Edebiyat\u0131 \u00d6\u011fretimi"},"content":{"rendered":"<p>Edebiyat; duygular\u0131n, d\u00fc\u015flerin, d\u00fc\u015f\u00fcncelerin, tasar\u0131lar\u0131n, \u00f6zlemlerin, insana ve ya\u015fama ili\u015fkin her durumun sanat\u00e7\u0131 taraf\u0131ndan \u00f6zg\u00fcn bir kurguyla, estetik bir dille ve etkileyici bi\u00e7imde anlat\u0131lmas\u0131 sanat\u0131d\u0131r. Edebiyat yap\u0131tlar\u0131 bir\u00e7ok olanak sunar okurlar\u0131na. Farkl\u0131 ya\u015famlarla ve farkl\u0131 karakter \u00f6zellikleriyle bulu\u015fturarak onlar\u0131n ufuklar\u0131n\u0131 geni\u015fletir; bak\u0131\u015f a\u00e7\u0131lar\u0131n\u0131 ve genel k\u00fclt\u00fcr d\u00fczeylerini geli\u015ftirir. Ulusal ve evrensel d\u00fczeyde toplumsalla\u015fmalar\u0131n\u0131, dilsel y\u00f6nden yetkinle\u015fmelerini sa\u011flar. Kurgu i\u00e7inde farkl\u0131 farkl\u0131 d\u00fc\u015f\u00fcnme bi\u00e7imleriyle bulu\u015fturarak d\u00fc\u015f\u00fcnme becerilerini geli\u015ftirir. G\u00fczellikleri, \u00e7irkinlikleri, do\u011fruyu, yanl\u0131\u015f\u0131, iyiyi, k\u00f6t\u00fcy\u00fc, evrensel de\u011ferleri duyumsatarak be\u011fenilerini e\u011fitir. \u00c7e\u015fitli duygu durumlar\u0131n\u0131 ya\u015fatarak, farkl\u0131 duyular\u0131n\u0131 harekete ge\u00e7irerek ki\u015fileri duyarl\u0131k e\u011fitiminden ge\u00e7irir. Bu nedenle \u00e7ocuklar\u0131 ve gen\u00e7leri nitelikli edebiyat yap\u0131tlar\u0131yla erken ya\u015flardan ba\u015flayarak bulu\u015fturmak ve yap\u0131t\u0131n \u00f6z\u00fcne inmelerini sa\u011flay\u0131c\u0131 etkinliklerde bulunmak ailenin ve e\u011fitimcilerin \u00f6ncelikli hedeflerinden biri olmal\u0131d\u0131r.<\/p>\n","protected":false},"excerpt":{"rendered":"<p>Edebiyat; duygular\u0131n, d\u00fc\u015flerin, d\u00fc\u015f\u00fcncelerin, tasar\u0131lar\u0131n, \u00f6zlemlerin, insana ve ya\u015fama ili\u015fkin her durumun sanat\u00e7\u0131 taraf\u0131ndan \u00f6zg\u00fcn bir kurguyla, estetik bir dille ve etkileyici bi\u00e7imde anlat\u0131lmas\u0131 sanat\u0131d\u0131r. Edebiyat<span class=\"excerpt-hellip\"> [\u2026]<\/span><\/p>\n","protected":false},"featured_media":0,"template":"","meta":{"_monsterinsights_skip_tracking":false,"_monsterinsights_sitenote_active":false,"_monsterinsights_sitenote_note":"","_monsterinsights_sitenote_category":0},"product_brand":[],"product_cat":[12573,12566],"product_tag":[],"class_list":{"0":"post-708979","1":"product","2":"type-product","3":"status-publish","5":"product_cat-akademik-kitaplar","6":"product_cat-egitim","7":"pa_cilt-ciltsiz","8":"pa_tur-kitap","9":"pa_yayinevi-ani-yayincilik","10":"pa_yazar-canan-aslan","12":"first","13":"instock","14":"sale","15":"shipping-taxable","16":"purchasable","17":"product-type-simple"},"_links":{"self":[{"href":"https:\/\/roveyayinevi.com.tr\/index.php\/wp-json\/wp\/v2\/product\/708979","targetHints":{"allow":["GET"]}}],"collection":[{"href":"https:\/\/roveyayinevi.com.tr\/index.php\/wp-json\/wp\/v2\/product"}],"about":[{"href":"https:\/\/roveyayinevi.com.tr\/index.php\/wp-json\/wp\/v2\/types\/product"}],"wp:attachment":[{"href":"https:\/\/roveyayinevi.com.tr\/index.php\/wp-json\/wp\/v2\/media?parent=708979"}],"wp:term":[{"taxonomy":"product_brand","embeddable":true,"href":"https:\/\/roveyayinevi.com.tr\/index.php\/wp-json\/wp\/v2\/product_brand?post=708979"},{"taxonomy":"product_cat","embeddable":true,"href":"https:\/\/roveyayinevi.com.tr\/index.php\/wp-json\/wp\/v2\/product_cat?post=708979"},{"taxonomy":"product_tag","embeddable":true,"href":"https:\/\/roveyayinevi.com.tr\/index.php\/wp-json\/wp\/v2\/product_tag?post=708979"}],"curies":[{"name":"wp","href":"https:\/\/api.w.org\/{rel}","templated":true}]}}