{"id":708978,"date":"2025-08-27T16:20:12","date_gmt":"2025-08-27T13:20:12","guid":{"rendered":"https:\/\/roveyayinevi.com.tr\/index.php\/urun\/homofobiyle-bas-etme-grup-rehberligi-programi\/"},"modified":"2026-04-16T02:17:38","modified_gmt":"2026-04-15T23:17:38","slug":"homofobiyle-bas-etme-grup-rehberligi-programi","status":"publish","type":"product","link":"https:\/\/roveyayinevi.com.tr\/index.php\/urun\/homofobiyle-bas-etme-grup-rehberligi-programi\/","title":{"rendered":"Homofobiyle Ba\u015f Etme Grup Rehberli\u011fi Program\u0131"},"content":{"rendered":"<p>\u00dclkemizde ve d\u00fcnyada yap\u0131lan ara\u015ft\u0131rmalar, bize e\u015fcinselli\u011fin de\u011fil homofobinin (heteroseksizmin\/ heteronormativitenin) sorunsalla\u015ft\u0131r\u0131lmas\u0131 gereken bir olgu oldu\u011funu ortaya koymaktad\u0131r. E\u011fitim-\u00f6\u011fretim sisteminde ve kurumlar\u0131nda, LGBT&#8217;lerin hak ihlali ve zorbal\u0131\u011fa u\u011framamalar\u0131 ve de sa\u011fl\u0131kl\u0131 ruhsal ve bedensel geli\u015fimleri i\u00e7in okul personelinin \u00f6zellikle \u00f6\u011fretmenlerin (\u00f6\u011fretmen adaylar\u0131n\u0131n) \u00e7e\u015fitlilikle kucakla\u015fmay\u0131 artt\u0131rmak, \u00f6\u011frencilerin ya\u015famlar\u0131n\u0131 iyile\u015ftirmek i\u00e7in ihtiya\u00e7 duyduklar\u0131 konuda bilgilenmeleri gerekmektedir. Homofobiyle ba\u015f etmeye y\u00f6nelik geli\u015ftirilen bu grup rehberli\u011fi program\u0131n\u0131n \u00f6\u011fretmenlerdeki \/\u00f6\u011fretmen adaylar\u0131ndaki homofobi seviyesini azaltmas\u0131 hedeflenmektedir. <\/p>\n","protected":false},"excerpt":{"rendered":"<p>\u00dclkemizde ve d\u00fcnyada yap\u0131lan ara\u015ft\u0131rmalar, bize e\u015fcinselli\u011fin de\u011fil homofobinin (heteroseksizmin\/ heteronormativitenin) sorunsalla\u015ft\u0131r\u0131lmas\u0131 gereken bir olgu oldu\u011funu ortaya koymaktad\u0131r. E\u011fitim-\u00f6\u011fretim sisteminde ve kurumlar\u0131nda, LGBT&#8217;lerin hak ihlali ve<span class=\"excerpt-hellip\"> [\u2026]<\/span><\/p>\n","protected":false},"featured_media":0,"template":"","meta":{"_monsterinsights_skip_tracking":false,"_monsterinsights_sitenote_active":false,"_monsterinsights_sitenote_note":"","_monsterinsights_sitenote_category":0},"product_brand":[],"product_cat":[16965,13365],"product_tag":[],"class_list":{"0":"post-708978","1":"product","2":"type-product","3":"status-publish","5":"product_cat-genel-saglik-kitaplari","6":"product_cat-saglik","7":"pa_cilt-ciltsiz","8":"pa_tur-kitap","9":"pa_yayinevi-ani-yayincilik","10":"pa_yazar-esra-ummak","12":"first","13":"instock","14":"sale","15":"shipping-taxable","16":"purchasable","17":"product-type-simple"},"_links":{"self":[{"href":"https:\/\/roveyayinevi.com.tr\/index.php\/wp-json\/wp\/v2\/product\/708978","targetHints":{"allow":["GET"]}}],"collection":[{"href":"https:\/\/roveyayinevi.com.tr\/index.php\/wp-json\/wp\/v2\/product"}],"about":[{"href":"https:\/\/roveyayinevi.com.tr\/index.php\/wp-json\/wp\/v2\/types\/product"}],"wp:attachment":[{"href":"https:\/\/roveyayinevi.com.tr\/index.php\/wp-json\/wp\/v2\/media?parent=708978"}],"wp:term":[{"taxonomy":"product_brand","embeddable":true,"href":"https:\/\/roveyayinevi.com.tr\/index.php\/wp-json\/wp\/v2\/product_brand?post=708978"},{"taxonomy":"product_cat","embeddable":true,"href":"https:\/\/roveyayinevi.com.tr\/index.php\/wp-json\/wp\/v2\/product_cat?post=708978"},{"taxonomy":"product_tag","embeddable":true,"href":"https:\/\/roveyayinevi.com.tr\/index.php\/wp-json\/wp\/v2\/product_tag?post=708978"}],"curies":[{"name":"wp","href":"https:\/\/api.w.org\/{rel}","templated":true}]}}