{"id":708977,"date":"2025-08-27T16:20:12","date_gmt":"2025-08-27T13:20:12","guid":{"rendered":"https:\/\/roveyayinevi.com.tr\/index.php\/urun\/icimdeki-duvarlar\/"},"modified":"2026-04-16T02:17:38","modified_gmt":"2026-04-15T23:17:38","slug":"icimdeki-duvarlar","status":"publish","type":"product","link":"https:\/\/roveyayinevi.com.tr\/index.php\/urun\/icimdeki-duvarlar\/","title":{"rendered":"\u0130\u00e7imdeki Duvarlar"},"content":{"rendered":"<p>Kosulsuz serisinin bu ilk kitabi, I\u00e7imdeki Duvarlar, kendi i\u00e7ine yolculuk yapan bir kadina yol arkadasi yapiyor bizi. I\u00e7ine hapsoldugumuz duvarlari, aslinda etrafimiza bizlerin \u00f6rd\u00fcg\u00fcn\u00fc, alisildik normlarin \u00e7ok disinda kalan bir ask hik\u00e2yesi ile bize a\u00e7ikliyor.  I\u00e7imdeki Duvarlar\u2019i okurken hayatin anlamina dair cevapsiz kalan sorulari bir daha soracak, daha \u00f6nce akliniza dahi gelmeyen cevaplarla karsilasacaksiniz. Inan\u00e7lardan k\u00fclt\u00fcrlere, i\u00e7sel yolculuklardan d\u00fcnyanin diyalektigine, modern zamanin sikintilarindan metafizige kadar bir\u00e7ok konuya deginen I\u00e7imdeki Duvarlar size k\u00e2inatin sirlarini verecek. Orijinali ABD\u2019de Ingilizce olarak yayimlanan ve bir insanla daha y\u00fcksek boyuttan gelen bir varlik arasinda ge\u00e7en bu ask romaninda, Esra G. Beyatli pek \u00e7ogumuza tabu, sikici ya da karisik gelebilecek spirit\u00fcal konulari akici bir sekilde okuyucuya sunmayi basariyor. <\/p>\n","protected":false},"excerpt":{"rendered":"<p>Kosulsuz serisinin bu ilk kitabi, I\u00e7imdeki Duvarlar, kendi i\u00e7ine yolculuk yapan bir kadina yol arkadasi yapiyor bizi. I\u00e7ine hapsoldugumuz duvarlari, aslinda etrafimiza bizlerin \u00f6rd\u00fcg\u00fcn\u00fc, alisildik normlarin<span class=\"excerpt-hellip\"> [\u2026]<\/span><\/p>\n","protected":false},"featured_media":0,"template":"","meta":{"_monsterinsights_skip_tracking":false,"_monsterinsights_sitenote_active":false,"_monsterinsights_sitenote_note":"","_monsterinsights_sitenote_category":0},"product_brand":[],"product_cat":[12291,12711],"product_tag":[],"class_list":{"0":"post-708977","1":"product","2":"type-product","3":"status-publish","5":"product_cat-edebiyat","6":"product_cat-roman-oyku","7":"pa_cilt-ciltsiz","8":"pa_tur-kitap","9":"pa_yayinevi-omega","10":"pa_yazar-esra-guntay-beyatli","12":"first","13":"instock","14":"sale","15":"shipping-taxable","16":"purchasable","17":"product-type-simple"},"_links":{"self":[{"href":"https:\/\/roveyayinevi.com.tr\/index.php\/wp-json\/wp\/v2\/product\/708977","targetHints":{"allow":["GET"]}}],"collection":[{"href":"https:\/\/roveyayinevi.com.tr\/index.php\/wp-json\/wp\/v2\/product"}],"about":[{"href":"https:\/\/roveyayinevi.com.tr\/index.php\/wp-json\/wp\/v2\/types\/product"}],"wp:attachment":[{"href":"https:\/\/roveyayinevi.com.tr\/index.php\/wp-json\/wp\/v2\/media?parent=708977"}],"wp:term":[{"taxonomy":"product_brand","embeddable":true,"href":"https:\/\/roveyayinevi.com.tr\/index.php\/wp-json\/wp\/v2\/product_brand?post=708977"},{"taxonomy":"product_cat","embeddable":true,"href":"https:\/\/roveyayinevi.com.tr\/index.php\/wp-json\/wp\/v2\/product_cat?post=708977"},{"taxonomy":"product_tag","embeddable":true,"href":"https:\/\/roveyayinevi.com.tr\/index.php\/wp-json\/wp\/v2\/product_tag?post=708977"}],"curies":[{"name":"wp","href":"https:\/\/api.w.org\/{rel}","templated":true}]}}