{"id":708976,"date":"2025-08-27T16:20:11","date_gmt":"2025-08-27T13:20:11","guid":{"rendered":"https:\/\/roveyayinevi.com.tr\/index.php\/urun\/escinsellik-uzerine\/"},"modified":"2026-04-16T02:17:38","modified_gmt":"2026-04-15T23:17:38","slug":"escinsellik-uzerine","status":"publish","type":"product","link":"https:\/\/roveyayinevi.com.tr\/index.php\/urun\/escinsellik-uzerine\/","title":{"rendered":"E\u015fcinsellik \u00dczerine"},"content":{"rendered":"<p>Yirminci y\u00fczyilin ortalarindan itibaren toplumsal alginin zenginlesmesi ve \u00f6zg\u00fcrl\u00fck\u00e7\u00fc d\u00fcs\u00fcnce yapisinin yasam tarzina bir serbesti kazandirmasiyla, g\u00fcn\u00fcm\u00fczde \u00f6zellikle gelismis \u00fclkelerde bir \u201cy\u00f6nelim\u201d olarak g\u00f6r\u00fclen escinsellik tarih boyunca tartisilmis ve \u00e7ogunlukla ahlaksizlik, su\u00e7 ve g\u00fcnah olarak kabul edilmistir. Adler de, \u00e7ogu meslektasinin aksine, escinselligin dogumsal degil, edinsel oldugu tezini gelistirmistir. Escinselligin b\u00fcy\u00fck \u00f6l\u00e7ekli bir cesaret kaybindan, yani yasamda oynanacak cinsellik rol\u00fcne yeterince hazirlanilmadigindan kaynaklandigini ve ilgili kisinin toplum i\u00e7indeki \u201cdiger\u201d insanlardan biriymis gibi egitilmesindeki hatanin sonucunda ortaya \u00e7iktigini ileri s\u00fcrm\u00fcst\u00fcr.  Adler, ayrica, cinsel sapiklik olarak g\u00f6rd\u00fcg\u00fc sadizm, mazosizm, fetisizm ve eksibisyonizm konularini da tarihleriyle birlikte ele almis ve bu \u201csapikliklari\u201d tedavi edilmesi gereken birer anomali olarak degerlendirmistir. <\/p>\n","protected":false},"excerpt":{"rendered":"<p>Yirminci y\u00fczyilin ortalarindan itibaren toplumsal alginin zenginlesmesi ve \u00f6zg\u00fcrl\u00fck\u00e7\u00fc d\u00fcs\u00fcnce yapisinin yasam tarzina bir serbesti kazandirmasiyla, g\u00fcn\u00fcm\u00fczde \u00f6zellikle gelismis \u00fclkelerde bir \u201cy\u00f6nelim\u201d olarak g\u00f6r\u00fclen escinsellik tarih<span class=\"excerpt-hellip\"> [\u2026]<\/span><\/p>\n","protected":false},"featured_media":0,"template":"","meta":{"_monsterinsights_skip_tracking":false,"_monsterinsights_sitenote_active":false,"_monsterinsights_sitenote_note":"","_monsterinsights_sitenote_category":0},"product_brand":[],"product_cat":[12358,12357],"product_tag":[],"class_list":{"0":"post-708976","1":"product","2":"type-product","3":"status-publish","5":"product_cat-genel-psikoloji","6":"product_cat-psikoloji","7":"pa_cilt-ciltsiz","8":"pa_tur-kitap","9":"pa_yayinevi-say-yayinlari","10":"pa_yazar-alfred-adler","12":"first","13":"instock","14":"sale","15":"shipping-taxable","16":"purchasable","17":"product-type-simple"},"_links":{"self":[{"href":"https:\/\/roveyayinevi.com.tr\/index.php\/wp-json\/wp\/v2\/product\/708976","targetHints":{"allow":["GET"]}}],"collection":[{"href":"https:\/\/roveyayinevi.com.tr\/index.php\/wp-json\/wp\/v2\/product"}],"about":[{"href":"https:\/\/roveyayinevi.com.tr\/index.php\/wp-json\/wp\/v2\/types\/product"}],"wp:attachment":[{"href":"https:\/\/roveyayinevi.com.tr\/index.php\/wp-json\/wp\/v2\/media?parent=708976"}],"wp:term":[{"taxonomy":"product_brand","embeddable":true,"href":"https:\/\/roveyayinevi.com.tr\/index.php\/wp-json\/wp\/v2\/product_brand?post=708976"},{"taxonomy":"product_cat","embeddable":true,"href":"https:\/\/roveyayinevi.com.tr\/index.php\/wp-json\/wp\/v2\/product_cat?post=708976"},{"taxonomy":"product_tag","embeddable":true,"href":"https:\/\/roveyayinevi.com.tr\/index.php\/wp-json\/wp\/v2\/product_tag?post=708976"}],"curies":[{"name":"wp","href":"https:\/\/api.w.org\/{rel}","templated":true}]}}