{"id":708973,"date":"2025-08-27T16:20:10","date_gmt":"2025-08-27T13:20:10","guid":{"rendered":"https:\/\/roveyayinevi.com.tr\/index.php\/urun\/iktisat-ve-rasyonalite\/"},"modified":"2026-04-16T02:17:37","modified_gmt":"2026-04-15T23:17:37","slug":"iktisat-ve-rasyonalite","status":"publish","type":"product","link":"https:\/\/roveyayinevi.com.tr\/index.php\/urun\/iktisat-ve-rasyonalite\/","title":{"rendered":"\u0130ktisat ve Rasyonalite"},"content":{"rendered":"<p>Be\u015feri ili\u015fkilere dair izahatta bulunan ve insan\u0131n karar alma ve se\u00e7im s\u00fcre\u00e7leriyle ilgilenen iktisat, sosyoloji, psikoloji gibi disiplinlerde rasyonalite \u00fczerine bir tart\u0131\u015fma s\u00f6z konusudur. Bu tart\u0131\u015fman\u0131n sebebi ise disiplinler aras\u0131nda ve hatta ayn\u0131 disiplin i\u00e7erisinde dahi rasyonalite anlay\u0131\u015f\u0131n\u0131n tekle\u015ftirilememesi, ortak bir rasyonalite anlay\u0131\u015f\u0131nda mutab\u0131k kal\u0131namamas\u0131d\u0131r. Farkl\u0131 rasyonalite anlay\u0131\u015flar\u0131n\u0131n var olmas\u0131n\u0131n sonucunda, disiplinler aras\u0131nda ve hatta ayn\u0131 disiplin i\u00e7erisinde, be\u015feri ili\u015fkileri de\u011ferlendirme y\u00f6ntem ve s\u00fcre\u00e7leri farkl\u0131l\u0131k g\u00f6sterir. \u0130ktisat \u00f6zelinde konu\u015fursak, farkl\u0131 rasyonalite anlay\u0131\u015flar\u0131n\u0131n var olmas\u0131, eyleyenin eylemde bulunurken etkilendi\u011fi fakt\u00f6rlerin \u2013g\u00fcd\u00fc, zamana ve mek\u00e2na ba\u011fl\u0131 hususiyetler, bireysel ve toplumsal etkile\u015fimler- farkl\u0131 \u015fekillerde de\u011ferlendirildi\u011fi iktisat okullar\u0131n\u0131n ortaya \u00e7\u0131kmas\u0131na sebep olmu\u015ftur. Bu okullar, karar vericinin eylemlerini kendi kabul ettikleri rasyonalite tan\u0131m\u0131na ba\u011fl\u0131 olarak yorumlarlar ve iktisadi ili\u015fki ve s\u00fcre\u00e7leri bu yorumlama ba\u011flam\u0131nda de\u011ferlendirir, \u015fimdiye ya da gelece\u011fe dair \u00f6ng\u00f6r\u00fclerde bulunurlar. Nihayetinde rasyonalite anlay\u0131\u015f\u0131n\u0131n de\u011fi\u015fmesi teorik izah\u0131n de\u011fi\u015fmesinde olduk\u00e7a \u00f6nemli bir role sahiptir.Bu \u00e7al\u0131\u015fma, iktisatta kullan\u0131lan farkl\u0131 rasyonalite tan\u0131mlar\u0131n\u0131 ve bu tan\u0131mlamalar\u0131n teorik izaha nas\u0131l bir etkide bulundu\u011funu, K. Marx, W. S. Jevons ve T. B. Veblen\u2019in insan ve rasyonalite anlay\u0131\u015flar\u0131n\u0131n kar\u015f\u0131la\u015ft\u0131rmal\u0131 incelemesiyle ortaya koymaya gayret etmektedir. <\/p>\n","protected":false},"excerpt":{"rendered":"<p>Be\u015feri ili\u015fkilere dair izahatta bulunan ve insan\u0131n karar alma ve se\u00e7im s\u00fcre\u00e7leriyle ilgilenen iktisat, sosyoloji, psikoloji gibi disiplinlerde rasyonalite \u00fczerine bir tart\u0131\u015fma s\u00f6z konusudur. Bu tart\u0131\u015fman\u0131n<span class=\"excerpt-hellip\"> [\u2026]<\/span><\/p>\n","protected":false},"featured_media":0,"template":"","meta":{"_monsterinsights_skip_tracking":false,"_monsterinsights_sitenote_active":false,"_monsterinsights_sitenote_note":"","_monsterinsights_sitenote_category":0},"product_brand":[],"product_cat":[13043,14144],"product_tag":[],"class_list":{"0":"post-708973","1":"product","2":"type-product","3":"status-publish","5":"product_cat-ekonomi","6":"product_cat-turkiye-ekonomisi","7":"pa_cilt-ciltsiz","8":"pa_tur-kitap","9":"pa_yayinevi-heretik-yayincilik","10":"pa_yazar-eren-kirmizialtin","12":"first","13":"instock","14":"sale","15":"shipping-taxable","16":"purchasable","17":"product-type-simple"},"_links":{"self":[{"href":"https:\/\/roveyayinevi.com.tr\/index.php\/wp-json\/wp\/v2\/product\/708973","targetHints":{"allow":["GET"]}}],"collection":[{"href":"https:\/\/roveyayinevi.com.tr\/index.php\/wp-json\/wp\/v2\/product"}],"about":[{"href":"https:\/\/roveyayinevi.com.tr\/index.php\/wp-json\/wp\/v2\/types\/product"}],"wp:attachment":[{"href":"https:\/\/roveyayinevi.com.tr\/index.php\/wp-json\/wp\/v2\/media?parent=708973"}],"wp:term":[{"taxonomy":"product_brand","embeddable":true,"href":"https:\/\/roveyayinevi.com.tr\/index.php\/wp-json\/wp\/v2\/product_brand?post=708973"},{"taxonomy":"product_cat","embeddable":true,"href":"https:\/\/roveyayinevi.com.tr\/index.php\/wp-json\/wp\/v2\/product_cat?post=708973"},{"taxonomy":"product_tag","embeddable":true,"href":"https:\/\/roveyayinevi.com.tr\/index.php\/wp-json\/wp\/v2\/product_tag?post=708973"}],"curies":[{"name":"wp","href":"https:\/\/api.w.org\/{rel}","templated":true}]}}