{"id":708971,"date":"2025-08-27T16:20:09","date_gmt":"2025-08-27T13:20:09","guid":{"rendered":"https:\/\/roveyayinevi.com.tr\/index.php\/urun\/portakal-sokagi-cocuklari\/"},"modified":"2026-04-16T02:17:37","modified_gmt":"2026-04-15T23:17:37","slug":"portakal-sokagi-cocuklari","status":"publish","type":"product","link":"https:\/\/roveyayinevi.com.tr\/index.php\/urun\/portakal-sokagi-cocuklari\/","title":{"rendered":"Portakal Soka\u011f\u0131 \u00c7ocuklar\u0131"},"content":{"rendered":"<p>Tarihimizden \u00fcnl\u00fc kahramanlarla tan\u0131\u015fma, onlardan hik\u00e2yeler dinleme \u015fans\u0131n\u0131z olsa ne yapard\u0131n\u0131z? Portakal Soka\u011f\u0131\u2019nda oturan Kuzey, Erdem ve G\u00fcne\u015f\u2019in hayat\u0131 g\u00f6ky\u00fcz\u00fcnden d\u00fc\u015fen bir ta\u015fla tamamen de\u011fi\u015fir. \u00c7ocuklar\u0131n s\u0131radan bir g\u00f6kta\u015f\u0131 sand\u0131\u011f\u0131 bu ta\u015f, \u0131sland\u0131\u011f\u0131nda Hat\u0131ralar \u00dclkesi denilen bir yere a\u00e7\u0131lmakta ve buradaki ge\u00e7mi\u015fte ya\u015fam\u0131\u015f isimleri g\u00fcn\u00fcm\u00fcze ta\u015f\u0131maktad\u0131r. Peki Kuzey, Erdem ve G\u00fcne\u015f, ta\u015f sayesinde kimlerle tan\u0131\u015facak, nas\u0131l maceralar ya\u015fayacakt\u0131r? <\/p>\n","protected":false},"excerpt":{"rendered":"<p>Tarihimizden \u00fcnl\u00fc kahramanlarla tan\u0131\u015fma, onlardan hik\u00e2yeler dinleme \u015fans\u0131n\u0131z olsa ne yapard\u0131n\u0131z? Portakal Soka\u011f\u0131\u2019nda oturan Kuzey, Erdem ve G\u00fcne\u015f\u2019in hayat\u0131 g\u00f6ky\u00fcz\u00fcnden d\u00fc\u015fen bir ta\u015fla tamamen de\u011fi\u015fir. \u00c7ocuklar\u0131n<span class=\"excerpt-hellip\"> [\u2026]<\/span><\/p>\n","protected":false},"featured_media":0,"template":"","meta":{"_monsterinsights_skip_tracking":false,"_monsterinsights_sitenote_active":false,"_monsterinsights_sitenote_note":"","_monsterinsights_sitenote_category":0},"product_brand":[],"product_cat":[12913,12274],"product_tag":[],"class_list":{"0":"post-708971","1":"product","2":"type-product","3":"status-publish","5":"product_cat-3-6-yas-kitaplari","6":"product_cat-cocuk-ve-genclik-kitaplari","7":"pa_cilt-ciltsiz","8":"pa_tur-kitap","9":"pa_yayinevi-dogan-egmont-yayincilik","10":"pa_yazar-kolektif","12":"first","13":"instock","14":"sale","15":"shipping-taxable","16":"purchasable","17":"product-type-simple"},"_links":{"self":[{"href":"https:\/\/roveyayinevi.com.tr\/index.php\/wp-json\/wp\/v2\/product\/708971","targetHints":{"allow":["GET"]}}],"collection":[{"href":"https:\/\/roveyayinevi.com.tr\/index.php\/wp-json\/wp\/v2\/product"}],"about":[{"href":"https:\/\/roveyayinevi.com.tr\/index.php\/wp-json\/wp\/v2\/types\/product"}],"wp:attachment":[{"href":"https:\/\/roveyayinevi.com.tr\/index.php\/wp-json\/wp\/v2\/media?parent=708971"}],"wp:term":[{"taxonomy":"product_brand","embeddable":true,"href":"https:\/\/roveyayinevi.com.tr\/index.php\/wp-json\/wp\/v2\/product_brand?post=708971"},{"taxonomy":"product_cat","embeddable":true,"href":"https:\/\/roveyayinevi.com.tr\/index.php\/wp-json\/wp\/v2\/product_cat?post=708971"},{"taxonomy":"product_tag","embeddable":true,"href":"https:\/\/roveyayinevi.com.tr\/index.php\/wp-json\/wp\/v2\/product_tag?post=708971"}],"curies":[{"name":"wp","href":"https:\/\/api.w.org\/{rel}","templated":true}]}}