{"id":708970,"date":"2025-08-27T16:20:08","date_gmt":"2025-08-27T13:20:08","guid":{"rendered":"https:\/\/roveyayinevi.com.tr\/index.php\/urun\/dikenler-ve-guller-sarayi-2-sis-ve-ofke-sarayi\/"},"modified":"2026-04-16T02:17:37","modified_gmt":"2026-04-15T23:17:37","slug":"dikenler-ve-guller-sarayi-2-sis-ve-ofke-sarayi","status":"publish","type":"product","link":"https:\/\/roveyayinevi.com.tr\/index.php\/urun\/dikenler-ve-guller-sarayi-2-sis-ve-ofke-sarayi\/","title":{"rendered":"Dikenler Ve G\u00fcller Saray\u0131 2  Sis ve \u00d6fke Saray\u0131"},"content":{"rendered":"<p>Sarah J. Maas\u2019\u0131n \u201cTaht Oyunlar\u0131\u201dn\u0131n yazar\u0131 George R. R. Martin\u2019le kar\u015f\u0131la\u015ft\u0131rmas\u0131na yol a\u00e7an \u201cG\u00fcller ve Dikenler Saray\u0131\u201d dizisinin ikinci kitab\u0131 Sis ve \u00d6fke Saray\u0131 da yine temposu ve heyecan\u0131 hi\u00e7 d\u00fc\u015fmeyen bir macera vaat ediyor. Bana bakan y\u00fcz\u00fc tan\u0131yordum. Y\u00fcz\u00fcnden akan sahteli\u011fi, umutsuzlu\u011fu, \u00e7\u00fcr\u00fcm\u00fc\u015fl\u00fc\u011f\u00fc tan\u0131yordum.Han\u00e7eri kald\u0131r\u0131rken elim titremedi. Kemikli omzunu s\u0131k\u0131ca tutup kar\u015f\u0131mdaki i\u011fren\u00e7 y\u00fcz e bakt\u0131m \u2013 kendi y\u00fcz\u00fcme. Ve \u00fcvez han\u00e7eri tam kalbime saplad\u0131m.Feyre, Amarantha\u2019dan kurtulup Bahar Saray\u0131\u2019na d\u00f6nebildi ama bunun bedeli y\u00fcksek oldu. Her ne kadar art\u0131k Ulu Peri g\u00fc\u00e7lerine sahip olsa da h\u00e2l\u00e2 bir insan\u0131n kalbini ta\u015f\u0131yor ve Tamlin\u2019in halk\u0131n\u0131 kurtarmak i\u00e7in yapmak zorunda kald\u0131klar\u0131n\u0131 unutam\u0131yor.Gece Saray\u0131\u2019n\u0131n Y\u00fcce Lordu Rhysand\u2019la yapt\u0131\u011f\u0131 anla\u015fmay\u0131 da unutmad\u0131. T\u00fcm bunlar\u0131n ortas\u0131nda Feyre, iktidar \u00e7at\u0131\u015fmalar\u0131 ve tutku oyunlar\u0131n\u0131n ba\u015f d\u00f6nd\u00fcr\u00fcc\u00fc h\u0131z\u0131nda yapmas\u0131 gerekeni yap\u0131yor.<\/p>\n","protected":false},"excerpt":{"rendered":"<p>Sarah J. Maas\u2019\u0131n \u201cTaht Oyunlar\u0131\u201dn\u0131n yazar\u0131 George R. R. Martin\u2019le kar\u015f\u0131la\u015ft\u0131rmas\u0131na yol a\u00e7an \u201cG\u00fcller ve Dikenler Saray\u0131\u201d dizisinin ikinci kitab\u0131 Sis ve \u00d6fke Saray\u0131 da yine<span class=\"excerpt-hellip\"> [\u2026]<\/span><\/p>\n","protected":false},"featured_media":0,"template":"","meta":{"_monsterinsights_skip_tracking":false,"_monsterinsights_sitenote_active":false,"_monsterinsights_sitenote_note":"","_monsterinsights_sitenote_category":0},"product_brand":[],"product_cat":[12291,14777],"product_tag":[],"class_list":{"0":"post-708970","1":"product","2":"type-product","3":"status-publish","5":"product_cat-edebiyat","6":"product_cat-fantastik","7":"pa_cilt-ciltsiz","8":"pa_tur-kitap","9":"pa_yayinevi-dex-yayinevi","10":"pa_yazar-sarah-j-maas","12":"first","13":"instock","14":"sale","15":"shipping-taxable","16":"purchasable","17":"product-type-simple"},"_links":{"self":[{"href":"https:\/\/roveyayinevi.com.tr\/index.php\/wp-json\/wp\/v2\/product\/708970","targetHints":{"allow":["GET"]}}],"collection":[{"href":"https:\/\/roveyayinevi.com.tr\/index.php\/wp-json\/wp\/v2\/product"}],"about":[{"href":"https:\/\/roveyayinevi.com.tr\/index.php\/wp-json\/wp\/v2\/types\/product"}],"wp:attachment":[{"href":"https:\/\/roveyayinevi.com.tr\/index.php\/wp-json\/wp\/v2\/media?parent=708970"}],"wp:term":[{"taxonomy":"product_brand","embeddable":true,"href":"https:\/\/roveyayinevi.com.tr\/index.php\/wp-json\/wp\/v2\/product_brand?post=708970"},{"taxonomy":"product_cat","embeddable":true,"href":"https:\/\/roveyayinevi.com.tr\/index.php\/wp-json\/wp\/v2\/product_cat?post=708970"},{"taxonomy":"product_tag","embeddable":true,"href":"https:\/\/roveyayinevi.com.tr\/index.php\/wp-json\/wp\/v2\/product_tag?post=708970"}],"curies":[{"name":"wp","href":"https:\/\/api.w.org\/{rel}","templated":true}]}}