{"id":708969,"date":"2025-08-27T16:20:08","date_gmt":"2025-08-27T13:20:08","guid":{"rendered":"https:\/\/roveyayinevi.com.tr\/index.php\/urun\/menemen-olma-fenomen-ol\/"},"modified":"2026-04-16T02:17:37","modified_gmt":"2026-04-15T23:17:37","slug":"menemen-olma-fenomen-ol","status":"publish","type":"product","link":"https:\/\/roveyayinevi.com.tr\/index.php\/urun\/menemen-olma-fenomen-ol\/","title":{"rendered":"Menemen Olma, Fenomen Ol"},"content":{"rendered":"<p>Bundan binlerce y\u0131l \u00f6nce insanlar, dumanla haberle\u015fiyorlard\u0131. G\u00fcvercinler mektup ta\u015f\u0131yor, okyanuslar spam mail \u015fi\u015feleriyle dolup ta\u015f\u0131yordu. Binlerce y\u0131ll\u0131k ser\u00fcvenin belki de en inan\u0131lmaz d\u00f6nemlerinden birini ya\u015fad\u0131\u011f\u0131m\u0131z i\u00e7in \u00e7ok \u015fansl\u0131y\u0131z her birimiz. Bug\u00fcn\u00fcn ileti\u015fim d\u00fcnyas\u0131nda dumanlar\u0131 ancak mangal yaparken g\u00f6r\u00fcyoruz\u2026 \u0130leti\u015fim ara\u00e7lar\u0131 ve \u00f6zellikle de sosyal medya hayat\u0131m\u0131z\u0131 tepeden t\u0131rna\u011fa de\u011fi\u015ftirdi\u2026 Yeni bir \u00e7a\u011f a\u00e7t\u0131 adeta\u2026 \u0130\u015fte bu ak\u0131l almaz d\u00fcnyan\u0131n, ilham verici bir ba\u015far\u0131 hik\u00e2yesine sahip, en g\u00fc\u00e7l\u00fc isimlerinden birinin kitab\u0131n\u0131 elinizde tutuyorsunuz \u015fu an. Mehmet Burak Torun; milyonlarca takip\u00e7isiyle, k\u0131rd\u0131\u011f\u0131 rekorlarla, ald\u0131\u011f\u0131 \u00f6d\u00fcllerle ve toplumsal konulardaki hassasiyetiyle, ger\u00e7ek bir fenomen\u2026 Bu kitab\u0131yla da size ba\u015far\u0131n\u0131n, motivasyonun ve tuttu\u011funu koparman\u0131n s\u0131rlar\u0131n\u0131 anlat\u0131yor. Onun s\u00f6zl\u00fc\u011f\u00fcnde \u201cBa\u015far\u0131s\u0131zl\u0131k\u201d diye bir kelime yok! Mesaj\u0131 son derece a\u00e7\u0131k; her ne yap\u0131yor olursan ol, en iyisini ol! Ve kocaman harflerle hayk\u0131r\u0131yor adeta; \u201cMenemen Olma, Fenomen Ol!\u201d <\/p>\n","protected":false},"excerpt":{"rendered":"<p>Bundan binlerce y\u0131l \u00f6nce insanlar, dumanla haberle\u015fiyorlard\u0131. G\u00fcvercinler mektup ta\u015f\u0131yor, okyanuslar spam mail \u015fi\u015feleriyle dolup ta\u015f\u0131yordu. Binlerce y\u0131ll\u0131k ser\u00fcvenin belki de en inan\u0131lmaz d\u00f6nemlerinden birini ya\u015fad\u0131\u011f\u0131m\u0131z<span class=\"excerpt-hellip\"> [\u2026]<\/span><\/p>\n","protected":false},"featured_media":0,"template":"","meta":{"_monsterinsights_skip_tracking":false,"_monsterinsights_sitenote_active":false,"_monsterinsights_sitenote_note":"","_monsterinsights_sitenote_category":0},"product_brand":[],"product_cat":[13488],"product_tag":[],"class_list":{"0":"post-708969","1":"product","2":"type-product","3":"status-publish","5":"product_cat-toplum-ve-insan","6":"pa_cilt-ciltsiz","7":"pa_tur-kitap","8":"pa_yayinevi-placebo-yayinlari","9":"pa_yazar-mehmet-burak-torun","11":"first","12":"instock","13":"sale","14":"shipping-taxable","15":"purchasable","16":"product-type-simple"},"_links":{"self":[{"href":"https:\/\/roveyayinevi.com.tr\/index.php\/wp-json\/wp\/v2\/product\/708969","targetHints":{"allow":["GET"]}}],"collection":[{"href":"https:\/\/roveyayinevi.com.tr\/index.php\/wp-json\/wp\/v2\/product"}],"about":[{"href":"https:\/\/roveyayinevi.com.tr\/index.php\/wp-json\/wp\/v2\/types\/product"}],"wp:attachment":[{"href":"https:\/\/roveyayinevi.com.tr\/index.php\/wp-json\/wp\/v2\/media?parent=708969"}],"wp:term":[{"taxonomy":"product_brand","embeddable":true,"href":"https:\/\/roveyayinevi.com.tr\/index.php\/wp-json\/wp\/v2\/product_brand?post=708969"},{"taxonomy":"product_cat","embeddable":true,"href":"https:\/\/roveyayinevi.com.tr\/index.php\/wp-json\/wp\/v2\/product_cat?post=708969"},{"taxonomy":"product_tag","embeddable":true,"href":"https:\/\/roveyayinevi.com.tr\/index.php\/wp-json\/wp\/v2\/product_tag?post=708969"}],"curies":[{"name":"wp","href":"https:\/\/api.w.org\/{rel}","templated":true}]}}