{"id":708967,"date":"2025-08-27T16:20:07","date_gmt":"2025-08-27T13:20:07","guid":{"rendered":"https:\/\/roveyayinevi.com.tr\/index.php\/urun\/sivas-ve-cevresinde-hayatin-cesitli-safhalariyla-ilgili-batil-inanclarin-ve-buyusel-islemlerin-etnolojik-tetkiki\/"},"modified":"2026-04-16T02:17:37","modified_gmt":"2026-04-15T23:17:37","slug":"sivas-ve-cevresinde-hayatin-cesitli-safhalariyla-ilgili-batil-inanclarin-ve-buyusel-islemlerin-etnolojik-tetkiki","status":"publish","type":"product","link":"https:\/\/roveyayinevi.com.tr\/index.php\/urun\/sivas-ve-cevresinde-hayatin-cesitli-safhalariyla-ilgili-batil-inanclarin-ve-buyusel-islemlerin-etnolojik-tetkiki\/","title":{"rendered":"Sivas Ve \u00c7evresinde Hayat\u0131n \u00c7e\u015fitli Safhalar\u0131yla \u0130lgili Bat\u0131l \u0130nan\u00e7lar\u0131n ve B\u00fcy\u00fcsel \u0130\u015flemlerin Etnolojik Tetkiki"},"content":{"rendered":"<p>\u0130\u00e7indekiler:\u0130lkel D\u00fc\u015f\u00fcnce ve \u0130lkel ZihniyetBat\u0131l \u0130nanmaB\u00fcy\u00fcDo\u011fum\u00c7ocukEvlenme\u00d6l\u00fcmG\u00f6ksel Olaylarla \u0130lgili \u0130nanmalarHalk Hekimli\u011fiEv ile \u0130lgili \u0130nanmalarV\u00fccudun Uzuvlar\u0131yla \u0130lgili \u0130nanmalarBedensel \u00d6zelliklerle \u0130lgili \u0130nanmalarHayvanlarla \u0130lgili \u0130nanmalar <\/p>\n","protected":false},"excerpt":{"rendered":"<p>\u0130\u00e7indekiler:\u0130lkel D\u00fc\u015f\u00fcnce ve \u0130lkel ZihniyetBat\u0131l \u0130nanmaB\u00fcy\u00fcDo\u011fum\u00c7ocukEvlenme\u00d6l\u00fcmG\u00f6ksel Olaylarla \u0130lgili \u0130nanmalarHalk Hekimli\u011fiEv ile \u0130lgili \u0130nanmalarV\u00fccudun Uzuvlar\u0131yla \u0130lgili \u0130nanmalarBedensel \u00d6zelliklerle \u0130lgili \u0130nanmalarHayvanlarla \u0130lgili \u0130nanmalar<\/p>\n","protected":false},"featured_media":0,"template":"","meta":{"_monsterinsights_skip_tracking":false,"_monsterinsights_sitenote_active":false,"_monsterinsights_sitenote_note":"","_monsterinsights_sitenote_category":0},"product_brand":[],"product_cat":[12835,12324],"product_tag":[],"class_list":{"0":"post-708967","1":"product","2":"type-product","3":"status-publish","5":"product_cat-genel-sosyoloji","6":"product_cat-sosyoloji","7":"pa_cilt-ciltsiz","8":"pa_tur-kitap","9":"pa_yayinevi-bilgesu-yayincilik","10":"pa_yazar-sedat-veyis-ornek","12":"first","13":"instock","14":"sale","15":"shipping-taxable","16":"purchasable","17":"product-type-simple"},"_links":{"self":[{"href":"https:\/\/roveyayinevi.com.tr\/index.php\/wp-json\/wp\/v2\/product\/708967","targetHints":{"allow":["GET"]}}],"collection":[{"href":"https:\/\/roveyayinevi.com.tr\/index.php\/wp-json\/wp\/v2\/product"}],"about":[{"href":"https:\/\/roveyayinevi.com.tr\/index.php\/wp-json\/wp\/v2\/types\/product"}],"wp:attachment":[{"href":"https:\/\/roveyayinevi.com.tr\/index.php\/wp-json\/wp\/v2\/media?parent=708967"}],"wp:term":[{"taxonomy":"product_brand","embeddable":true,"href":"https:\/\/roveyayinevi.com.tr\/index.php\/wp-json\/wp\/v2\/product_brand?post=708967"},{"taxonomy":"product_cat","embeddable":true,"href":"https:\/\/roveyayinevi.com.tr\/index.php\/wp-json\/wp\/v2\/product_cat?post=708967"},{"taxonomy":"product_tag","embeddable":true,"href":"https:\/\/roveyayinevi.com.tr\/index.php\/wp-json\/wp\/v2\/product_tag?post=708967"}],"curies":[{"name":"wp","href":"https:\/\/api.w.org\/{rel}","templated":true}]}}