{"id":708966,"date":"2025-08-27T16:20:06","date_gmt":"2025-08-27T13:20:06","guid":{"rendered":"https:\/\/roveyayinevi.com.tr\/index.php\/urun\/etnoloji-sozlugu\/"},"modified":"2026-04-16T02:17:37","modified_gmt":"2026-04-15T23:17:37","slug":"etnoloji-sozlugu","status":"publish","type":"product","link":"https:\/\/roveyayinevi.com.tr\/index.php\/urun\/etnoloji-sozlugu\/","title":{"rendered":"Etnoloji S\u00f6zl\u00fc\u011f\u00fc"},"content":{"rendered":"<p>Prof. Dr. Sedat Veyis \u00d6rnek taraf\u0131ndan haz\u0131rlanan Budunbilim Terimleri S\u00f6zl\u00fc\u011f\u00fc, 1973 y\u0131l\u0131nda yay\u0131mlanm\u0131\u015ft\u0131r. S\u00f6zl\u00fck, W. Hirschenberg&#8217;in W\u00f6rterbuch der V\u00f6lkerkunde adl\u0131 eseri temel kaynak al\u0131narak W. N\u00f6lle&#8217;nin Lexikon der V\u00f6lkerkunde, Ch. Winick&#8217;in Dictionary of Anthropology adl\u0131 eserleri ile bu alandaki di\u011fer \u00e7al\u0131\u015fmalardan yararlan\u0131larak olu\u015fturulmu\u015ftur. Budun biliminin (etnoloji) ba\u015fl\u0131ca konular\u0131na ait terimlere yer verilen eserde terimlerin tan\u0131mlar\u0131, onlar\u0131 olu\u015fturan ana \u00f6\u011felere a\u011f\u0131rl\u0131k verilerek yap\u0131lmaya \u00e7al\u0131\u015f\u0131lm\u0131\u015f; tan\u0131mlar\u0131 daha da a\u00e7\u0131k bir bi\u00e7imde anlatabilmek i\u00e7in \u00f6rnekler verilmi\u015ftir. 476 terimin yer ald\u0131\u011f\u0131 eserde; Almanca, Frans\u0131zca, \u0130ngilizce ve eski terimler dizinleri bulunmaktad\u0131r. <\/p>\n","protected":false},"excerpt":{"rendered":"<p>Prof. Dr. Sedat Veyis \u00d6rnek taraf\u0131ndan haz\u0131rlanan Budunbilim Terimleri S\u00f6zl\u00fc\u011f\u00fc, 1973 y\u0131l\u0131nda yay\u0131mlanm\u0131\u015ft\u0131r. S\u00f6zl\u00fck, W. Hirschenberg&#8217;in W\u00f6rterbuch der V\u00f6lkerkunde adl\u0131 eseri temel kaynak al\u0131narak W. N\u00f6lle&#8217;nin<span class=\"excerpt-hellip\"> [\u2026]<\/span><\/p>\n","protected":false},"featured_media":0,"template":"","meta":{"_monsterinsights_skip_tracking":false,"_monsterinsights_sitenote_active":false,"_monsterinsights_sitenote_note":"","_monsterinsights_sitenote_category":0},"product_brand":[],"product_cat":[15499,13488],"product_tag":[],"class_list":{"0":"post-708966","1":"product","2":"type-product","3":"status-publish","5":"product_cat-antropoloji","6":"product_cat-toplum-ve-insan","7":"pa_cilt-ciltsiz","8":"pa_tur-kitap","9":"pa_yayinevi-bilgesu-yayincilik","10":"pa_yazar-sedat-veyis-ornek","12":"first","13":"instock","14":"sale","15":"shipping-taxable","16":"purchasable","17":"product-type-simple"},"_links":{"self":[{"href":"https:\/\/roveyayinevi.com.tr\/index.php\/wp-json\/wp\/v2\/product\/708966","targetHints":{"allow":["GET"]}}],"collection":[{"href":"https:\/\/roveyayinevi.com.tr\/index.php\/wp-json\/wp\/v2\/product"}],"about":[{"href":"https:\/\/roveyayinevi.com.tr\/index.php\/wp-json\/wp\/v2\/types\/product"}],"wp:attachment":[{"href":"https:\/\/roveyayinevi.com.tr\/index.php\/wp-json\/wp\/v2\/media?parent=708966"}],"wp:term":[{"taxonomy":"product_brand","embeddable":true,"href":"https:\/\/roveyayinevi.com.tr\/index.php\/wp-json\/wp\/v2\/product_brand?post=708966"},{"taxonomy":"product_cat","embeddable":true,"href":"https:\/\/roveyayinevi.com.tr\/index.php\/wp-json\/wp\/v2\/product_cat?post=708966"},{"taxonomy":"product_tag","embeddable":true,"href":"https:\/\/roveyayinevi.com.tr\/index.php\/wp-json\/wp\/v2\/product_tag?post=708966"}],"curies":[{"name":"wp","href":"https:\/\/api.w.org\/{rel}","templated":true}]}}