{"id":708965,"date":"2025-08-27T16:20:06","date_gmt":"2025-08-27T13:20:06","guid":{"rendered":"https:\/\/roveyayinevi.com.tr\/index.php\/urun\/folklor-ve-edebiyat-1\/"},"modified":"2026-04-16T02:17:37","modified_gmt":"2026-04-15T23:17:37","slug":"folklor-ve-edebiyat-1","status":"publish","type":"product","link":"https:\/\/roveyayinevi.com.tr\/index.php\/urun\/folklor-ve-edebiyat-1\/","title":{"rendered":"Folklor ve Edebiyat 1"},"content":{"rendered":"<p>Konunun yetkin uzman\u0131 oldu\u011fu d\u00fcnyaca kabul edilmi\u015f olan Pertev Naili Boratav bu kitapta T\u00fcrk halk edebiyat\u0131n\u0131, a\u015f\u0131k edebiyat\u0131, destan-hikaye, meddahl\u0131k, masal, f\u0131kra, efsane, bilmece, atalars\u00f6z\u00fc, alk\u0131\u015f, karg\u0131\u015f, tekerleme, mani, t\u00fcrk\u00fc, seyirlik halk oyunlar\u0131 ba\u015fl\u0131klar\u0131 alt\u0131nda incelemektedir. <\/p>\n","protected":false},"excerpt":{"rendered":"<p>Konunun yetkin uzman\u0131 oldu\u011fu d\u00fcnyaca kabul edilmi\u015f olan Pertev Naili Boratav bu kitapta T\u00fcrk halk edebiyat\u0131n\u0131, a\u015f\u0131k edebiyat\u0131, destan-hikaye, meddahl\u0131k, masal, f\u0131kra, efsane, bilmece, atalars\u00f6z\u00fc, alk\u0131\u015f,<span class=\"excerpt-hellip\"> [\u2026]<\/span><\/p>\n","protected":false},"featured_media":0,"template":"","meta":{"_monsterinsights_skip_tracking":false,"_monsterinsights_sitenote_active":false,"_monsterinsights_sitenote_note":"","_monsterinsights_sitenote_category":0},"product_brand":[],"product_cat":[13489,13488],"product_tag":[],"class_list":{"0":"post-708965","1":"product","2":"type-product","3":"status-publish","5":"product_cat-populer-kultur","6":"product_cat-toplum-ve-insan","7":"pa_cilt-ciltsiz","8":"pa_tur-kitap","9":"pa_yayinevi-bilgesu-yayincilik","10":"pa_yazar-pertev-naili-boratav","12":"first","13":"instock","14":"sale","15":"shipping-taxable","16":"purchasable","17":"product-type-simple"},"_links":{"self":[{"href":"https:\/\/roveyayinevi.com.tr\/index.php\/wp-json\/wp\/v2\/product\/708965","targetHints":{"allow":["GET"]}}],"collection":[{"href":"https:\/\/roveyayinevi.com.tr\/index.php\/wp-json\/wp\/v2\/product"}],"about":[{"href":"https:\/\/roveyayinevi.com.tr\/index.php\/wp-json\/wp\/v2\/types\/product"}],"wp:attachment":[{"href":"https:\/\/roveyayinevi.com.tr\/index.php\/wp-json\/wp\/v2\/media?parent=708965"}],"wp:term":[{"taxonomy":"product_brand","embeddable":true,"href":"https:\/\/roveyayinevi.com.tr\/index.php\/wp-json\/wp\/v2\/product_brand?post=708965"},{"taxonomy":"product_cat","embeddable":true,"href":"https:\/\/roveyayinevi.com.tr\/index.php\/wp-json\/wp\/v2\/product_cat?post=708965"},{"taxonomy":"product_tag","embeddable":true,"href":"https:\/\/roveyayinevi.com.tr\/index.php\/wp-json\/wp\/v2\/product_tag?post=708965"}],"curies":[{"name":"wp","href":"https:\/\/api.w.org\/{rel}","templated":true}]}}