{"id":708963,"date":"2025-08-27T16:20:05","date_gmt":"2025-08-27T13:20:05","guid":{"rendered":"https:\/\/roveyayinevi.com.tr\/index.php\/urun\/efsane-dolu-anadolu\/"},"modified":"2026-04-16T02:17:37","modified_gmt":"2026-04-15T23:17:37","slug":"efsane-dolu-anadolu","status":"publish","type":"product","link":"https:\/\/roveyayinevi.com.tr\/index.php\/urun\/efsane-dolu-anadolu\/","title":{"rendered":"Efsane Dolu Anadolu"},"content":{"rendered":"<p>\u00c7ocuk edebiyat\u0131n\u0131n sevilen yazarlar\u0131ndan Mehmet G\u00fcler bu kitapta T\u00fcrkiye\u2019nin yedi y\u00f6resinden derledi\u011fi birbirinden g\u00fczel efsaneleri kendine has yorumu ve ak\u0131c\u0131 anlat\u0131m\u0131yla okurlarla payla\u015f\u0131yor.Anadolu k\u00fclt\u00fcrler diyar\u0131, binlerce y\u0131ll\u0131k ge\u00e7mi\u015fi olan bir medeniyetler be\u015fi\u011fidir. Bu topraklarda ye\u015fermi\u015f efsaneler de yurdumuz gibi yedi zamanl\u0131d\u0131r, yedi iklimlidir, yedi renklidir&#8230;Ne\u015feyle \u00e7al\u0131nan kemen\u00e7eden maniler e\u015fli\u011finde oynanan \u00e7ayda \u00e7\u0131ra halay\u0131na dek dilimize, zihnimize, kalbimize i\u015flemi\u015f de\u011ferlerimizi yak\u0131ndan tan\u0131mak i\u00e7in bu topraklar\u0131n insanlar\u0131n\u0131 ve k\u00fclt\u00fcr\u00fcn\u00fc yans\u0131tan efsaneleri bilmeliyiz. <\/p>\n","protected":false},"excerpt":{"rendered":"<p>\u00c7ocuk edebiyat\u0131n\u0131n sevilen yazarlar\u0131ndan Mehmet G\u00fcler bu kitapta T\u00fcrkiye\u2019nin yedi y\u00f6resinden derledi\u011fi birbirinden g\u00fczel efsaneleri kendine has yorumu ve ak\u0131c\u0131 anlat\u0131m\u0131yla okurlarla payla\u015f\u0131yor.Anadolu k\u00fclt\u00fcrler diyar\u0131, binlerce<span class=\"excerpt-hellip\"> [\u2026]<\/span><\/p>\n","protected":false},"featured_media":0,"template":"","meta":{"_monsterinsights_skip_tracking":false,"_monsterinsights_sitenote_active":false,"_monsterinsights_sitenote_note":"","_monsterinsights_sitenote_category":0},"product_brand":[],"product_cat":[12275,12274],"product_tag":[],"class_list":{"0":"post-708963","1":"product","2":"type-product","3":"status-publish","5":"product_cat-6-12-yas-kitaplari","6":"product_cat-cocuk-ve-genclik-kitaplari","7":"pa_cilt-ciltsiz","8":"pa_tur-kitap","9":"pa_yayinevi-dogan-egmont-yayincilik","10":"pa_yazar-mehmet-guler","12":"first","13":"instock","14":"sale","15":"shipping-taxable","16":"purchasable","17":"product-type-simple"},"_links":{"self":[{"href":"https:\/\/roveyayinevi.com.tr\/index.php\/wp-json\/wp\/v2\/product\/708963","targetHints":{"allow":["GET"]}}],"collection":[{"href":"https:\/\/roveyayinevi.com.tr\/index.php\/wp-json\/wp\/v2\/product"}],"about":[{"href":"https:\/\/roveyayinevi.com.tr\/index.php\/wp-json\/wp\/v2\/types\/product"}],"wp:attachment":[{"href":"https:\/\/roveyayinevi.com.tr\/index.php\/wp-json\/wp\/v2\/media?parent=708963"}],"wp:term":[{"taxonomy":"product_brand","embeddable":true,"href":"https:\/\/roveyayinevi.com.tr\/index.php\/wp-json\/wp\/v2\/product_brand?post=708963"},{"taxonomy":"product_cat","embeddable":true,"href":"https:\/\/roveyayinevi.com.tr\/index.php\/wp-json\/wp\/v2\/product_cat?post=708963"},{"taxonomy":"product_tag","embeddable":true,"href":"https:\/\/roveyayinevi.com.tr\/index.php\/wp-json\/wp\/v2\/product_tag?post=708963"}],"curies":[{"name":"wp","href":"https:\/\/api.w.org\/{rel}","templated":true}]}}