{"id":708960,"date":"2025-08-27T16:20:04","date_gmt":"2025-08-27T13:20:04","guid":{"rendered":"https:\/\/roveyayinevi.com.tr\/index.php\/urun\/ulusal-spor\/"},"modified":"2026-04-16T02:17:37","modified_gmt":"2026-04-15T23:17:37","slug":"ulusal-spor","status":"publish","type":"product","link":"https:\/\/roveyayinevi.com.tr\/index.php\/urun\/ulusal-spor\/","title":{"rendered":"Ulusal Spor"},"content":{"rendered":"<p>&#8220;Sporun, be\u015f bin y\u0131ld\u0131r amuda kalkt\u0131\u011f\u0131, bazen i\u011fdi\u015f edilip binlerce y\u0131l efendilerinin \u00e7\u0131kar\u0131na k\u00f6lele\u015ftirildi\u011fi, bazen feodal beylerin yasaklad\u0131\u011f\u0131, yok sayd\u0131\u011f\u0131, son 100 y\u0131ld\u0131r da sermayenin egemenli\u011fine tutsak edilen spor olgusu, art\u0131k ya\u015fama, insan\u0131n hizmetine d\u00f6nmek \u00fczeredir. \u0130lkel insan\u0131n kendini bir ifade arac\u0131, bir var olu\u015f ko\u015fulu olan spor k\u00fclt\u00fcr\u00fc, binlerce y\u0131ll\u0131k yabanc\u0131la\u015fma s\u00fcrecinden kurtulman\u0131n e\u015fi\u011fine gelmi\u015ftir. Ne yaz\u0131k ki, y\u00fczy\u0131l\u0131m\u0131z\u0131n sporu, b\u00fct\u00fcn d\u00f6nemlere ta\u015f \u00e7\u0131kartan kara bir y\u00fczy\u0131l sporu olmu\u015ftur.&#8221; \u0130smail Karali, bu kitab\u0131nda, k\u00fcresel sermaye taraf\u0131ndan devasa end\u00fcstriye d\u00f6n\u00fc\u015ft\u00fcr\u00fclen Spor \u0130mparatorlu\u011fu&#8217;nun \u00fczerine y\u00fcr\u00fcyor. Sporun sonsuz d\u00fcnyas\u0131ndan ya\u015fam\u0131n \u00f6z\u00fcne bakarak, ba\u015far\u0131n\u0131n parayla kazan\u0131lmad\u0131\u011f\u0131 bir sistem i\u00e7inde ger\u00e7ek spor olgusunu yakalamaya \u00e7al\u0131\u015f\u0131yor. Ulusal Spor \/ Sporun Manifestosu, 5 ana b\u00f6l\u00fcme ayr\u0131l\u0131yor: Birinci b\u00f6l\u00fcmde, d\u00fcnya spor modelleri tan\u0131t\u0131l\u0131yor. \u0130kinci b\u00f6l\u00fcmde, kapitalist-emperyalist d\u00f6nemde spor k\u00fclt\u00fcr\u00fcn\u00fcn konumu \u00e7iziliyor. \u00dc\u00e7\u00fcnc\u00fc b\u00f6l\u00fcmde, \u0131rk\u00e7\u0131l\u0131\u011f\u0131n spora verdi\u011fi zararlar anlat\u0131l\u0131yor. D\u00f6rd\u00fcnc\u00fc b\u00f6l\u00fcmde, Cumhuriyet spor k\u00fclt\u00fcr\u00fcn\u00fcn analizi yap\u0131l\u0131yor. Be\u015finci b\u00f6l\u00fcmde, emperyalist spor ve seyirci psikolojisi ayr\u0131nt\u0131lar\u0131yla belirtiliyor. Yol ayr\u0131m\u0131na giren T\u00fcrkiye&#8217;de, barbarl\u0131\u011f\u0131n ya da uygarl\u0131\u011f\u0131n ko\u015fullar\u0131n\u0131n belirleyece\u011fi bir d\u00fcnyada; sporun ge\u00e7mi\u015ften gelece\u011fe giden yol haritas\u0131n\u0131 g\u00f6rebilmek i\u00e7in bu kitab\u0131 okuyun. <\/p>\n","protected":false},"excerpt":{"rendered":"<p>&#8220;Sporun, be\u015f bin y\u0131ld\u0131r amuda kalkt\u0131\u011f\u0131, bazen i\u011fdi\u015f edilip binlerce y\u0131l efendilerinin \u00e7\u0131kar\u0131na k\u00f6lele\u015ftirildi\u011fi, bazen feodal beylerin yasaklad\u0131\u011f\u0131, yok sayd\u0131\u011f\u0131, son 100 y\u0131ld\u0131r da sermayenin egemenli\u011fine<span class=\"excerpt-hellip\"> [\u2026]<\/span><\/p>\n","protected":false},"featured_media":0,"template":"","meta":{"_monsterinsights_skip_tracking":false,"_monsterinsights_sitenote_active":false,"_monsterinsights_sitenote_note":"","_monsterinsights_sitenote_category":0},"product_brand":[],"product_cat":[15563,15564],"product_tag":[],"class_list":{"0":"post-708960","1":"product","2":"type-product","3":"status-publish","5":"product_cat-hobi","6":"product_cat-spor","7":"pa_cilt-ciltsiz","8":"pa_tur-kitap","9":"pa_yayinevi-asya-safak-yayinlari","10":"pa_yazar-ismail-karali","12":"first","13":"instock","14":"sale","15":"shipping-taxable","16":"purchasable","17":"product-type-simple"},"_links":{"self":[{"href":"https:\/\/roveyayinevi.com.tr\/index.php\/wp-json\/wp\/v2\/product\/708960","targetHints":{"allow":["GET"]}}],"collection":[{"href":"https:\/\/roveyayinevi.com.tr\/index.php\/wp-json\/wp\/v2\/product"}],"about":[{"href":"https:\/\/roveyayinevi.com.tr\/index.php\/wp-json\/wp\/v2\/types\/product"}],"wp:attachment":[{"href":"https:\/\/roveyayinevi.com.tr\/index.php\/wp-json\/wp\/v2\/media?parent=708960"}],"wp:term":[{"taxonomy":"product_brand","embeddable":true,"href":"https:\/\/roveyayinevi.com.tr\/index.php\/wp-json\/wp\/v2\/product_brand?post=708960"},{"taxonomy":"product_cat","embeddable":true,"href":"https:\/\/roveyayinevi.com.tr\/index.php\/wp-json\/wp\/v2\/product_cat?post=708960"},{"taxonomy":"product_tag","embeddable":true,"href":"https:\/\/roveyayinevi.com.tr\/index.php\/wp-json\/wp\/v2\/product_tag?post=708960"}],"curies":[{"name":"wp","href":"https:\/\/api.w.org\/{rel}","templated":true}]}}