{"id":708959,"date":"2025-08-27T16:20:03","date_gmt":"2025-08-27T13:20:03","guid":{"rendered":"https:\/\/roveyayinevi.com.tr\/index.php\/urun\/siyah-inci-5\/"},"modified":"2026-04-16T02:17:37","modified_gmt":"2026-04-15T23:17:37","slug":"siyah-inci-5","status":"publish","type":"product","link":"https:\/\/roveyayinevi.com.tr\/index.php\/urun\/siyah-inci-5\/","title":{"rendered":"Siyah \u0130nci"},"content":{"rendered":"<p>\u00c7ok g\u00fczel yumu\u015fak siyah t\u00fcyleri, beyaz toyna\u011f\u0131 ve aln\u0131nda beyaz bir y\u0131ld\u0131z\u0131 olan bir at\u0131n, Siyah \u0130nci&#8217;nin ya\u015fam ser\u00fcveninin, hayal k\u0131r\u0131kl\u0131klar\u0131n\u0131n ve mutluluklar\u0131n\u0131n hik\u00e2yesi\u2026 Belki de t\u00fcm zamanlar\u0131n en \u00e7ok okunan hayvan \u00f6yk\u00fclerinden biri. <\/p>\n","protected":false},"excerpt":{"rendered":"<p>\u00c7ok g\u00fczel yumu\u015fak siyah t\u00fcyleri, beyaz toyna\u011f\u0131 ve aln\u0131nda beyaz bir y\u0131ld\u0131z\u0131 olan bir at\u0131n, Siyah \u0130nci&#8217;nin ya\u015fam ser\u00fcveninin, hayal k\u0131r\u0131kl\u0131klar\u0131n\u0131n ve mutluluklar\u0131n\u0131n hik\u00e2yesi\u2026 Belki de<span class=\"excerpt-hellip\"> [\u2026]<\/span><\/p>\n","protected":false},"featured_media":0,"template":"","meta":{"_monsterinsights_skip_tracking":false,"_monsterinsights_sitenote_active":false,"_monsterinsights_sitenote_note":"","_monsterinsights_sitenote_category":0},"product_brand":[],"product_cat":[12274,12467],"product_tag":[],"class_list":{"0":"post-708959","1":"product","2":"type-product","3":"status-publish","5":"product_cat-cocuk-ve-genclik-kitaplari","6":"product_cat-dunya-klasikleri","7":"pa_cilt-ciltsiz","8":"pa_tur-kitap","9":"pa_yayinevi-bilgi-yayinevi-cocuk","10":"pa_yazar-anna-sewell","12":"first","13":"instock","14":"sale","15":"shipping-taxable","16":"purchasable","17":"product-type-simple"},"_links":{"self":[{"href":"https:\/\/roveyayinevi.com.tr\/index.php\/wp-json\/wp\/v2\/product\/708959","targetHints":{"allow":["GET"]}}],"collection":[{"href":"https:\/\/roveyayinevi.com.tr\/index.php\/wp-json\/wp\/v2\/product"}],"about":[{"href":"https:\/\/roveyayinevi.com.tr\/index.php\/wp-json\/wp\/v2\/types\/product"}],"wp:attachment":[{"href":"https:\/\/roveyayinevi.com.tr\/index.php\/wp-json\/wp\/v2\/media?parent=708959"}],"wp:term":[{"taxonomy":"product_brand","embeddable":true,"href":"https:\/\/roveyayinevi.com.tr\/index.php\/wp-json\/wp\/v2\/product_brand?post=708959"},{"taxonomy":"product_cat","embeddable":true,"href":"https:\/\/roveyayinevi.com.tr\/index.php\/wp-json\/wp\/v2\/product_cat?post=708959"},{"taxonomy":"product_tag","embeddable":true,"href":"https:\/\/roveyayinevi.com.tr\/index.php\/wp-json\/wp\/v2\/product_tag?post=708959"}],"curies":[{"name":"wp","href":"https:\/\/api.w.org\/{rel}","templated":true}]}}