{"id":708956,"date":"2025-08-27T16:20:02","date_gmt":"2025-08-27T13:20:02","guid":{"rendered":"https:\/\/roveyayinevi.com.tr\/index.php\/urun\/eskizci\/"},"modified":"2026-04-16T02:17:37","modified_gmt":"2026-04-15T23:17:37","slug":"eskizci","status":"publish","type":"product","link":"https:\/\/roveyayinevi.com.tr\/index.php\/urun\/eskizci\/","title":{"rendered":"Eskizci"},"content":{"rendered":"<p>&#8220;M\u00fckemmel d\u00fczeyde e\u011flenceli, acayip bir ilk roman&#8221; -The Times- &#8220;Ya\u015fam\u0131n k\u0131r\u0131lan par\u00e7alar\u0131 her zaman onar\u0131lmasa da, i\u015fler hala idere etmekten daha iyi durumdad\u0131r.&#8221; -The Independent- &#8220;Komik, samimi ve cezbedici bir roman&#8230; Skid keskin bir g\u00f6zlemci, biraz a\u00e7\u0131kg\u00f6z ve hin -k\u0131smen Scout Finch, k\u0131smen Huckleberry Finn, k\u0131smen de Bart Simpson- fakat yine de hayret verici derecede \u015fiirsel&#8230;&#8221; -The Bookseller- &#8220;Batakl\u0131kta ya\u015fayan bir grup insan\u0131n bat\u0131l inan\u00e7lar\u0131 ve b\u00fcy\u00fcc\u00fcl\u00fckleri ile ilgili, n\u00fckteci bir Mark Twain tarz\u0131 e\u011flence.&#8221; -The Spectator- &#8220;Ergen bir \u00e7ocu\u011fun a\u011fz\u0131ndan m\u00fcthi\u015f tasvirler ve halk k\u00fclt\u00fcr\u00fcnden beslenen masals\u0131 hikayelerle, hayat\u0131n canl\u0131 ve keyifli bir anlat\u0131m\u0131.&#8221; -The Literary Review- <\/p>\n","protected":false},"excerpt":{"rendered":"<p>&#8220;M\u00fckemmel d\u00fczeyde e\u011flenceli, acayip bir ilk roman&#8221; -The Times- &#8220;Ya\u015fam\u0131n k\u0131r\u0131lan par\u00e7alar\u0131 her zaman onar\u0131lmasa da, i\u015fler hala idere etmekten daha iyi durumdad\u0131r.&#8221; -The Independent- &#8220;Komik,<span class=\"excerpt-hellip\"> [\u2026]<\/span><\/p>\n","protected":false},"featured_media":0,"template":"","meta":{"_monsterinsights_skip_tracking":false,"_monsterinsights_sitenote_active":false,"_monsterinsights_sitenote_note":"","_monsterinsights_sitenote_category":0},"product_brand":[],"product_cat":[12291,12711],"product_tag":[],"class_list":{"0":"post-708956","1":"product","2":"type-product","3":"status-publish","5":"product_cat-edebiyat","6":"product_cat-roman-oyku","7":"pa_cilt-ciltsiz","8":"pa_tur-kitap","9":"pa_yayinevi-geoturka-yayinevi","10":"pa_yazar-roland-watson","12":"first","13":"instock","14":"sale","15":"shipping-taxable","16":"purchasable","17":"product-type-simple"},"_links":{"self":[{"href":"https:\/\/roveyayinevi.com.tr\/index.php\/wp-json\/wp\/v2\/product\/708956","targetHints":{"allow":["GET"]}}],"collection":[{"href":"https:\/\/roveyayinevi.com.tr\/index.php\/wp-json\/wp\/v2\/product"}],"about":[{"href":"https:\/\/roveyayinevi.com.tr\/index.php\/wp-json\/wp\/v2\/types\/product"}],"wp:attachment":[{"href":"https:\/\/roveyayinevi.com.tr\/index.php\/wp-json\/wp\/v2\/media?parent=708956"}],"wp:term":[{"taxonomy":"product_brand","embeddable":true,"href":"https:\/\/roveyayinevi.com.tr\/index.php\/wp-json\/wp\/v2\/product_brand?post=708956"},{"taxonomy":"product_cat","embeddable":true,"href":"https:\/\/roveyayinevi.com.tr\/index.php\/wp-json\/wp\/v2\/product_cat?post=708956"},{"taxonomy":"product_tag","embeddable":true,"href":"https:\/\/roveyayinevi.com.tr\/index.php\/wp-json\/wp\/v2\/product_tag?post=708956"}],"curies":[{"name":"wp","href":"https:\/\/api.w.org\/{rel}","templated":true}]}}