{"id":708954,"date":"2025-08-27T16:20:01","date_gmt":"2025-08-27T13:20:01","guid":{"rendered":"https:\/\/roveyayinevi.com.tr\/index.php\/urun\/isin-icinde-bir-is-var\/"},"modified":"2026-04-02T02:22:59","modified_gmt":"2026-04-01T23:22:59","slug":"isin-icinde-bir-is-var","status":"publish","type":"product","link":"https:\/\/roveyayinevi.com.tr\/index.php\/urun\/isin-icinde-bir-is-var\/","title":{"rendered":"\u0130\u015fin \u0130\u00e7inde Bir \u0130\u015f Var"},"content":{"rendered":"<p>D\u00fcnyada 2.000.000 sat\u0131\u015f! Amazon&#8217;da 1 numara! D\u00fcnyan\u0131n en \u00f6nemli matematik bulmacalar\u0131 kitaplar\u0131ndan biri! Geoturka, efsanevi matematik bulmacalar\u0131 derlemesi &#8220;\u0130\u015fin \u0130\u00e7inde Bir \u0130\u015f Var\/Moskova Bulmacalar\u0131&#8221;n\u0131 sunar! E\u011flendirici, \u015fa\u015f\u0131rt\u0131c\u0131, d\u00fc\u015f\u00fcnd\u00fcr\u00fcc\u00fc ve k\u0131\u015fk\u0131rt\u0131c\u0131 matematik bulmacalar\u0131yla matemati\u011fe a\u015f\u0131k olaca\u011f\u0131n\u0131z haftalar, hatta aylar sizi bekliyor. Zek\u00e2n\u0131z\u0131n s\u0131n\u0131rlar\u0131n\u0131 test etmeye var m\u0131s\u0131n\u0131z? <\/p>\n","protected":false},"excerpt":{"rendered":"<p>D\u00fcnyada 2.000.000 sat\u0131\u015f! Amazon&#8217;da 1 numara! D\u00fcnyan\u0131n en \u00f6nemli matematik bulmacalar\u0131 kitaplar\u0131ndan biri! Geoturka, efsanevi matematik bulmacalar\u0131 derlemesi &#8220;\u0130\u015fin \u0130\u00e7inde Bir \u0130\u015f Var\/Moskova Bulmacalar\u0131&#8221;n\u0131 sunar! E\u011flendirici,<span class=\"excerpt-hellip\"> [\u2026]<\/span><\/p>\n","protected":false},"featured_media":0,"template":"","meta":{"_monsterinsights_skip_tracking":false,"_monsterinsights_sitenote_active":false,"_monsterinsights_sitenote_note":"","_monsterinsights_sitenote_category":0},"product_brand":[],"product_cat":[16943,15563],"product_tag":[],"class_list":{"0":"post-708954","1":"product","2":"type-product","3":"status-publish","5":"product_cat-bilmeceler-bulmacalar","6":"product_cat-hobi","7":"pa_cilt-ciltsiz","8":"pa_tur-kitap","9":"pa_yayinevi-geoturka-yayinevi","10":"pa_yazar-boris-kordemsky","12":"first","13":"outofstock","14":"sale","15":"shipping-taxable","16":"purchasable","17":"product-type-simple"},"_links":{"self":[{"href":"https:\/\/roveyayinevi.com.tr\/index.php\/wp-json\/wp\/v2\/product\/708954","targetHints":{"allow":["GET"]}}],"collection":[{"href":"https:\/\/roveyayinevi.com.tr\/index.php\/wp-json\/wp\/v2\/product"}],"about":[{"href":"https:\/\/roveyayinevi.com.tr\/index.php\/wp-json\/wp\/v2\/types\/product"}],"wp:attachment":[{"href":"https:\/\/roveyayinevi.com.tr\/index.php\/wp-json\/wp\/v2\/media?parent=708954"}],"wp:term":[{"taxonomy":"product_brand","embeddable":true,"href":"https:\/\/roveyayinevi.com.tr\/index.php\/wp-json\/wp\/v2\/product_brand?post=708954"},{"taxonomy":"product_cat","embeddable":true,"href":"https:\/\/roveyayinevi.com.tr\/index.php\/wp-json\/wp\/v2\/product_cat?post=708954"},{"taxonomy":"product_tag","embeddable":true,"href":"https:\/\/roveyayinevi.com.tr\/index.php\/wp-json\/wp\/v2\/product_tag?post=708954"}],"curies":[{"name":"wp","href":"https:\/\/api.w.org\/{rel}","templated":true}]}}