{"id":708952,"date":"2025-08-27T16:20:00","date_gmt":"2025-08-27T13:20:00","guid":{"rendered":"https:\/\/roveyayinevi.com.tr\/index.php\/urun\/bir-leonard-cohen-kitabi\/"},"modified":"2026-03-02T02:26:44","modified_gmt":"2026-03-01T23:26:44","slug":"bir-leonard-cohen-kitabi","status":"publish","type":"product","link":"https:\/\/roveyayinevi.com.tr\/index.php\/urun\/bir-leonard-cohen-kitabi\/","title":{"rendered":"Bir Leonard Cohen Kitab\u0131"},"content":{"rendered":"<p>Leonard cohen&#8217;in verdi\u011fi en \u00f6nemli r\u00f6portajlardan olu\u015fan &#8216;bir leonard cohen kitab\u0131&#8217; geoturka ile t\u00fcrk\u00e7ede! &#8216;Kafay\u0131 s\u0131y\u0131ran ve hayata d\u00f6nen, saf delilikle tan\u0131\u015fm\u0131\u015f herkes, sarho\u015flu\u011fu, halusinasyonu, gezegenlerin ve k\u00fcrelerin m\u00fczi\u011fini, sonsuz g\u00fc\u00e7, hayat ve tanr\u0131 fikrini bilir; bunlar da kafan\u0131z\u0131 u\u00e7urmaya yeter de artar.&#8217;\u015eark\u0131c\u0131, \u015fair, romanc\u0131, m\u00fcnzevi, hepsi&#8230; Leonard Cohen&#8217;den bahsediyoruz. &#8216;Yeniden d\u00fcnyaya gelseydiniz ne olmay\u0131 isterdiniz?&#8217; sorusuna &#8216;Leonard Cohen hari\u00e7 her \u015fey&#8217; cevab\u0131n\u0131 verebilen, &#8216;\u015eark\u0131lar\u0131m\u0131n her biri i\u00e7in gereken bedeli \u00f6dedim&#8217; diyen Cohen&#8217;den.Leonard Cohen kendisinden bahsederken bile nesnelli\u011fi elden b\u0131rakm\u0131yor ve ortaya aforizmalarla dolu muhte\u015fem bir kitap \u00e7\u0131k\u0131yor.Bayanlar, baylar, kar\u015f\u0131n\u0131zda Leonard Cohen! <\/p>\n","protected":false},"excerpt":{"rendered":"<p>Leonard cohen&#8217;in verdi\u011fi en \u00f6nemli r\u00f6portajlardan olu\u015fan &#8216;bir leonard cohen kitab\u0131&#8217; geoturka ile t\u00fcrk\u00e7ede! &#8216;Kafay\u0131 s\u0131y\u0131ran ve hayata d\u00f6nen, saf delilikle tan\u0131\u015fm\u0131\u015f herkes, sarho\u015flu\u011fu, halusinasyonu, gezegenlerin<span class=\"excerpt-hellip\"> [\u2026]<\/span><\/p>\n","protected":false},"featured_media":0,"template":"","meta":{"_monsterinsights_skip_tracking":false,"_monsterinsights_sitenote_active":false,"_monsterinsights_sitenote_note":"","_monsterinsights_sitenote_category":0},"product_brand":[],"product_cat":[14009,12291],"product_tag":[],"class_list":{"0":"post-708952","1":"product","2":"type-product","3":"status-publish","5":"product_cat-biyografi-otobiyografi-edebiyat","6":"product_cat-edebiyat","7":"pa_cilt-ciltsiz","8":"pa_tur-kitap","9":"pa_yayinevi-geoturka-yayinevi","10":"pa_yazar-jeff-burger","12":"first","13":"instock","14":"sale","15":"shipping-taxable","16":"purchasable","17":"product-type-simple"},"_links":{"self":[{"href":"https:\/\/roveyayinevi.com.tr\/index.php\/wp-json\/wp\/v2\/product\/708952","targetHints":{"allow":["GET"]}}],"collection":[{"href":"https:\/\/roveyayinevi.com.tr\/index.php\/wp-json\/wp\/v2\/product"}],"about":[{"href":"https:\/\/roveyayinevi.com.tr\/index.php\/wp-json\/wp\/v2\/types\/product"}],"wp:attachment":[{"href":"https:\/\/roveyayinevi.com.tr\/index.php\/wp-json\/wp\/v2\/media?parent=708952"}],"wp:term":[{"taxonomy":"product_brand","embeddable":true,"href":"https:\/\/roveyayinevi.com.tr\/index.php\/wp-json\/wp\/v2\/product_brand?post=708952"},{"taxonomy":"product_cat","embeddable":true,"href":"https:\/\/roveyayinevi.com.tr\/index.php\/wp-json\/wp\/v2\/product_cat?post=708952"},{"taxonomy":"product_tag","embeddable":true,"href":"https:\/\/roveyayinevi.com.tr\/index.php\/wp-json\/wp\/v2\/product_tag?post=708952"}],"curies":[{"name":"wp","href":"https:\/\/api.w.org\/{rel}","templated":true}]}}